{"id":61,"date":"2018-10-03T15:27:37","date_gmt":"2018-10-03T13:27:37","guid":{"rendered":"https:\/\/web.infn.it\/lab2go\/?page_id=61"},"modified":"2026-01-21T09:30:26","modified_gmt":"2026-01-21T08:30:26","slug":"scienze-della-terra","status":"publish","type":"page","link":"https:\/\/web.infn.it\/lab2go\/scienze-della-terra\/","title":{"rendered":"Scienze della Terra"},"content":{"rendered":"<p><img loading=\"lazy\" decoding=\"async\" class=\"alignnone size-full wp-image-198\" src=\"https:\/\/web.infn.it\/lab2go\/wp-content\/uploads\/2018\/10\/scienze-terra.png\" alt=\"\" width=\"50\" height=\"40\" \/><\/p>\n<p><strong>LAB2GO Scienze della Terra: edizione 2025\/2026<\/strong><\/p>\n<p><strong>PCTO PER LA PROMOZIONE E LA DIFFUSIONE DELLA PRATICA LABORATORIALE NELLA SCUOLA<\/strong><\/p>\n<p>&nbsp;<\/p>\n<p>OBIETTIVI<\/p>\n<p>Il progetto PCTO \u2013 LAB2GO \u00e8 finalizzato alla valorizzazione dei laboratori, dei musei e delle aree verdi delle scuole secondarie superiori, ed \u00e8 nato grazie all\u2019Istituto Nazionale di Fisica Nucleare (INFN) e alla Facolt\u00e0 di Scienze MM FF NN di Sapienza Universit\u00e0 di Roma (Dipartimento di Fisica, Dipartimento di Biologia Ambientale, Dipartimento di Biologia e Biotecnologie \u201cCharles Darwin\u201d, Dipartimento di Chimica, Dipartimento di Scienze della Terra), in collaborazione con il Dipartimento di Ingegneria informatica, automatica e gestionale e il Dipartimento di Storia Antropologia Religioni Arte Spettacolo dell\u2019Universit\u00e0 Sapienza, ed in collaborazione con enti di ricerca esterni quali ASI \u2013 Agenzia Spaziale Italiana e CREA \u2013 Consiglio per la ricerca in agricoltura e l\u2019analisi dell\u2019economia agraria.<\/p>\n<p>Il progetto \u00e8 rivolto alle scuole secondarie di secondo grado sul territorio nazionale.<\/p>\n<p>Il progetto ha i seguenti obiettivi:<\/p>\n<ul>\n<li>Valorizzazione del patrimonio scolastico esistente negli istituti di istruzione secondaria superiore coinvolte nel progetto;<\/li>\n<li>Promozione della didattica laboratoriale nelle scuole e condivisione di buone pratiche didattiche attraverso la realizzazione di materiali ed eventi aperti alla comunit\u00e0 scolastica e\/o ad un pubblico pi\u00f9 ampio;<\/li>\n<li>Formazione dei docenti alla pratica laboratoriale.<\/li>\n<\/ul>\n<p><strong>Lab2Go \u2013 Scienze della Terra, <\/strong>in particolare, ha lo scopo di far conoscere e valorizzare diversi elementi di interesse geologico presenti nei laboratori delle Scuole secondarie Superiori e\/o nel territorio che le ospita.<\/p>\n<p>La proposta \u00e8 cos\u00ec articolata:<\/p>\n<p><strong>\u201cDal territorio al laboratorio\u201d<\/strong><\/p>\n<p><strong>PERCORSO ROCCE &#8211; PAESAGGIO<\/strong><\/p>\n<p>Percorso volto a saper osservare ed interpretare l\u2019evoluzione geologica di un territorio ed aumentare la consapevolezza geografica dei luoghi. Tra gli obiettivi il censimento e il riconoscimento (sia macroscopico che microscopico) di collezioni di rocce gi\u00e0 presenti a scuola o prelevabili da uno o pi\u00f9 affioramenti di particolare interesse geologico, facendo esperienze sul campo nei pressi dell\u2019istituto scolastico. L\u2019attivit\u00e0 prevede inoltre la selezione di campioni rappresentativi su cui effettuare sezioni sottili osservabili al microscopio ottico.<\/p>\n<p>Durante il percorso verranno proposte attivit\u00e0 per affinare le capacit\u00e0 di reperimento di materiali scientifici adeguati e di esposizione dei contenuti anche in chiave divulgativa. Attivit\u00e0 collegata alla valorizzazione, alla promozione e alla geoconservazione di siti di interesse per il patrimonio geologico presenti in prossimit\u00e0 delle scuole.<\/p>\n<p>Tutti i percorsi prevedono la partecipazione ad un evento iniziale presso il Dipartimento di Scienze della Terra di Sapienza &#8211; Universit\u00e0 di Roma, lo svolgimento di seminari introduttivi e la realizzazione di WIKI a conclusione delle attivit\u00e0.<\/p>\n<p>&nbsp;<\/p>\n","protected":false},"excerpt":{"rendered":"<p>LAB2GO Scienze della Terra: edizione 2025\/2026 PCTO PER LA PROMOZIONE E LA DIFFUSIONE DELLA PRATICA LABORATORIALE NELLA SCUOLA &nbsp; OBIETTIVI Il progetto PCTO \u2013 LAB2GO \u00e8 finalizzato alla valorizzazione dei laboratori, dei musei e delle aree verdi delle scuole secondarie<\/p>\n","protected":false},"author":2,"featured_media":0,"parent":0,"menu_order":0,"comment_status":"closed","ping_status":"closed","template":"","meta":{"footnotes":""},"class_list":["post-61","page","type-page","status-publish","hentry"],"_links":{"self":[{"href":"https:\/\/web.infn.it\/lab2go\/wp-json\/wp\/v2\/pages\/61","targetHints":{"allow":["GET"]}}],"collection":[{"href":"https:\/\/web.infn.it\/lab2go\/wp-json\/wp\/v2\/pages"}],"about":[{"href":"https:\/\/web.infn.it\/lab2go\/wp-json\/wp\/v2\/types\/page"}],"author":[{"embeddable":true,"href":"https:\/\/web.infn.it\/lab2go\/wp-json\/wp\/v2\/users\/2"}],"replies":[{"embeddable":true,"href":"https:\/\/web.infn.it\/lab2go\/wp-json\/wp\/v2\/comments?post=61"}],"version-history":[{"count":8,"href":"https:\/\/web.infn.it\/lab2go\/wp-json\/wp\/v2\/pages\/61\/revisions"}],"predecessor-version":[{"id":1008,"href":"https:\/\/web.infn.it\/lab2go\/wp-json\/wp\/v2\/pages\/61\/revisions\/1008"}],"wp:attachment":[{"href":"https:\/\/web.infn.it\/lab2go\/wp-json\/wp\/v2\/media?parent=61"}],"curies":[{"name":"wp","href":"https:\/\/api.w.org\/{rel}","templated":true}]}}