{"id":743,"date":"2021-07-29T09:45:40","date_gmt":"2021-07-29T07:45:40","guid":{"rendered":"https:\/\/web.infn.it\/lab2go\/?page_id=743"},"modified":"2023-07-28T09:15:51","modified_gmt":"2023-07-28T07:15:51","slug":"edizioni-passate","status":"publish","type":"page","link":"https:\/\/web.infn.it\/lab2go\/edizioni-passate\/","title":{"rendered":"Edizioni passate"},"content":{"rendered":"<p>In questa sono riportate le informazioni relative alle passate edizioni di LAB2GO. Alcuni link potrebbero non essere pi\u00f9 attivi.<\/p>\n<p><strong>EDIZIONE 2022\/2023<\/strong><\/p>\n<p><strong>Evento conclusivo del progetto Lab2Go\u00a0 per l&#8217;A.S. 2022\/2023.<\/strong><\/p>\n<p>Lab2Go \u00e8 un progetto\u00a0<strong>PCTO<\/strong>\u00a0per la promozione di discipline\u00a0<strong>STEM<\/strong>\u00a0e per l&#8217;attivazione di una\u00a0<strong>rete Scuola-Universit\u00e0-Ricerca<\/strong>.<\/p>\n<p>Scopo dell&#8217;evento finale \u00e8\u00a0<strong>presentare le attivit\u00e0<\/strong>\u00a0svolte nell&#8217;ambito del progetto per tutte le discipline aderenti e\u00a0<strong>condividere esperienze e pratiche didattiche<\/strong>\u00a0con le scuole partecipanti.<\/p>\n<p>L&#8217;evento si terr\u00e0 il <strong>16 giugno 2023 <\/strong>\u00a0e sar\u00e0 ospitato presso l&#8217;Aula Magna del Rettorato dell&#8217;Universit\u00e0 di Roma Sapienza, e si compone sia di <strong>sessioni plenarie<\/strong>\u00a0nell&#8217;auditorio dell&#8217;Aula Magna, sia di una parte\u00a0<strong>exhibit<\/strong>, con postazioni allestite per le scuole partecipanti, durante la quale gli studenti potranno esporre le attivit\u00e0 svolte e illustrare il contributo della propria scuola (poster, dimostratori di esperimento) o potranno visitare le postazioni delle altre scuole. <strong>L&#8217;evento finale inizier\u00e0 alle ore 8.30 e terminer\u00e0 alle 17.30.<\/strong><\/p>\n<p>Tutti i dettagli sono disponibili al seguente link: <a href=\"https:\/\/agenda.infn.it\/event\/35769\/\" target=\"_blank\" rel=\"noopener\">https:\/\/agenda.infn.it\/event\/35769\/<\/a><\/p>\n<p>***************************<\/p>\n<p>Anche quest\u2019anno <strong>Sapienza<\/strong> e <strong>INFN<\/strong> propongono alle scuole il percorso <strong>PCTO \u201cLab2go\u201d<\/strong>, volto al potenziamento delle attivit\u00e0 laboratoriali nelle scuole su tutto il territorio nazionale. Nel corso degli anni \u00e8 stato accumulato molto materiale e molte esperienze che permettono oggi di offrire un ventaglio di possibilit\u00e0 che meglio che in passato si possono adattare alle esigenze delle singole scuole.<\/p>\n<p>Questa variet\u00e0 di offerta permette a ciascuna scuola partecipante di decidere, in base alle proprie disponibilit\u00e0, esigenze e capacit\u00e0, in quale modo procedere nell\u2019ambito di Lab2Go, definendo il percorso che meglio si adatti alla propria specificit\u00e0, per trarne il massimo vantaggio, contribuendo contestualmente alla promozione delle attivit\u00e0 laboratoriali del proprio istituto e allo sviluppo del complesso di attivit\u00e0 disponibili per le scuole.<\/p>\n<p>Per aumentare l\u2019offerta, quest\u2019anno sono stati coinvolti altri istituti di ricerca, il <strong>CNR<\/strong> (Consiglio Nazionale delle Ricerche), l\u2019<strong>ASI<\/strong> (Agenzia Spaziale Italiana), il <strong>CREA<\/strong> (Consiglio per la ricerca in Agricoltura e l\u2019analisi dell\u2019economia agraria) e <strong>ISPRA<\/strong> (Istituto Superiore per la Protezione e la Ricerca Ambientale), che andranno ad affiancare l\u2019attivit\u00e0 dei dipartimenti della facolt\u00e0 di Scienze Matematiche, fisiche e Naturali della Sapienza e dell\u2019 INFN (Istituto Nazionale di Fisica Nucleare), da sempre coinvolti nel progetto.<\/p>\n<p>Tutti i dettagli del progetto sono disponibili sul documento scaricabile dal link riportato in fondo alla presente mail. Per aderire al percorso, deve essere compilato il form indicato in fondo a questa mail entro e non oltre il\u00a0<b>23 settembre 2022.<\/b><\/p>\n<p><strong>Documento informativo:<br \/>\n<\/strong><a href=\"https:\/\/drive.google.com\/file\/d\/1rq9HmekmsdrB2LlnbvbMbSHuqP-7pjgf\/view?usp=sharing\" target=\"_blank\" rel=\"noopener\">https:\/\/drive.google.com\/file\/d\/1rq9HmekmsdrB2LlnbvbMbSHuqP-7pjgf\/view?usp=sharing<\/a><\/p>\n<div>\n<p><strong>Form per adesione:<\/strong> <a href=\"https:\/\/docs.google.com\/forms\/d\/e\/1FAIpQLSeHdTVc1ocWUHBgUh1xTlnELMOr_rlmHGUXCFJUMGPUJtUJ5w\/viewform\" target=\"_blank\" rel=\"noopener\">https:\/\/docs.google.com\/forms\/d\/e\/1FAIpQLSeHdTVc1ocWUHBgUh1xTlnELMOr_rlmHGUXCFJUMGPUJtUJ5w\/viewform<\/a><\/p>\n<\/div>\n<div><\/div>\n<p><strong>EDIZI<\/strong><strong>ONE 2021\/2022<\/strong><\/p>\n<p><a href=\"https:\/\/web.infn.it\/lab2go\/wp-content\/uploads\/2018\/11\/D3S3974-2018-06-15_3-\u00a9M.PERCIBALLI.jpg\" target=\"_blank\" rel=\"noopener noreferrer\"><img loading=\"lazy\" decoding=\"async\" class=\"alignnone size-full wp-image-860\" src=\"https:\/\/web.infn.it\/lab2go\/wp-content\/uploads\/2022\/06\/foto-finale-lab2go-2022-2-small.png\" alt=\"\" width=\"800\" height=\"800\" srcset=\"https:\/\/web.infn.it\/lab2go\/wp-content\/uploads\/2022\/06\/foto-finale-lab2go-2022-2-small.png 800w, https:\/\/web.infn.it\/lab2go\/wp-content\/uploads\/2022\/06\/foto-finale-lab2go-2022-2-small-300x300.png 300w, https:\/\/web.infn.it\/lab2go\/wp-content\/uploads\/2022\/06\/foto-finale-lab2go-2022-2-small-150x150.png 150w, https:\/\/web.infn.it\/lab2go\/wp-content\/uploads\/2022\/06\/foto-finale-lab2go-2022-2-small-768x768.png 768w, https:\/\/web.infn.it\/lab2go\/wp-content\/uploads\/2022\/06\/foto-finale-lab2go-2022-2-small-270x270.png 270w, https:\/\/web.infn.it\/lab2go\/wp-content\/uploads\/2022\/06\/foto-finale-lab2go-2022-2-small-230x230.png 230w\" sizes=\"auto, (max-width: 800px) 100vw, 800px\" \/><\/a><\/p>\n<p><span class=\"\">Il 9 giugno 2022 si \u00e8 svolto l&#8217;evento finale dell\u2019edizione 2021\/2022\u00a0<\/span><span class=\"\">del progetto LAB2GO di Roma. La partecipazione degli studenti \u00e8 stata molto numerosa e all&#8217;exibition oltre 30 scuole hanno presentato i propri\u00a0 progetti. <\/span>I progetti premiati sono stati quelli dell&#8217;Istituto Agrario G. Garibaldi di Roma (BOTANICA), del IIS E. Torricelli di Roma (ROBOTICA) e del Liceo Pietrobono di Alatri (FISICA).<\/p>\n<p><span class=\"\">Anche le atre sedi hanno svolto un evento finale e concluso le loro attivit\u00e0.<\/span><\/p>\n<p><a href=\"https:\/\/web.infn.it\/lab2go\/wp-content\/uploads\/2022\/01\/elenco-scuole-2021-2022.pdf\">Elenco delle scuole<\/a> che hanno aderito all&#8217;edizione 2021\/2022 di Lab2Go.<\/p>\n<p><strong>Responsabile nazionale del progetto:<\/strong><br \/>\nDr.ssa Pia Astone (INFN Roma)<\/p>\n<p><strong>Responsabile del progetto per &#8220;Sapienza&#8221; Universit\u00e0 di Roma:<\/strong><br \/>\nProf. Massimo Reverberi (Sapienza Universit\u00e0 di Roma)<\/p>\n<p><strong>Referente per le attivit\u00e0 wiki del progetto:<\/strong><br \/>\nDr.ssa Giulia De Bonis (INFN Roma)<\/p>\n<p><strong>Referente per il supporto informatico del progetto:<\/strong><br \/>\nDr. Francesco Safai Teherani (INFN Roma)<\/p>\n<p><strong>Referenti per le attivit\u00e0 organizzative:<\/strong><br \/>\nSig.ra Sonia Mozzillo (INFN Roma), Dr. Mauro Mancini (INFN Roma)<\/p>\n<p><span style=\"color: #ff0000;\"><strong>EDIZIONE 2020\/2021<\/strong><\/span><\/p>\n<p><span style=\"color: #ff0000;\"><strong>News:<\/strong><\/span> <a href=\"https:\/\/web.infn.it\/lab2go\/pon-scuola-destate-ecco-come-presentare-i-progetti-manuale-operativo-e-tutorial\/\">Pon: scuola d&#8217;estate<\/a><\/p>\n<p><a href=\"https:\/\/www.youtube.com\/playlist?list=PL33m23KgFTLsGQbdTYrgk_FA7DUOlAati\" target=\"_blank\" rel=\"noopener\"><strong>Video di tutti gli incontri di LAB2GO Fisica dell&#8217;edizione 2020\/2021<\/strong><\/a><\/p>\n<p><a href=\"https:\/\/web.infn.it\/lab2go\/wp-content\/uploads\/2021\/03\/elenco-scuole-4.pdf\" target=\"_blank\" rel=\"noopener\">Elenco delle scuole aderenti all&#8217;edizione 2020\/2021.<\/a><\/p>\n<p><span style=\"color: #ff0000;\"><strong>Richieste per l&#8217;accesso alla WIKI:<\/strong><\/span> le richieste di account e supporto per la wiki devono essere inviate <strong>esclusivamente<\/strong> a questo indirizzo: <strong><a href=\"mailto:wiki.lab2go@gmail.com\">wiki.lab2go@gmail.com<\/a><\/strong><\/p>\n<p>I dati degli studenti dovranno essere inseriti nell&#8217;apposito <strong><a href=\"https:\/\/web.infn.it\/lab2go\/wp-content\/uploads\/2019\/10\/richiesta-account-SCUOLA-CITTA-MATERIA.xlsx\">file excel<\/a><\/strong>, che dovr\u00e0 essere inviato all&#8217;indirizzo sopraindicato. Per eventuali modifiche o correzioni si prega di <span style=\"text-decoration: underline;\">inviare nuovamente l&#8217;intero file<\/span>.<\/p>\n<p>*****************************<\/p>\n<p><strong>A causa delle attuali restrizioni causa COVID e delle conseguenti regole molte attivit\u00e0 saranno svolte online. L\u2019evento iniziale per FISICA sar\u00e0 sicuramente online e in quella sede verranno spiegate in dettaglio le modalit\u00e0 generali proposte, lasciando poi libert\u00e0 organizzativa ai tutor e ai docenti delle singole scuole.<\/strong><\/p>\n<p>Link per aderire al progetto: <a href=\"https:\/\/forms.gle\/CLZSP3zZAxqM6vx36\" target=\"_blank\" rel=\"noopener noreferrer\">https:\/\/forms.gle\/CLZSP3zZAxqM6vx36<\/a><br \/>\n<span style=\"color: #ff0000;\">Il termine per aderire all&#8217;edizione 2020\/2021 sono scaduti il 25 settembre 2020.<\/span><br \/>\nRequisiti per la partecipazione: <a href=\"https:\/\/drive.google.com\/file\/d\/1qXyebwjup63JzrJuYfgkcvJydyIl6mkw\/\" target=\"_blank\" rel=\"noopener noreferrer\">https:\/\/drive.google.com\/file\/d\/1qXyebwjup63JzrJuYfgkcvJydyIl6mkw\/<\/a><\/p>\n<p><span style=\"color: #000000;\"><strong>EDIZIONE 2019\/2020<\/strong><\/span><\/p>\n<p><strong>News:<\/strong> A partire dal 29\/04 alcuni incontri LAB2GO di Fisica si svolgeranno on-line sulla piattaforma G-meet. Il calendario degli incontri \u00e8 disponibile nella pagina \u201cNews\u201d di LAB2GO-Fisica.<\/p>\n<p><a href=\"https:\/\/web.infn.it\/lab2go\/wiki-tutorial\/\"><strong>News: Video tutorial per l&#8217;uso della wiki.<\/strong><\/a><\/p>\n<div class=\"inner-wrap\">\n<div id=\"primary\">\n<p><strong>EDIZIONE 2018\/2019<\/strong><\/p>\n<p><a href=\"https:\/\/www.na.infn.it\/progetto-lab2go-infn-dip-di-fisica-liceo-l-b-alberti\" target=\"_blank\" rel=\"noopener noreferrer\">Evento finale di LAB2GO a Napoli<\/a><\/p>\n<p><a href=\"https:\/\/web.infn.it\/lab2go\/wp-content\/uploads\/2019\/05\/locandina-14-giugno-v1.pdf\">Poster dell&#8217;evento finale del 14 giugno 2019<\/a><\/p>\n<p><a href=\"https:\/\/agenda.infn.it\/event\/19113\/timetable\/#20190614\" target=\"_blank\" rel=\"noopener noreferrer\">Agenda dell&#8217;evento finale<\/a><\/p>\n<p><a href=\"https:\/\/web.infn.it\/lab2go\/wp-content\/uploads\/2019\/01\/Errori-CifreSignificative-Nov18.pdf\">Presentazione su &#8220;Errori e cifre significative&#8221;<\/a><\/p>\n<p><a href=\"https:\/\/www.dropbox.com\/s\/jblvhljwbusazwt\/LAB2GO-Nov18.pdf?dl=0\" target=\"_blank\" rel=\"noopener noreferrer\">Presentazione iniziale 2018-19 (inclusi \u201ccompiti per casa\u201d sulla WIKI)<\/a><\/p>\n<p><strong>EDIZIONE 2017\/2018<\/strong><\/p>\n<p><strong><a href=\"https:\/\/www.youtube.com\/watch?v=gvQdmbMu9zE&amp;feature=youtu.be\" target=\"_blank\" rel=\"noopener noreferrer\">Video di presentazione del progetto per l&#8217;a.s. 2017\/18.<\/a><\/strong><br \/>\n15 giugno 2018<br \/>\nAula Magna, &#8220;Sapienza&#8221; Univ. di Roma<br \/>\n<a href=\"https:\/\/agenda.infn.it\/conferenceOtherViews.py?view=standardshort&amp;confId=15604\" target=\"_blank\" rel=\"noopener noreferrer\">Programma<\/a><br \/>\n<a href=\"http:\/\/www.roma1.infn.it\/comunicazioni\/2018\/locandina-15-giugno-v3.pdf\">Poster<\/a><\/p>\n<p><strong>Documentazione dell&#8217;edizione 2016\/2017<\/strong><\/p>\n<p><a href=\"https:\/\/web.infn.it\/lab2go\/wp-content\/uploads\/2019\/05\/proceeding_EDULEARN17.pdf\" target=\"_blank\" rel=\"noopener noreferrer\">Article on the project<\/a><\/p>\n<p><a href=\"https:\/\/www.youtube.com\/watch?v=je4Eh9JkWow\" target=\"_blank\" rel=\"noopener noreferrer\">Video di presentazione del Progetto LAB2GO<\/a><\/p>\n<p><strong>Lab2go: gli obiettivi del progetto<br \/>\n<\/strong><em>Un aiuto alla diffusione della pratica laboratoriale nella scuola<\/em><\/p>\n<p><strong>Obiettivi:<\/strong> tre sono gli obiettivi che si intende perseguire in modo sequenziale:<\/p>\n<ol>\n<li>catalogazione e documentazione degli esperimenti scientifici realizzabili nei laboratori delle scuole superiori di secondo grado coinvolte nel progetto (SSS nel proseguo) e riparazione della strumentazione non funzionante ;<\/li>\n<li>aggiornamento dei docenti all\u2019interno delle scuole sugli esperimenti scientifici che si possono effettuare ;<\/li>\n<li>condivisione degli esperimenti con le scuole limitrofe. A tal fine e\u2019 cruciale l\u2019obiettivo 1, cioe\u2019 che sia possibile sapere dove sono le esperienze e che siano appropriatamente documentate.<\/li>\n<\/ol>\n<p><strong>Note<\/strong><\/p>\n<p><a href=\"https:\/\/agenda.infn.it\/event\/LAB2GO2017\">LAB2GO: un modo di fare rete &#8220;Scuola &#8211; Universita&#8217; e Ricerca &#8211; lavoro<\/a><\/p>\n<p><a href=\"https:\/\/web.infn.it\/lab2go\/wp-content\/uploads\/2019\/10\/MD_LAB2GO_141118.pdf\">Le attivit\u00e0 di ricerca dell&#8217;Istituto Nazionale di Fisica Nucleare<\/a><br \/>\n<em>(Dr.ssa Marcella Diemoz)<\/em><\/p>\n<\/div>\n<\/div>\n<p>&nbsp;<\/p>\n","protected":false},"excerpt":{"rendered":"<p>In questa sono riportate le informazioni relative alle passate edizioni di LAB2GO. Alcuni link potrebbero non essere pi\u00f9 attivi. EDIZIONE 2022\/2023 Evento conclusivo del progetto Lab2Go\u00a0 per l&#8217;A.S. 2022\/2023. Lab2Go \u00e8 un progetto\u00a0PCTO\u00a0per la promozione di discipline\u00a0STEM\u00a0e per l&#8217;attivazione di<\/p>\n","protected":false},"author":2,"featured_media":0,"parent":0,"menu_order":0,"comment_status":"closed","ping_status":"closed","template":"","meta":{"footnotes":""},"class_list":["post-743","page","type-page","status-publish","hentry"],"_links":{"self":[{"href":"https:\/\/web.infn.it\/lab2go\/wp-json\/wp\/v2\/pages\/743","targetHints":{"allow":["GET"]}}],"collection":[{"href":"https:\/\/web.infn.it\/lab2go\/wp-json\/wp\/v2\/pages"}],"about":[{"href":"https:\/\/web.infn.it\/lab2go\/wp-json\/wp\/v2\/types\/page"}],"author":[{"embeddable":true,"href":"https:\/\/web.infn.it\/lab2go\/wp-json\/wp\/v2\/users\/2"}],"replies":[{"embeddable":true,"href":"https:\/\/web.infn.it\/lab2go\/wp-json\/wp\/v2\/comments?post=743"}],"version-history":[{"count":3,"href":"https:\/\/web.infn.it\/lab2go\/wp-json\/wp\/v2\/pages\/743\/revisions"}],"predecessor-version":[{"id":934,"href":"https:\/\/web.infn.it\/lab2go\/wp-json\/wp\/v2\/pages\/743\/revisions\/934"}],"wp:attachment":[{"href":"https:\/\/web.infn.it\/lab2go\/wp-json\/wp\/v2\/media?parent=743"}],"curies":[{"name":"wp","href":"https:\/\/api.w.org\/{rel}","templated":true}]}}