{"id":817,"date":"2021-11-22T09:07:40","date_gmt":"2021-11-22T08:07:40","guid":{"rendered":"https:\/\/web.infn.it\/lab2go\/?page_id=817"},"modified":"2021-11-22T09:08:12","modified_gmt":"2021-11-22T08:08:12","slug":"informatica-e-robotica-passate-edizioni","status":"publish","type":"page","link":"https:\/\/web.infn.it\/lab2go\/informatica-e-robotica\/informatica-e-robotica-passate-edizioni\/","title":{"rendered":"Informatica e robotica: passate edizioni"},"content":{"rendered":"<p><img loading=\"lazy\" decoding=\"async\" class=\"alignnone size-full wp-image-199\" src=\"https:\/\/web.infn.it\/lab2go\/wp-content\/uploads\/2018\/10\/robotica.png\" alt=\"\" width=\"50\" height=\"40\" \/><\/p>\n<p><strong>LAB2GO INFORMATICA E ROBOTICA<\/strong><\/p>\n<p><a href=\"https:\/\/web.infn.it\/lab2go\/wp-content\/uploads\/2019\/11\/progettoLab2goRobotica2019-20.pdf\">Progetto LAB2GO Robotica e Informatica 2019-2020<\/a><\/p>\n<p class=\"\">Sono state fissate le date dei primi 4 incontri del progetto Lab2Go-Robotica:<\/p>\n<ul class=\"\">\n<li class=\"\"><b class=\"\">marted\u00ec 26 novembre<\/b>\u00a0dalle ore 14.30 alle 18.30 presso l\u2019aula magna del Dipartimento di Ingegneria Informatica, automatica e Gestionale (DIAG), via Ariosto 25, primo piano.<\/li>\n<li class=\"\"><b class=\"\">venerd\u00ec 6 dicembre<\/b>\u00a0dalle ore 14.30 alle 18.30 presso il laboratorio Colossus, Dipartimento di Informatica (DI), via Salaria 113, seminterrato.<\/li>\n<li class=\"\"><b class=\"\">venerd\u00ec 13 dicembre<\/b>\u00a0dalle ore 14.30 alle 18.30 presso il laboratorio Colossus, Dipartimento di Informatica (DI), via Salaria 113, seminterrato.<\/li>\n<li class=\"\"><b class=\"\">mercoled\u00ec 18 dicembre<\/b>\u00a0dalle ore 14.30 alle 18.30 presso il laboratorio Colossus, Dipartimento di Informatica (DI), via Salaria 113, seminterrato.<\/li>\n<\/ul>\n<p class=\"\">Per motivi organizzativi purtroppo queste 4 date non possono essere spostate.<br class=\"\" \/>Le 4 date di gennaio\/febbraio se possibile potranno venire incontro alle esigenze delle scuole.<\/p>\n<p>Sono invitati a partecipare agli incontri i docenti responsabili e il gruppo di 4 ragazzi\/e che avete selezionato per partecipare al progetto.<br class=\"\" \/>(\u00e8 bene che il gruppo sia formato da 4 ragazzi\/e della stessa classe evitando le 5\u00b0 che poi saranno molto impegnate con l\u2019esame di maturit\u00e0)<\/p>\n<div class=\"\"><\/div>\n<div class=\"\">Le scuole che lo desiderano possono progettare attivit\u00e0 parallele con un secondo team di studenti, che possono usare lo stesso robot o un altro robot MARRtino.<\/div>\n<div class=\"\">Attivit\u00e0 parallele dovranno essere svolte in autonomia (senza incontri programmati all\u2019universit\u00e0) sotto la guida dei ragazzi\/e che partecipano a Lab2GO o eventualmente dei ragazzi\/e che hanno partecipato ad attivit\u00e0 di robotica negli anni precedenti e con il supporto remoto dei tutor universitari.<\/div>\n<div class=\"\">Un esempio di attivit\u00e0 parallela pu\u00f2 essere la preparazione di un team per la partecipazione a competizioni robotiche studentesche (ad esempio, Nonnibot che si svolger\u00e0 durante la RomeCup ad aprile 2020).<\/div>\n<div class=\"\">In questo caso, le ore di PCTO potranno essere certificate dagli organizzatori delle competizioni (per RomeCup, Fondazione Mondo Digitale).<\/div>\n<div class=\"\">In caso di attivazione del secondo team, il secondo team \u00e8 invitato al primo incontro che sar\u00e0 di carattere generale e quindi utile a tutti i team.<\/div>\n<div class=\"\">Purtroppo, per limiti di spazio, non siamo in grado di ospitare altri studenti della scuola che non facciano parte dei suddetti team.<\/div>\n<div class=\"\">Si pregano le scuole che intendono attivare un secondo team di segnalarlo al pi\u00f9 presto e in ogni caso prima del primo incontro, specificando il tipo di attivit\u00e0 parallela e le modalit\u00e0 operative per il suo svolgimento.<\/div>\n<p><br class=\"\" \/>Ricordo che per partecipare al progetto\u00a0<u class=\"\">\u00e8 NECESSARIO possedere un kit robotico MARRtino entro la data del SECONDO incontro<\/u>\u00a0(<b class=\"\">venerd\u00ec 6 dicembre<\/b>).<br class=\"\" \/><br class=\"\" \/>Il kit MARRtino NON deve essere portato al primo incontro, ma sar\u00e0 sempre necessario per tutti gli altri 7 incontri.<\/p>\n","protected":false},"excerpt":{"rendered":"<p>LAB2GO INFORMATICA E ROBOTICA Progetto LAB2GO Robotica e Informatica 2019-2020 Sono state fissate le date dei primi 4 incontri del progetto Lab2Go-Robotica: marted\u00ec 26 novembre\u00a0dalle ore 14.30 alle 18.30 presso l\u2019aula magna del Dipartimento di Ingegneria Informatica, automatica e Gestionale<\/p>\n","protected":false},"author":2,"featured_media":0,"parent":63,"menu_order":0,"comment_status":"closed","ping_status":"closed","template":"","meta":{"footnotes":""},"class_list":["post-817","page","type-page","status-publish","hentry"],"_links":{"self":[{"href":"https:\/\/web.infn.it\/lab2go\/wp-json\/wp\/v2\/pages\/817","targetHints":{"allow":["GET"]}}],"collection":[{"href":"https:\/\/web.infn.it\/lab2go\/wp-json\/wp\/v2\/pages"}],"about":[{"href":"https:\/\/web.infn.it\/lab2go\/wp-json\/wp\/v2\/types\/page"}],"author":[{"embeddable":true,"href":"https:\/\/web.infn.it\/lab2go\/wp-json\/wp\/v2\/users\/2"}],"replies":[{"embeddable":true,"href":"https:\/\/web.infn.it\/lab2go\/wp-json\/wp\/v2\/comments?post=817"}],"version-history":[{"count":1,"href":"https:\/\/web.infn.it\/lab2go\/wp-json\/wp\/v2\/pages\/817\/revisions"}],"predecessor-version":[{"id":818,"href":"https:\/\/web.infn.it\/lab2go\/wp-json\/wp\/v2\/pages\/817\/revisions\/818"}],"up":[{"embeddable":true,"href":"https:\/\/web.infn.it\/lab2go\/wp-json\/wp\/v2\/pages\/63"}],"wp:attachment":[{"href":"https:\/\/web.infn.it\/lab2go\/wp-json\/wp\/v2\/media?parent=817"}],"curies":[{"name":"wp","href":"https:\/\/api.w.org\/{rel}","templated":true}]}}