{"id":1109,"date":"2021-11-19T10:36:48","date_gmt":"2021-11-19T09:36:48","guid":{"rendered":"https:\/\/web.infn.it\/labec\/?page_id=1109"},"modified":"2022-02-16T10:37:36","modified_gmt":"2022-02-16T09:37:36","slug":"materiali","status":"publish","type":"page","link":"https:\/\/web.infn.it\/labec\/home\/materiali\/","title":{"rendered":"Materiali"},"content":{"rendered":"\t\t<div data-elementor-type=\"wp-page\" data-elementor-id=\"1109\" class=\"elementor elementor-1109\" data-elementor-post-type=\"page\">\n\t\t\t\t\t\t<section class=\"elementor-section elementor-top-section elementor-element elementor-element-643a79d elementor-section-boxed elementor-section-height-default elementor-section-height-default\" data-id=\"643a79d\" data-element_type=\"section\" data-e-type=\"section\">\n\t\t\t\t\t\t<div class=\"elementor-container elementor-column-gap-default\">\n\t\t\t\t\t<div class=\"elementor-column elementor-col-100 elementor-top-column elementor-element elementor-element-454a05b\" data-id=\"454a05b\" data-element_type=\"column\" data-e-type=\"column\">\n\t\t\t<div class=\"elementor-widget-wrap elementor-element-populated\">\n\t\t\t\t\t\t<div class=\"elementor-element elementor-element-ced58bd elementor-widget elementor-widget-text-editor\" data-id=\"ced58bd\" data-element_type=\"widget\" data-e-type=\"widget\" data-widget_type=\"text-editor.default\">\n\t\t\t\t<div class=\"elementor-widget-container\">\n\t\t\t\t\t\t\t\t\t<h3>Materiali avanzati e innovativi rappresentano la chiave per le future applicazioni in sensoristica e in tecnologie quantistiche, come la memorizzazione di informazioni e la comunicazione quantistiche.<\/h3><div>Materiali con tali caratteristiche si possono ottenere per impiantazione di ioni, cio\u00e8 particelle cariche, in una matrice, con lo scopo di realizzare quelli che si chiamano emettitori di singolo fotone, anche detti <strong>centri di colore<\/strong>, capaci di assorbire ed emettere radiazione di una determinata lunghezza d&#8217;onda.\u00a0<\/div><div>\u00a0<\/div><div><p>Negli ultimi anni, l&#8217;interesse del LABEC si \u00e8 concentrato in particolare su <strong>impiantazioni di ioni di silicio<\/strong> (Si) in <strong>diamante<\/strong> (monocristalli intrinseci e drogati, membrane policristalline e nanocristalli). I &#8220;difetti&#8221; cos\u00ec ottenuti costituiscono i precursori per la formazione dei centri Silicio-Vacanza (SiV), da attivare successivamente per riscaldamento ad alta temperatura (fino a 1200\u00b0C) in alto vuoto o in atmosfera controllata.\u00a0<span style=\"font-family: Roboto, sans-serif; font-size: 15px; font-style: normal; color: var( --e-global-color-text ); font-weight: var( --e-global-typography-text-font-weight );\">L&#8217;apparato sperimentale installato al LABEC permette di realizzare impiantazioni con diverse risoluzioni spaziali, cio\u00e8 con diverse densit\u00e0 di centri, utilizzando anche diverse fluenze (numero totale di ioni per unit\u00e0 di superficie irraggiata), fino anche ad ottenere la trasformazione del diamante in materiale amorfo (grafitizzazione del diamante).\u00a0<\/span><\/p><p>\u00a0 \u00a0 \u00a0<\/p><\/div>\t\t\t\t\t\t\t\t<\/div>\n\t\t\t\t<\/div>\n\t\t\t\t<div class=\"elementor-element elementor-element-ecd5c33 elementor-widget elementor-widget-gallery\" data-id=\"ecd5c33\" data-element_type=\"widget\" data-e-type=\"widget\" data-settings=\"{&quot;lazyload&quot;:&quot;yes&quot;,&quot;gallery_layout&quot;:&quot;grid&quot;,&quot;columns&quot;:4,&quot;columns_tablet&quot;:2,&quot;columns_mobile&quot;:1,&quot;gap&quot;:{&quot;unit&quot;:&quot;px&quot;,&quot;size&quot;:10,&quot;sizes&quot;:[]},&quot;gap_tablet&quot;:{&quot;unit&quot;:&quot;px&quot;,&quot;size&quot;:10,&quot;sizes&quot;:[]},&quot;gap_mobile&quot;:{&quot;unit&quot;:&quot;px&quot;,&quot;size&quot;:10,&quot;sizes&quot;:[]},&quot;link_to&quot;:&quot;file&quot;,&quot;aspect_ratio&quot;:&quot;3:2&quot;,&quot;overlay_background&quot;:&quot;yes&quot;,&quot;content_hover_animation&quot;:&quot;fade-in&quot;}\" data-widget_type=\"gallery.default\">\n\t\t\t\t<div class=\"elementor-widget-container\">\n\t\t\t\t\t\t\t<div class=\"elementor-gallery__container\">\n\t\t\t\t\t\t\t<a class=\"e-gallery-item elementor-gallery-item elementor-animated-content\" href=\"https:\/\/web.infn.it\/labec\/wp-content\/uploads\/2021\/11\/fig_2_xNicla.jpg\" data-elementor-open-lightbox=\"yes\" data-elementor-lightbox-slideshow=\"ecd5c33\" data-elementor-lightbox-title=\"Schema della linea del deflettore elettrostatico, utilizzata per ottenere impiantazioni a bassissima fluenza. SL1,2,3: Fenditure di ingresso, intermedie e di uscita; QFC2: stazione di monitoraggio fotoluminescente (quarzo) ed elettrico (tazza di Faraday); XY-ST1,2: steerer magnetici direzione orizzontale e verticale; Q1-Q2: quadrupoli di focalizzazione; A: camera a vuoto 0,5 m3 ; B: schema elettrico dei circuiti di comando dei deflettori elettrostatici (posti in corrispondenza delle frecce sullo schema).\" data-e-action-hash=\"#elementor-action%3Aaction%3Dlightbox%26settings%3DeyJpZCI6MTExNiwidXJsIjoiaHR0cHM6XC9cL3dlYi5pbmZuLml0XC9sYWJlY1wvd3AtY29udGVudFwvdXBsb2Fkc1wvMjAyMVwvMTFcL2ZpZ18yX3hOaWNsYS5qcGciLCJzbGlkZXNob3ciOiJlY2Q1YzMzIn0%3D\">\n\t\t\t\t\t<div class=\"e-gallery-image elementor-gallery-item__image\" data-thumbnail=\"https:\/\/web.infn.it\/labec\/wp-content\/uploads\/2021\/11\/fig_2_xNicla-300x225.jpg\" data-width=\"300\" data-height=\"225\" aria-label=\"\" role=\"img\" ><\/div>\n\t\t\t\t\t\t\t\t\t\t\t<div class=\"elementor-gallery-item__overlay\"><\/div>\n\t\t\t\t\t\t\t\t\t\t\t\t\t\t<\/a>\n\t\t\t\t\t\t\t<a class=\"e-gallery-item elementor-gallery-item elementor-animated-content\" href=\"https:\/\/web.infn.it\/labec\/wp-content\/uploads\/2021\/11\/fig_3_xNicla.jpg\" data-elementor-open-lightbox=\"yes\" data-elementor-lightbox-slideshow=\"ecd5c33\" data-elementor-lightbox-title=\"In alto: cella fondamentale del difetto silicio-vacanza (in celeste: carbonio, bianco: vacanza, marrone: silicio). In basso: spettro di emissione di un singolo centro, si nota la caratteristica emissione a 738 nm della linea a zero fononi del SiV con una larghezza a mezza altezza di circa 1 nm a temperatura ambiente.\" data-e-action-hash=\"#elementor-action%3Aaction%3Dlightbox%26settings%3DeyJpZCI6MTExNywidXJsIjoiaHR0cHM6XC9cL3dlYi5pbmZuLml0XC9sYWJlY1wvd3AtY29udGVudFwvdXBsb2Fkc1wvMjAyMVwvMTFcL2ZpZ18zX3hOaWNsYS5qcGciLCJzbGlkZXNob3ciOiJlY2Q1YzMzIn0%3D\">\n\t\t\t\t\t<div class=\"e-gallery-image elementor-gallery-item__image\" data-thumbnail=\"https:\/\/web.infn.it\/labec\/wp-content\/uploads\/2021\/11\/fig_3_xNicla-276x300.jpg\" data-width=\"276\" data-height=\"300\" aria-label=\"\" role=\"img\" ><\/div>\n\t\t\t\t\t\t\t\t\t\t\t<div class=\"elementor-gallery-item__overlay\"><\/div>\n\t\t\t\t\t\t\t\t\t\t\t\t\t\t<\/a>\n\t\t\t\t\t\t\t<a class=\"e-gallery-item elementor-gallery-item elementor-animated-content\" href=\"https:\/\/web.infn.it\/labec\/wp-content\/uploads\/2021\/11\/fig_1_xNicla.jpg\" data-elementor-open-lightbox=\"yes\" data-elementor-lightbox-slideshow=\"ecd5c33\" data-elementor-lightbox-title=\"A sinistra, schema di impiantazione di una matrice ottenuta con pin-hole da 1 \uf06dm di diametro, con varie fluenze. A destra, scansione a bassa sensibilit\u00e0 dell\u2019emissione dei centri impiantati e attivati termicamente.\" data-e-action-hash=\"#elementor-action%3Aaction%3Dlightbox%26settings%3DeyJpZCI6MTExNSwidXJsIjoiaHR0cHM6XC9cL3dlYi5pbmZuLml0XC9sYWJlY1wvd3AtY29udGVudFwvdXBsb2Fkc1wvMjAyMVwvMTFcL2ZpZ18xX3hOaWNsYS5qcGciLCJzbGlkZXNob3ciOiJlY2Q1YzMzIn0%3D\">\n\t\t\t\t\t<div class=\"e-gallery-image elementor-gallery-item__image\" data-thumbnail=\"https:\/\/web.infn.it\/labec\/wp-content\/uploads\/2021\/11\/fig_1_xNicla-300x191.jpg\" data-width=\"300\" data-height=\"191\" aria-label=\"\" role=\"img\" ><\/div>\n\t\t\t\t\t\t\t\t\t\t\t<div class=\"elementor-gallery-item__overlay\"><\/div>\n\t\t\t\t\t\t\t\t\t\t\t\t\t\t<\/a>\n\t\t\t\t\t<\/div>\n\t\t\t\t\t<\/div>\n\t\t\t\t<\/div>\n\t\t\t\t\t<\/div>\n\t\t<\/div>\n\t\t\t\t\t<\/div>\n\t\t<\/section>\n\t\t\t\t<section class=\"elementor-section elementor-top-section elementor-element elementor-element-4f26152 elementor-section-boxed elementor-section-height-default elementor-section-height-default\" data-id=\"4f26152\" data-element_type=\"section\" data-e-type=\"section\">\n\t\t\t\t\t\t<div class=\"elementor-container elementor-column-gap-default\">\n\t\t\t\t\t<div class=\"elementor-column elementor-col-100 elementor-top-column elementor-element elementor-element-eaab013\" data-id=\"eaab013\" data-element_type=\"column\" data-e-type=\"column\">\n\t\t\t<div class=\"elementor-widget-wrap elementor-element-populated\">\n\t\t\t\t\t\t<div class=\"elementor-element elementor-element-c4f9048 elementor-widget elementor-widget-spacer\" data-id=\"c4f9048\" data-element_type=\"widget\" data-e-type=\"widget\" data-widget_type=\"spacer.default\">\n\t\t\t\t<div class=\"elementor-widget-container\">\n\t\t\t\t\t\t\t<div class=\"elementor-spacer\">\n\t\t\t<div class=\"elementor-spacer-inner\"><\/div>\n\t\t<\/div>\n\t\t\t\t\t\t<\/div>\n\t\t\t\t<\/div>\n\t\t\t\t\t<\/div>\n\t\t<\/div>\n\t\t\t\t\t<\/div>\n\t\t<\/section>\n\t\t\t\t<section class=\"elementor-section elementor-top-section elementor-element elementor-element-75dead8 elementor-section-boxed elementor-section-height-default elementor-section-height-default\" data-id=\"75dead8\" data-element_type=\"section\" data-e-type=\"section\">\n\t\t\t\t\t\t<div class=\"elementor-container elementor-column-gap-default\">\n\t\t\t\t\t<div class=\"elementor-column elementor-col-100 elementor-top-column elementor-element elementor-element-d330d3a\" data-id=\"d330d3a\" data-element_type=\"column\" data-e-type=\"column\">\n\t\t\t<div class=\"elementor-widget-wrap elementor-element-populated\">\n\t\t\t\t\t\t<div class=\"elementor-element elementor-element-cdfb1ad elementor-widget elementor-widget-text-editor\" data-id=\"cdfb1ad\" data-element_type=\"widget\" data-e-type=\"widget\" data-widget_type=\"text-editor.default\">\n\t\t\t\t<div class=\"elementor-widget-container\">\n\t\t\t\t\t\t\t\t\t<p><strong>Per approfondire:<\/strong><br \/>&#8211; profondit\u00e0 del campione in cui avviene l&#8217;impiantazione: 0 &#8211; 2.4 mm;<br \/>&#8211; fluenza:\u00a0<span style=\"font-family: Roboto, sans-serif; font-size: 15px; font-style: normal; color: var( --e-global-color-text ); font-weight: var( --e-global-typography-text-font-weight );\">10<\/span><span style=\"font-family: Roboto, sans-serif; font-style: normal; color: var( --e-global-color-text ); font-weight: var( --e-global-typography-text-font-weight ); font-size: 11.25px; height: 0px; line-height: 0; position: relative; bottom: 1ex;\">7<\/span><span style=\"font-family: Roboto, sans-serif; font-size: 15px; font-style: normal; color: var( --e-global-color-text ); font-weight: var( --e-global-typography-text-font-weight );\">-10<\/span><span style=\"font-family: Roboto, sans-serif; font-style: normal; color: var( --e-global-color-text ); font-weight: var( --e-global-typography-text-font-weight ); font-size: 11.25px; height: 0px; line-height: 0; position: relative; bottom: 1ex;\">15<\/span><span style=\"font-family: Roboto, sans-serif; font-size: 15px; font-style: normal; color: var( --e-global-color-text ); font-weight: var( --e-global-typography-text-font-weight );\">\u00a0ioni su cm<\/span><span style=\"font-family: Roboto, sans-serif; font-style: normal; color: var( --e-global-color-text ); font-weight: var( --e-global-typography-text-font-weight ); font-size: 11.25px; height: 0px; line-height: 0; position: relative; bottom: 1ex;\">2<\/span>;<br \/>&#8211; corrente del fascio di ioni incidenti: 10 nA\/mm2;<br \/>&#8211; resa di attivazione dei centri Si-V: 1-6%;<br \/>&#8211;\u00a0<span style=\"font-family: Roboto, sans-serif; font-size: 15px; font-style: normal; color: var( --e-global-color-text ); font-weight: var( --e-global-typography-text-font-weight );\">ottenuti emettitori di fotoni singoli con una durata nello stato eccitato molto breve (~1 ns), una forte riga di emissione zero-fonone con una larghezza di riga molto stretta a temperatura ambiente (~1.6 nm) e una dispersione in lunghezza d\u2019onda molto piccola (0.015 nm).<\/span><\/p>\t\t\t\t\t\t\t\t<\/div>\n\t\t\t\t<\/div>\n\t\t\t\t\t<\/div>\n\t\t<\/div>\n\t\t\t\t\t<\/div>\n\t\t<\/section>\n\t\t\t\t<\/div>\n\t\t","protected":false},"excerpt":{"rendered":"<p>Materiali avanzati e innovativi rappresentano la chiave per le future applicazioni in sensoristica e in tecnologie quantistiche, come la memorizzazione di informazioni e la comunicazione quantistiche. Materiali con tali caratteristiche si possono ottenere per impiantazione di ioni, cio\u00e8 particelle cariche, in una matrice, con lo scopo di realizzare quelli che si chiamano emettitori di singolo <a href=\"https:\/\/web.infn.it\/labec\/home\/materiali\/\" class=\"read-more inline\">Read More<\/a><\/p>\n","protected":false},"author":2,"featured_media":0,"parent":73,"menu_order":0,"comment_status":"closed","ping_status":"closed","template":"","meta":{"footnotes":""},"class_list":["post-1109","page","type-page","status-publish","hentry"],"_links":{"self":[{"href":"https:\/\/web.infn.it\/labec\/wp-json\/wp\/v2\/pages\/1109","targetHints":{"allow":["GET"]}}],"collection":[{"href":"https:\/\/web.infn.it\/labec\/wp-json\/wp\/v2\/pages"}],"about":[{"href":"https:\/\/web.infn.it\/labec\/wp-json\/wp\/v2\/types\/page"}],"author":[{"embeddable":true,"href":"https:\/\/web.infn.it\/labec\/wp-json\/wp\/v2\/users\/2"}],"replies":[{"embeddable":true,"href":"https:\/\/web.infn.it\/labec\/wp-json\/wp\/v2\/comments?post=1109"}],"version-history":[{"count":44,"href":"https:\/\/web.infn.it\/labec\/wp-json\/wp\/v2\/pages\/1109\/revisions"}],"predecessor-version":[{"id":1725,"href":"https:\/\/web.infn.it\/labec\/wp-json\/wp\/v2\/pages\/1109\/revisions\/1725"}],"up":[{"embeddable":true,"href":"https:\/\/web.infn.it\/labec\/wp-json\/wp\/v2\/pages\/73"}],"wp:attachment":[{"href":"https:\/\/web.infn.it\/labec\/wp-json\/wp\/v2\/media?parent=1109"}],"curies":[{"name":"wp","href":"https:\/\/api.w.org\/{rel}","templated":true}]}}