{"id":188,"date":"2021-04-28T11:28:01","date_gmt":"2021-04-28T09:28:01","guid":{"rendered":"https:\/\/web.infn.it\/labec\/?page_id=188"},"modified":"2024-04-23T11:50:03","modified_gmt":"2024-04-23T09:50:03","slug":"chi-siamo","status":"publish","type":"page","link":"https:\/\/web.infn.it\/labec\/chi-siamo\/","title":{"rendered":"Chi siamo"},"content":{"rendered":"\t\t<div data-elementor-type=\"wp-page\" data-elementor-id=\"188\" class=\"elementor elementor-188\" data-elementor-post-type=\"page\">\n\t\t\t\t\t\t<section class=\"elementor-section elementor-top-section elementor-element elementor-element-35f30e2c elementor-section-boxed elementor-section-height-default elementor-section-height-default\" data-id=\"35f30e2c\" data-element_type=\"section\" data-e-type=\"section\">\n\t\t\t\t\t\t<div class=\"elementor-container elementor-column-gap-default\">\n\t\t\t\t\t<div class=\"elementor-column elementor-col-100 elementor-top-column elementor-element elementor-element-7e21174a\" data-id=\"7e21174a\" data-element_type=\"column\" data-e-type=\"column\">\n\t\t\t<div class=\"elementor-widget-wrap elementor-element-populated\">\n\t\t\t\t\t\t<div class=\"elementor-element elementor-element-7862c882 elementor-widget elementor-widget-text-editor\" data-id=\"7862c882\" data-element_type=\"widget\" data-e-type=\"widget\" data-widget_type=\"text-editor.default\">\n\t\t\t\t<div class=\"elementor-widget-container\">\n\t\t\t\t\t\t\t\t\t<h4>Il LABEC, Laboratorio di tecniche nucleari per l&#8217;Ambiente e i BEni Culturali, \u00e8 un centro di riferimento per lo sviluppo di nuove tecnologie basate sull&#8217;uso di acceleratori e di radiazioni ionizzanti e per le loro applicazioni in contesti ambientali e di studio del patrimonio culturale. Il Laboratorio \u00e8 ospitato presso la <b>sezione di Firenze <\/b>dell&#8217;<b>Istituto Nazionale di Fisica Nucleare<\/b> (INFN) ed \u00e8 gestito insieme da personale dell&#8217;INFN e del <b>Dipartimento di Fisica e Astronomia<\/b> dell&#8217;<b>Universit\u00e0 di Firenze<\/b>.&nbsp;<\/h4>\t\t\t\t\t\t\t\t<\/div>\n\t\t\t\t<\/div>\n\t\t\t\t\t<\/div>\n\t\t<\/div>\n\t\t\t\t\t<\/div>\n\t\t<\/section>\n\t\t\t\t<section class=\"elementor-section elementor-top-section elementor-element elementor-element-857ad8d elementor-section-boxed elementor-section-height-default elementor-section-height-default\" data-id=\"857ad8d\" data-element_type=\"section\" data-e-type=\"section\">\n\t\t\t\t\t\t<div class=\"elementor-container elementor-column-gap-default\">\n\t\t\t\t\t<div class=\"elementor-column elementor-col-100 elementor-top-column elementor-element elementor-element-40a5137\" data-id=\"40a5137\" data-element_type=\"column\" data-e-type=\"column\">\n\t\t\t<div class=\"elementor-widget-wrap elementor-element-populated\">\n\t\t\t\t\t\t<div class=\"elementor-element elementor-element-50edef2 elementor-widget elementor-widget-text-editor\" data-id=\"50edef2\" data-element_type=\"widget\" data-e-type=\"widget\" data-widget_type=\"text-editor.default\">\n\t\t\t\t<div class=\"elementor-widget-container\">\n\t\t\t\t\t\t\t\t\t<p>Il LABEC, operativo dal 2004, nasce nei primi anni 2000 grazie ad un progetto speciale finanziato dall&#8217;INFN a seguito dell&#8217;esperienza che era stata maturata dal gruppo di <strong>fisica nucleare applicata<\/strong> della Sezione e del Dipartimento dell\u2019Universit\u00e0, gruppo che si \u00e8 dedicato allo sviluppo delle applicazioni delle tecniche nucleari fin dalla met\u00e0 degli anni \u201980, utilizzando nella storica sede di Arcetri un acceleratore elettrostatico Van de Graaff a singolo stadio da 3 MV.<\/p>\t\t\t\t\t\t\t\t<\/div>\n\t\t\t\t<\/div>\n\t\t\t\t\t<\/div>\n\t\t<\/div>\n\t\t\t\t\t<\/div>\n\t\t<\/section>\n\t\t\t\t<section class=\"elementor-section elementor-top-section elementor-element elementor-element-306b56d elementor-section-boxed elementor-section-height-default elementor-section-height-default\" data-id=\"306b56d\" data-element_type=\"section\" data-e-type=\"section\">\n\t\t\t\t\t\t<div class=\"elementor-container elementor-column-gap-default\">\n\t\t\t\t\t<div class=\"elementor-column elementor-col-100 elementor-top-column elementor-element elementor-element-cf60388\" data-id=\"cf60388\" data-element_type=\"column\" data-e-type=\"column\">\n\t\t\t<div class=\"elementor-widget-wrap elementor-element-populated\">\n\t\t\t\t\t\t<div class=\"elementor-element elementor-element-3c374d8 elementor-widget elementor-widget-image\" data-id=\"3c374d8\" data-element_type=\"widget\" data-e-type=\"widget\" data-widget_type=\"image.default\">\n\t\t\t\t<div class=\"elementor-widget-container\">\n\t\t\t\t\t\t\t\t\t\t\t\t\t\t\t\t<a href=\"https:\/\/web.infn.it\/labec\/wp-content\/uploads\/2022\/02\/Anni-1970-4.png\" data-elementor-open-lightbox=\"yes\" data-elementor-lightbox-title=\"Anni 1970-4\" data-e-action-hash=\"#elementor-action%3Aaction%3Dlightbox%26settings%3DeyJpZCI6MTUxMiwidXJsIjoiaHR0cHM6XC9cL3dlYi5pbmZuLml0XC9sYWJlY1wvd3AtY29udGVudFwvdXBsb2Fkc1wvMjAyMlwvMDJcL0FubmktMTk3MC00LnBuZyJ9\">\n\t\t\t\t\t\t\t<img fetchpriority=\"high\" decoding=\"async\" width=\"800\" height=\"320\" src=\"https:\/\/web.infn.it\/labec\/wp-content\/uploads\/2022\/02\/Anni-1970-4-1024x410.png\" class=\"attachment-large size-large wp-image-1512\" alt=\"\" srcset=\"https:\/\/web.infn.it\/labec\/wp-content\/uploads\/2022\/02\/Anni-1970-4-1024x410.png 1024w, https:\/\/web.infn.it\/labec\/wp-content\/uploads\/2022\/02\/Anni-1970-4-300x120.png 300w, https:\/\/web.infn.it\/labec\/wp-content\/uploads\/2022\/02\/Anni-1970-4-768x307.png 768w, https:\/\/web.infn.it\/labec\/wp-content\/uploads\/2022\/02\/Anni-1970-4-1536x614.png 1536w, https:\/\/web.infn.it\/labec\/wp-content\/uploads\/2022\/02\/Anni-1970-4.png 2000w\" sizes=\"(max-width: 800px) 100vw, 800px\" \/>\t\t\t\t\t\t\t\t<\/a>\n\t\t\t\t\t\t\t\t\t\t\t\t\t\t\t<\/div>\n\t\t\t\t<\/div>\n\t\t\t\t\t<\/div>\n\t\t<\/div>\n\t\t\t\t\t<\/div>\n\t\t<\/section>\n\t\t\t\t<section class=\"elementor-section elementor-top-section elementor-element elementor-element-6e38277 elementor-section-boxed elementor-section-height-default elementor-section-height-default\" data-id=\"6e38277\" data-element_type=\"section\" data-e-type=\"section\">\n\t\t\t\t\t\t<div class=\"elementor-container elementor-column-gap-default\">\n\t\t\t\t\t<div class=\"elementor-column elementor-col-100 elementor-top-column elementor-element elementor-element-610a7d1\" data-id=\"610a7d1\" data-element_type=\"column\" data-e-type=\"column\">\n\t\t\t<div class=\"elementor-widget-wrap elementor-element-populated\">\n\t\t\t\t\t\t<div class=\"elementor-element elementor-element-ab5c004 elementor-widget elementor-widget-spacer\" data-id=\"ab5c004\" data-element_type=\"widget\" data-e-type=\"widget\" data-widget_type=\"spacer.default\">\n\t\t\t\t<div class=\"elementor-widget-container\">\n\t\t\t\t\t\t\t<div class=\"elementor-spacer\">\n\t\t\t<div class=\"elementor-spacer-inner\"><\/div>\n\t\t<\/div>\n\t\t\t\t\t\t<\/div>\n\t\t\t\t<\/div>\n\t\t\t\t\t<\/div>\n\t\t<\/div>\n\t\t\t\t\t<\/div>\n\t\t<\/section>\n\t\t\t\t<section class=\"elementor-section elementor-top-section elementor-element elementor-element-45e8108 elementor-section-boxed elementor-section-height-default elementor-section-height-default\" data-id=\"45e8108\" data-element_type=\"section\" data-e-type=\"section\">\n\t\t\t\t\t\t<div class=\"elementor-container elementor-column-gap-default\">\n\t\t\t\t\t<div class=\"elementor-column elementor-col-100 elementor-top-column elementor-element elementor-element-783c618\" data-id=\"783c618\" data-element_type=\"column\" data-e-type=\"column\">\n\t\t\t<div class=\"elementor-widget-wrap elementor-element-populated\">\n\t\t\t\t\t\t<div class=\"elementor-element elementor-element-cab49fd elementor-widget elementor-widget-text-editor\" data-id=\"cab49fd\" data-element_type=\"widget\" data-e-type=\"widget\" data-widget_type=\"text-editor.default\">\n\t\t\t\t<div class=\"elementor-widget-container\">\n\t\t\t\t\t\t\t\t\t<p><span style=\"font-family: Roboto, sans-serif; font-size: 15px; font-style: normal;\">Per conoscere la storia del LABEC, sul canale You Tube del GGI (Galileo Galilei Institute, Firenze) \u00e8 visibile la presentazione tenuta in occasione della giornata celebrativa dei 100 anni &#8220;<\/span><span style=\"font-weight: bold; font-family: Roboto, sans-serif; font-size: 15px; font-style: normal;\">I primi 100 anni del Garbasso<\/span><span style=\"font-family: Roboto, sans-serif; font-size: 15px; font-style: normal;\">&#8221; (5 novembre 2021).<\/span><\/p>\t\t\t\t\t\t\t\t<\/div>\n\t\t\t\t<\/div>\n\t\t\t\t<div class=\"elementor-element elementor-element-624976d elementor-widget elementor-widget-video\" data-id=\"624976d\" data-element_type=\"widget\" data-e-type=\"widget\" data-settings=\"{&quot;youtube_url&quot;:&quot;https:\\\/\\\/youtu.be\\\/3ploeBUEPpE?t=7639&quot;,&quot;start&quot;:7621,&quot;video_type&quot;:&quot;youtube&quot;,&quot;controls&quot;:&quot;yes&quot;}\" data-widget_type=\"video.default\">\n\t\t\t\t<div class=\"elementor-widget-container\">\n\t\t\t\t\t\t\t<div class=\"elementor-wrapper elementor-open-inline\">\n\t\t\t<div class=\"elementor-video\"><\/div>\t\t<\/div>\n\t\t\t\t\t\t<\/div>\n\t\t\t\t<\/div>\n\t\t\t\t\t<\/div>\n\t\t<\/div>\n\t\t\t\t\t<\/div>\n\t\t<\/section>\n\t\t\t\t<\/div>\n\t\t","protected":false},"excerpt":{"rendered":"<p>Il LABEC, Laboratorio di tecniche nucleari per l&#8217;Ambiente e i BEni Culturali, \u00e8 un centro di riferimento per lo sviluppo di nuove tecnologie basate sull&#8217;uso di acceleratori e di radiazioni ionizzanti e per le loro applicazioni in contesti ambientali e di studio del patrimonio culturale. Il Laboratorio \u00e8 ospitato presso la sezione di Firenze dell&#8217;Istituto <a href=\"https:\/\/web.infn.it\/labec\/chi-siamo\/\" class=\"read-more inline\">Read More<\/a><\/p>\n","protected":false},"author":2,"featured_media":0,"parent":0,"menu_order":0,"comment_status":"closed","ping_status":"closed","template":"","meta":{"footnotes":""},"class_list":["post-188","page","type-page","status-publish","hentry"],"_links":{"self":[{"href":"https:\/\/web.infn.it\/labec\/wp-json\/wp\/v2\/pages\/188","targetHints":{"allow":["GET"]}}],"collection":[{"href":"https:\/\/web.infn.it\/labec\/wp-json\/wp\/v2\/pages"}],"about":[{"href":"https:\/\/web.infn.it\/labec\/wp-json\/wp\/v2\/types\/page"}],"author":[{"embeddable":true,"href":"https:\/\/web.infn.it\/labec\/wp-json\/wp\/v2\/users\/2"}],"replies":[{"embeddable":true,"href":"https:\/\/web.infn.it\/labec\/wp-json\/wp\/v2\/comments?post=188"}],"version-history":[{"count":66,"href":"https:\/\/web.infn.it\/labec\/wp-json\/wp\/v2\/pages\/188\/revisions"}],"predecessor-version":[{"id":2156,"href":"https:\/\/web.infn.it\/labec\/wp-json\/wp\/v2\/pages\/188\/revisions\/2156"}],"wp:attachment":[{"href":"https:\/\/web.infn.it\/labec\/wp-json\/wp\/v2\/media?parent=188"}],"curies":[{"name":"wp","href":"https:\/\/api.w.org\/{rel}","templated":true}]}}