{"id":202,"date":"2021-04-28T11:48:32","date_gmt":"2021-04-28T09:48:32","guid":{"rendered":"https:\/\/web.infn.it\/labec\/?page_id=202"},"modified":"2022-04-11T15:06:55","modified_gmt":"2022-04-11T13:06:55","slug":"reti","status":"publish","type":"page","link":"https:\/\/web.infn.it\/labec\/reti\/","title":{"rendered":"Reti"},"content":{"rendered":"\t\t<div data-elementor-type=\"wp-page\" data-elementor-id=\"202\" class=\"elementor elementor-202\" data-elementor-post-type=\"page\">\n\t\t\t\t\t\t<section class=\"elementor-section elementor-top-section elementor-element elementor-element-db6a9d3 elementor-section-boxed elementor-section-height-default elementor-section-height-default\" data-id=\"db6a9d3\" data-element_type=\"section\" data-e-type=\"section\">\n\t\t\t\t\t\t<div class=\"elementor-container elementor-column-gap-default\">\n\t\t\t\t\t<div class=\"elementor-column elementor-col-100 elementor-top-column elementor-element elementor-element-36f778a\" data-id=\"36f778a\" data-element_type=\"column\" data-e-type=\"column\">\n\t\t\t<div class=\"elementor-widget-wrap elementor-element-populated\">\n\t\t\t\t\t\t<div class=\"elementor-element elementor-element-3728a7b elementor-widget elementor-widget-text-editor\" data-id=\"3728a7b\" data-element_type=\"widget\" data-e-type=\"widget\" data-widget_type=\"text-editor.default\">\n\t\t\t\t<div class=\"elementor-widget-container\">\n\t\t\t\t\t\t\t\t\t<h4>IL LABEC svolge la sua attivit\u00e0 anche nell&#8217;ambito di reti di collaborazione nazionali e internazionali, che coinvolgono universit\u00e0 e istituti di ricerca, con l&#8217;obiettivo di portare avanti iniziative di innovazione nel campo dell&#8217;ambiente e dei Beni Culturali, oltre a fornire servizi di alta qualificazione soggetti pubblici e privati.<\/h4>\t\t\t\t\t\t\t\t<\/div>\n\t\t\t\t<\/div>\n\t\t\t\t\t<\/div>\n\t\t<\/div>\n\t\t\t\t\t<\/div>\n\t\t<\/section>\n\t\t\t\t<section class=\"elementor-section elementor-top-section elementor-element elementor-element-ad24388 elementor-section-boxed elementor-section-height-default elementor-section-height-default\" data-id=\"ad24388\" data-element_type=\"section\" data-e-type=\"section\">\n\t\t\t\t\t\t<div class=\"elementor-container elementor-column-gap-default\">\n\t\t\t\t\t<div class=\"elementor-column elementor-col-100 elementor-top-column elementor-element elementor-element-8e13c57\" data-id=\"8e13c57\" data-element_type=\"column\" data-e-type=\"column\">\n\t\t\t<div class=\"elementor-widget-wrap elementor-element-populated\">\n\t\t\t\t\t\t<div class=\"elementor-element elementor-element-22fcd20 elementor-widget elementor-widget-spacer\" data-id=\"22fcd20\" data-element_type=\"widget\" data-e-type=\"widget\" data-widget_type=\"spacer.default\">\n\t\t\t\t<div class=\"elementor-widget-container\">\n\t\t\t\t\t\t\t<div class=\"elementor-spacer\">\n\t\t\t<div class=\"elementor-spacer-inner\"><\/div>\n\t\t<\/div>\n\t\t\t\t\t\t<\/div>\n\t\t\t\t<\/div>\n\t\t\t\t\t<\/div>\n\t\t<\/div>\n\t\t\t\t\t<\/div>\n\t\t<\/section>\n\t\t\t\t<section class=\"elementor-section elementor-top-section elementor-element elementor-element-cfd3298 elementor-section-boxed elementor-section-height-default elementor-section-height-default\" data-id=\"cfd3298\" data-element_type=\"section\" data-e-type=\"section\">\n\t\t\t\t\t\t<div class=\"elementor-container elementor-column-gap-default\">\n\t\t\t\t\t<div class=\"elementor-column elementor-col-33 elementor-top-column elementor-element elementor-element-0f68329\" data-id=\"0f68329\" data-element_type=\"column\" data-e-type=\"column\">\n\t\t\t<div class=\"elementor-widget-wrap elementor-element-populated\">\n\t\t\t\t\t\t<div class=\"elementor-element elementor-element-240d438 elementor-widget elementor-widget-image\" data-id=\"240d438\" data-element_type=\"widget\" data-e-type=\"widget\" data-widget_type=\"image.default\">\n\t\t\t\t<div class=\"elementor-widget-container\">\n\t\t\t\t\t\t\t\t\t\t\t\t\t\t\t\t<a href=\"https:\/\/www.actris.eu\/\">\n\t\t\t\t\t\t\t<img fetchpriority=\"high\" decoding=\"async\" width=\"800\" height=\"481\" src=\"https:\/\/web.infn.it\/labec\/wp-content\/uploads\/2021\/06\/Actris-logo-1024x616.png\" class=\"attachment-large size-large wp-image-319\" alt=\"\" srcset=\"https:\/\/web.infn.it\/labec\/wp-content\/uploads\/2021\/06\/Actris-logo-1024x616.png 1024w, https:\/\/web.infn.it\/labec\/wp-content\/uploads\/2021\/06\/Actris-logo-300x180.png 300w, https:\/\/web.infn.it\/labec\/wp-content\/uploads\/2021\/06\/Actris-logo-768x462.png 768w, https:\/\/web.infn.it\/labec\/wp-content\/uploads\/2021\/06\/Actris-logo-1536x924.png 1536w, https:\/\/web.infn.it\/labec\/wp-content\/uploads\/2021\/06\/Actris-logo-2048x1232.png 2048w\" sizes=\"(max-width: 800px) 100vw, 800px\" \/>\t\t\t\t\t\t\t\t<\/a>\n\t\t\t\t\t\t\t\t\t\t\t\t\t\t\t<\/div>\n\t\t\t\t<\/div>\n\t\t\t\t\t<\/div>\n\t\t<\/div>\n\t\t\t\t<div class=\"elementor-column elementor-col-66 elementor-top-column elementor-element elementor-element-e9c2225\" data-id=\"e9c2225\" data-element_type=\"column\" data-e-type=\"column\">\n\t\t\t<div class=\"elementor-widget-wrap elementor-element-populated\">\n\t\t\t\t\t\t<div class=\"elementor-element elementor-element-2dd869c elementor-widget elementor-widget-text-editor\" data-id=\"2dd869c\" data-element_type=\"widget\" data-e-type=\"widget\" data-widget_type=\"text-editor.default\">\n\t\t\t\t<div class=\"elementor-widget-container\">\n\t\t\t\t\t\t\t\t\t<p>Nel 2018 il LABEC si \u00e8 unito ad <strong>ACTRIS-IT<\/strong>, la componente italiana di ACTRIS (Aerosols, Clouds and Trace Gases Research Infrastructure), l\u2019infrastruttura paneuropea che coordina le osservazioni e la ricerca scientifica europea su aerosol, nubi e gas in traccia in atmosfera presente nella Roadmap ESFRI dal 2016.<\/p><p><span style=\"font-size: 15px; color: var( --e-global-color-text ); font-weight: var( --e-global-typography-text-font-weight );\">Dal 2014 ACTRIS-IT riceve sostegno politico dal Ministero dell\u2019Istruzione, dell\u2019Universit\u00e0 e della Ricerca e viene formalmente istituita nel 2017.<\/span><\/p><p><span style=\"font-size: 15px; color: var( --e-global-color-text ); font-weight: var( --e-global-typography-text-font-weight );\">Dal 2021 il LABEC ospita l&#8217;<\/span><span style=\"font-family: Roboto, sans-serif; font-size: 15px; font-style: normal; color: var( --e-global-color-text ); font-weight: var( --e-global-typography-text-font-weight );\">Elemental Mass Calibration Centre (EMC2), il centro di riferimento europeo\u00a0<\/span><span style=\"font-size: 15px; color: var( --e-global-color-text ); font-weight: var( --e-global-typography-text-font-weight );\">per l\u2019analisi della componente elementale dell\u2019aerosol tramite tecniche di Ion Beam Analysis,. Questa collaborazione porter\u00e0 ricercatori di tutti i paesi della comunit\u00e0 di ACTRIS ad analizzare campioni di particolato nel laboratorio del LABEC, promuovendo quindi uno scambio e un avanzamento nelle tecniche di analisi, di raccolta e di elaborazione dati. Inoltre il LABEC fornir\u00e0 alla comunit\u00e0 di ACTRIS servizi come la definizione di linee guida e buone prassi per l\u2019analisi della componente elementale\u00a0<\/span><span style=\"font-size: 15px; color: var( --e-global-color-text ); font-weight: var( --e-global-typography-text-font-weight );\">dell\u2019aerosol.<\/span><\/p><p>Per approfondimenti:\u00a0<a href=\"https:\/\/www.actris.eu\/\">https:\/\/www.actris.eu<\/a>.\u00a0<\/p><p><a style=\"font-family: Roboto, sans-serif; font-size: 15px; font-style: normal;\" href=\"https:\/\/web.infn.it\/labec\/wp-content\/uploads\/2021\/10\/PER-ACTRIS-IT.pdf\">Click qua per scaricare<\/a><span style=\"font-family: Roboto, sans-serif; font-size: 15px; font-style: normal;\">\u00a0ulteriori informazioni a proposito di ACTRIS-IT, il nodo italiano di ACTRIS.<\/span><\/p>\t\t\t\t\t\t\t\t<\/div>\n\t\t\t\t<\/div>\n\t\t\t\t\t<\/div>\n\t\t<\/div>\n\t\t\t\t\t<\/div>\n\t\t<\/section>\n\t\t\t\t<section class=\"elementor-section elementor-top-section elementor-element elementor-element-c005dfd elementor-section-boxed elementor-section-height-default elementor-section-height-default\" data-id=\"c005dfd\" data-element_type=\"section\" data-e-type=\"section\">\n\t\t\t\t\t\t<div class=\"elementor-container elementor-column-gap-default\">\n\t\t\t\t\t<div class=\"elementor-column elementor-col-33 elementor-top-column elementor-element elementor-element-d709721\" data-id=\"d709721\" data-element_type=\"column\" data-e-type=\"column\">\n\t\t\t<div class=\"elementor-widget-wrap elementor-element-populated\">\n\t\t\t\t\t\t<div class=\"elementor-element elementor-element-103dddc elementor-widget__width-auto elementor-widget elementor-widget-image\" data-id=\"103dddc\" data-element_type=\"widget\" data-e-type=\"widget\" data-widget_type=\"image.default\">\n\t\t\t\t<div class=\"elementor-widget-container\">\n\t\t\t\t\t\t\t\t\t\t\t\t\t\t\t<img decoding=\"async\" width=\"800\" height=\"535\" src=\"https:\/\/web.infn.it\/labec\/wp-content\/uploads\/2021\/06\/20130401_093442p_2-1024x685.jpg\" class=\"attachment-large size-large wp-image-330\" alt=\"\" srcset=\"https:\/\/web.infn.it\/labec\/wp-content\/uploads\/2021\/06\/20130401_093442p_2-1024x685.jpg 1024w, https:\/\/web.infn.it\/labec\/wp-content\/uploads\/2021\/06\/20130401_093442p_2-300x201.jpg 300w, https:\/\/web.infn.it\/labec\/wp-content\/uploads\/2021\/06\/20130401_093442p_2-768x514.jpg 768w, https:\/\/web.infn.it\/labec\/wp-content\/uploads\/2021\/06\/20130401_093442p_2-1536x1028.jpg 1536w, https:\/\/web.infn.it\/labec\/wp-content\/uploads\/2021\/06\/20130401_093442p_2-2048x1371.jpg 2048w, https:\/\/web.infn.it\/labec\/wp-content\/uploads\/2021\/06\/20130401_093442p_2-272x182.jpg 272w\" sizes=\"(max-width: 800px) 100vw, 800px\" \/>\t\t\t\t\t\t\t\t\t\t\t\t\t\t\t<\/div>\n\t\t\t\t<\/div>\n\t\t\t\t\t<\/div>\n\t\t<\/div>\n\t\t\t\t<div class=\"elementor-column elementor-col-33 elementor-top-column elementor-element elementor-element-dcd9b99\" data-id=\"dcd9b99\" data-element_type=\"column\" data-e-type=\"column\">\n\t\t\t<div class=\"elementor-widget-wrap elementor-element-populated\">\n\t\t\t\t\t\t<div class=\"elementor-element elementor-element-4d7ca60 elementor-widget elementor-widget-image\" data-id=\"4d7ca60\" data-element_type=\"widget\" data-e-type=\"widget\" data-widget_type=\"image.default\">\n\t\t\t\t<div class=\"elementor-widget-container\">\n\t\t\t\t\t\t\t\t\t\t\t\t\t\t\t<img decoding=\"async\" width=\"800\" height=\"600\" src=\"https:\/\/web.infn.it\/labec\/wp-content\/uploads\/2021\/04\/IMG_0265-1024x768.jpg\" class=\"attachment-large size-large wp-image-42\" alt=\"\" srcset=\"https:\/\/web.infn.it\/labec\/wp-content\/uploads\/2021\/04\/IMG_0265-1024x768.jpg 1024w, https:\/\/web.infn.it\/labec\/wp-content\/uploads\/2021\/04\/IMG_0265-300x225.jpg 300w, https:\/\/web.infn.it\/labec\/wp-content\/uploads\/2021\/04\/IMG_0265-768x576.jpg 768w, https:\/\/web.infn.it\/labec\/wp-content\/uploads\/2021\/04\/IMG_0265-1536x1152.jpg 1536w, https:\/\/web.infn.it\/labec\/wp-content\/uploads\/2021\/04\/IMG_0265-2048x1536.jpg 2048w\" sizes=\"(max-width: 800px) 100vw, 800px\" \/>\t\t\t\t\t\t\t\t\t\t\t\t\t\t\t<\/div>\n\t\t\t\t<\/div>\n\t\t\t\t\t<\/div>\n\t\t<\/div>\n\t\t\t\t<div class=\"elementor-column elementor-col-33 elementor-top-column elementor-element elementor-element-2b3a2a4\" data-id=\"2b3a2a4\" data-element_type=\"column\" data-e-type=\"column\">\n\t\t\t<div class=\"elementor-widget-wrap elementor-element-populated\">\n\t\t\t\t\t\t<div class=\"elementor-element elementor-element-866534c elementor-widget elementor-widget-image\" data-id=\"866534c\" data-element_type=\"widget\" data-e-type=\"widget\" data-widget_type=\"image.default\">\n\t\t\t\t<div class=\"elementor-widget-container\">\n\t\t\t\t\t\t\t\t\t\t\t\t\t\t\t<img loading=\"lazy\" decoding=\"async\" width=\"800\" height=\"601\" src=\"https:\/\/web.infn.it\/labec\/wp-content\/uploads\/2021\/04\/LowEnergy-1024x769.png\" class=\"attachment-large size-large wp-image-40\" alt=\"\" srcset=\"https:\/\/web.infn.it\/labec\/wp-content\/uploads\/2021\/04\/LowEnergy-1024x769.png 1024w, https:\/\/web.infn.it\/labec\/wp-content\/uploads\/2021\/04\/LowEnergy-300x225.png 300w, https:\/\/web.infn.it\/labec\/wp-content\/uploads\/2021\/04\/LowEnergy-768x577.png 768w, https:\/\/web.infn.it\/labec\/wp-content\/uploads\/2021\/04\/LowEnergy.png 1500w\" sizes=\"(max-width: 800px) 100vw, 800px\" \/>\t\t\t\t\t\t\t\t\t\t\t\t\t\t\t<\/div>\n\t\t\t\t<\/div>\n\t\t\t\t\t<\/div>\n\t\t<\/div>\n\t\t\t\t\t<\/div>\n\t\t<\/section>\n\t\t\t\t<section class=\"elementor-section elementor-top-section elementor-element elementor-element-55ef09d elementor-section-boxed elementor-section-height-default elementor-section-height-default\" data-id=\"55ef09d\" data-element_type=\"section\" data-e-type=\"section\">\n\t\t\t\t\t\t<div class=\"elementor-container elementor-column-gap-default\">\n\t\t\t\t\t<div class=\"elementor-column elementor-col-100 elementor-top-column elementor-element elementor-element-fd1080f\" data-id=\"fd1080f\" data-element_type=\"column\" data-e-type=\"column\">\n\t\t\t<div class=\"elementor-widget-wrap elementor-element-populated\">\n\t\t\t\t\t\t<div class=\"elementor-element elementor-element-99e5626 elementor-widget-divider--view-line elementor-widget elementor-widget-divider\" data-id=\"99e5626\" data-element_type=\"widget\" data-e-type=\"widget\" data-widget_type=\"divider.default\">\n\t\t\t\t<div class=\"elementor-widget-container\">\n\t\t\t\t\t\t\t<div class=\"elementor-divider\">\n\t\t\t<span class=\"elementor-divider-separator\">\n\t\t\t\t\t\t<\/span>\n\t\t<\/div>\n\t\t\t\t\t\t<\/div>\n\t\t\t\t<\/div>\n\t\t\t\t<div class=\"elementor-element elementor-element-25eda29 elementor-widget elementor-widget-menu-anchor\" data-id=\"25eda29\" data-element_type=\"widget\" data-e-type=\"widget\" data-widget_type=\"menu-anchor.default\">\n\t\t\t\t<div class=\"elementor-widget-container\">\n\t\t\t\t\t\t\t<div class=\"elementor-menu-anchor\" id=\"CHNet\"><\/div>\n\t\t\t\t\t\t<\/div>\n\t\t\t\t<\/div>\n\t\t\t\t\t<\/div>\n\t\t<\/div>\n\t\t\t\t\t<\/div>\n\t\t<\/section>\n\t\t\t\t<section class=\"elementor-section elementor-top-section elementor-element elementor-element-2f029bb elementor-section-boxed elementor-section-height-default elementor-section-height-default\" data-id=\"2f029bb\" data-element_type=\"section\" data-e-type=\"section\">\n\t\t\t\t\t\t<div class=\"elementor-container elementor-column-gap-default\">\n\t\t\t\t\t<div class=\"elementor-column elementor-col-50 elementor-top-column elementor-element elementor-element-582a7a7\" data-id=\"582a7a7\" data-element_type=\"column\" data-e-type=\"column\">\n\t\t\t<div class=\"elementor-widget-wrap elementor-element-populated\">\n\t\t\t\t\t\t<div class=\"elementor-element elementor-element-ab1edec elementor-widget elementor-widget-text-editor\" data-id=\"ab1edec\" data-element_type=\"widget\" data-e-type=\"widget\" data-widget_type=\"text-editor.default\">\n\t\t\t\t<div class=\"elementor-widget-container\">\n\t\t\t\t\t\t\t\t\t<p><strong>CHNet<\/strong> (<em>Cultural Heritage Network<\/em>) \u00e8 la prima rete di trasferimento tecnologico dell\u2019INFN ed \u00e8 dedicata allo studio del patrimonio culturale. Attivit\u00e0 principali di CHNet sono\u00a0<span style=\"font-family: Roboto, sans-serif; font-size: 15px; font-style: normal; color: var( --e-global-color-text ); font-weight: var( --e-global-typography-text-font-weight );\">ricerca e sviluppo di nuove tecnologie per lo studio dei beni culturali, la loro applicazione<\/span><span style=\"font-size: 15px; color: var( --e-global-color-text ); font-weight: var( --e-global-typography-text-font-weight );\">\u00a0e il training di giovani ricercatori ed esperti del settore.<br \/><\/span><span style=\"color: var( --e-global-color-text ); font-size: 15px; font-weight: var( --e-global-typography-text-font-weight );\"><br \/>Creata nel 2017, INFN-CHNet \u00e8 diventata una realt\u00e0 internazionale e interdisciplinare, composta da una ventina di Laboratori INFN distribuiti su tutto il territorio nazionale e da enti con competenze complementari a quelle dell\u2019INFN, come centri di restauro, associazioni e dipartimenti universitari italiani e centri di ricerca internazionali.<\/span><span style=\"font-size: 15px; color: var( --e-global-color-text ); font-weight: var( --e-global-typography-text-font-weight );\"><br \/><\/span><\/p><p><span style=\"font-size: 15px; color: var( --e-global-color-text ); font-weight: var( --e-global-typography-text-font-weight );\">L\u2019obiettivo della rete \u00e8 essere un punto di riferimento operativo su scala nazionale e internazionale per la comunit\u00e0 multidisciplinare di pubblici e privati che svolgono la propria attivit\u00e0 nell\u2019ambito dei beni culturali, valorizzando le competenze dell\u2019INFN<\/span><span style=\"color: var( --e-global-color-text ); font-size: 15px; font-weight: var( --e-global-typography-text-font-weight );\">. Queste sono utili per ottenere informazioni sui materiali usati e sulla loro provenienza, sulle tecniche impiegate e sulla datazione (e talvolta l\u2019autenticit\u00e0) dei manufatti.<br \/><\/span><span style=\"font-size: 15px; color: var( --e-global-color-text ); font-weight: var( --e-global-typography-text-font-weight );\"><br \/>Da decenni i laboratori dell\u2019Istituto non solo utilizzano le pi\u00f9 moderne tecnologie in questo campo ma, grazie a specifici progetti di ricerca, ne sviluppano di nuove, offrendo soluzioni e suscitando un crescente interesse in storici dell\u2019arte, archeologi, restauratori, curatori di musei e altri esperti di beni culturali, che sempre pi\u00f9 spesso si affidano agli scienziati per ottenere supporto per i loro studi, per guidare gli interventi di restauro o per scegliere le condizioni di conservazione pi\u00f9 appropriate.<\/span><\/p><p><span style=\"font-family: Roboto, sans-serif; font-size: 15px; font-style: normal;\">Per approfondimenti:\u00a0<\/span><a style=\"font-family: Roboto, sans-serif; font-size: 15px; font-style: normal;\" href=\"http:\/\/chnet.infn.it\/it\/\">http:\/\/chnet.infn.it\/it<\/a><\/p>\t\t\t\t\t\t\t\t<\/div>\n\t\t\t\t<\/div>\n\t\t\t\t<div class=\"elementor-element elementor-element-0de0305 elementor-shape-circle e-grid-align-right elementor-grid-0 elementor-widget elementor-widget-social-icons\" data-id=\"0de0305\" data-element_type=\"widget\" data-e-type=\"widget\" data-widget_type=\"social-icons.default\">\n\t\t\t\t<div class=\"elementor-widget-container\">\n\t\t\t\t\t\t\t<div class=\"elementor-social-icons-wrapper elementor-grid\" role=\"list\">\n\t\t\t\t\t\t\t<span class=\"elementor-grid-item\" role=\"listitem\">\n\t\t\t\t\t<a class=\"elementor-icon elementor-social-icon elementor-social-icon-facebook elementor-repeater-item-8283b3a\" href=\"https:\/\/www.facebook.com\/INFN.CHNet\/\" target=\"_blank\">\n\t\t\t\t\t\t<span class=\"elementor-screen-only\">Facebook<\/span>\n\t\t\t\t\t\t<i aria-hidden=\"true\" class=\"fab fa-facebook\"><\/i>\t\t\t\t\t<\/a>\n\t\t\t\t<\/span>\n\t\t\t\t\t\t\t<span class=\"elementor-grid-item\" role=\"listitem\">\n\t\t\t\t\t<a class=\"elementor-icon elementor-social-icon elementor-social-icon-instagram elementor-repeater-item-9539243\" href=\"https:\/\/www.instagram.com\/infn.chnet\/?hl=it\" target=\"_blank\">\n\t\t\t\t\t\t<span class=\"elementor-screen-only\">Instagram<\/span>\n\t\t\t\t\t\t<i aria-hidden=\"true\" class=\"fab fa-instagram\"><\/i>\t\t\t\t\t<\/a>\n\t\t\t\t<\/span>\n\t\t\t\t\t<\/div>\n\t\t\t\t\t\t<\/div>\n\t\t\t\t<\/div>\n\t\t\t\t\t<\/div>\n\t\t<\/div>\n\t\t\t\t<div class=\"elementor-column elementor-col-50 elementor-top-column elementor-element elementor-element-970e37c\" data-id=\"970e37c\" data-element_type=\"column\" data-e-type=\"column\">\n\t\t\t<div class=\"elementor-widget-wrap elementor-element-populated\">\n\t\t\t\t\t\t<div class=\"elementor-element elementor-element-fd0e768 elementor-widget elementor-widget-image\" data-id=\"fd0e768\" data-element_type=\"widget\" data-e-type=\"widget\" data-widget_type=\"image.default\">\n\t\t\t\t<div class=\"elementor-widget-container\">\n\t\t\t\t\t\t\t\t\t\t\t\t\t\t\t<img loading=\"lazy\" decoding=\"async\" width=\"800\" height=\"509\" src=\"https:\/\/web.infn.it\/labec\/wp-content\/uploads\/2021\/09\/LogoCHNet-2-1024x651.jpg\" class=\"attachment-large size-large wp-image-546\" alt=\"\" srcset=\"https:\/\/web.infn.it\/labec\/wp-content\/uploads\/2021\/09\/LogoCHNet-2-1024x651.jpg 1024w, https:\/\/web.infn.it\/labec\/wp-content\/uploads\/2021\/09\/LogoCHNet-2-300x191.jpg 300w, https:\/\/web.infn.it\/labec\/wp-content\/uploads\/2021\/09\/LogoCHNet-2-768x488.jpg 768w, https:\/\/web.infn.it\/labec\/wp-content\/uploads\/2021\/09\/LogoCHNet-2-1536x977.jpg 1536w, https:\/\/web.infn.it\/labec\/wp-content\/uploads\/2021\/09\/LogoCHNet-2-2048x1302.jpg 2048w\" sizes=\"(max-width: 800px) 100vw, 800px\" \/>\t\t\t\t\t\t\t\t\t\t\t\t\t\t\t<\/div>\n\t\t\t\t<\/div>\n\t\t\t\t\t<\/div>\n\t\t<\/div>\n\t\t\t\t\t<\/div>\n\t\t<\/section>\n\t\t\t\t<section class=\"elementor-section elementor-top-section elementor-element elementor-element-96342ce elementor-section-boxed elementor-section-height-default elementor-section-height-default\" data-id=\"96342ce\" data-element_type=\"section\" data-e-type=\"section\">\n\t\t\t\t\t\t<div class=\"elementor-container elementor-column-gap-default\">\n\t\t\t\t\t<div class=\"elementor-column elementor-col-33 elementor-top-column elementor-element elementor-element-d4c576a\" data-id=\"d4c576a\" data-element_type=\"column\" data-e-type=\"column\">\n\t\t\t<div class=\"elementor-widget-wrap elementor-element-populated\">\n\t\t\t\t\t\t<div class=\"elementor-element elementor-element-77b0969 elementor-widget elementor-widget-image\" data-id=\"77b0969\" data-element_type=\"widget\" data-e-type=\"widget\" data-widget_type=\"image.default\">\n\t\t\t\t<div class=\"elementor-widget-container\">\n\t\t\t\t\t\t\t\t\t\t\t\t\t\t\t<img loading=\"lazy\" decoding=\"async\" width=\"684\" height=\"1024\" src=\"https:\/\/web.infn.it\/labec\/wp-content\/uploads\/2021\/11\/XRF-Pergamena2-684x1024.jpg\" class=\"attachment-large size-large wp-image-1010\" alt=\"\" srcset=\"https:\/\/web.infn.it\/labec\/wp-content\/uploads\/2021\/11\/XRF-Pergamena2-684x1024.jpg 684w, https:\/\/web.infn.it\/labec\/wp-content\/uploads\/2021\/11\/XRF-Pergamena2-200x300.jpg 200w, https:\/\/web.infn.it\/labec\/wp-content\/uploads\/2021\/11\/XRF-Pergamena2-768x1150.jpg 768w, https:\/\/web.infn.it\/labec\/wp-content\/uploads\/2021\/11\/XRF-Pergamena2-1026x1536.jpg 1026w, https:\/\/web.infn.it\/labec\/wp-content\/uploads\/2021\/11\/XRF-Pergamena2-1368x2048.jpg 1368w, https:\/\/web.infn.it\/labec\/wp-content\/uploads\/2021\/11\/XRF-Pergamena2-scaled.jpg 1710w\" sizes=\"(max-width: 684px) 100vw, 684px\" \/>\t\t\t\t\t\t\t\t\t\t\t\t\t\t\t<\/div>\n\t\t\t\t<\/div>\n\t\t\t\t\t<\/div>\n\t\t<\/div>\n\t\t\t\t<div class=\"elementor-column elementor-col-33 elementor-top-column elementor-element elementor-element-581012f\" data-id=\"581012f\" data-element_type=\"column\" data-e-type=\"column\">\n\t\t\t<div class=\"elementor-widget-wrap elementor-element-populated\">\n\t\t\t\t\t\t<div class=\"elementor-element elementor-element-39632da elementor-widget elementor-widget-image\" data-id=\"39632da\" data-element_type=\"widget\" data-e-type=\"widget\" data-widget_type=\"image.default\">\n\t\t\t\t<div class=\"elementor-widget-container\">\n\t\t\t\t\t\t\t\t\t\t\t\t\t\t\t<img loading=\"lazy\" decoding=\"async\" width=\"765\" height=\"1024\" src=\"https:\/\/web.infn.it\/labec\/wp-content\/uploads\/2021\/11\/RX-Raffaello-La-Muta-765x1024.jpeg\" class=\"attachment-large size-large wp-image-1023\" alt=\"\" srcset=\"https:\/\/web.infn.it\/labec\/wp-content\/uploads\/2021\/11\/RX-Raffaello-La-Muta-765x1024.jpeg 765w, https:\/\/web.infn.it\/labec\/wp-content\/uploads\/2021\/11\/RX-Raffaello-La-Muta-224x300.jpeg 224w, https:\/\/web.infn.it\/labec\/wp-content\/uploads\/2021\/11\/RX-Raffaello-La-Muta-768x1028.jpeg 768w, https:\/\/web.infn.it\/labec\/wp-content\/uploads\/2021\/11\/RX-Raffaello-La-Muta.jpeg 1080w\" sizes=\"(max-width: 765px) 100vw, 765px\" \/>\t\t\t\t\t\t\t\t\t\t\t\t\t\t\t<\/div>\n\t\t\t\t<\/div>\n\t\t\t\t\t<\/div>\n\t\t<\/div>\n\t\t\t\t<div class=\"elementor-column elementor-col-33 elementor-top-column elementor-element elementor-element-674e7bd\" data-id=\"674e7bd\" data-element_type=\"column\" data-e-type=\"column\">\n\t\t\t<div class=\"elementor-widget-wrap elementor-element-populated\">\n\t\t\t\t\t\t<div class=\"elementor-element elementor-element-f7cb663 elementor-widget elementor-widget-image\" data-id=\"f7cb663\" data-element_type=\"widget\" data-e-type=\"widget\" data-widget_type=\"image.default\">\n\t\t\t\t<div class=\"elementor-widget-container\">\n\t\t\t\t\t\t\t\t\t\t\t\t\t\t\t<img loading=\"lazy\" decoding=\"async\" width=\"768\" height=\"1024\" src=\"https:\/\/web.infn.it\/labec\/wp-content\/uploads\/2021\/11\/Chnet-Adorazione-Magi-768x1024.jpg\" class=\"attachment-large size-large wp-image-1053\" alt=\"\" srcset=\"https:\/\/web.infn.it\/labec\/wp-content\/uploads\/2021\/11\/Chnet-Adorazione-Magi-768x1024.jpg 768w, https:\/\/web.infn.it\/labec\/wp-content\/uploads\/2021\/11\/Chnet-Adorazione-Magi-225x300.jpg 225w, https:\/\/web.infn.it\/labec\/wp-content\/uploads\/2021\/11\/Chnet-Adorazione-Magi-1152x1536.jpg 1152w, https:\/\/web.infn.it\/labec\/wp-content\/uploads\/2021\/11\/Chnet-Adorazione-Magi-1536x2048.jpg 1536w, https:\/\/web.infn.it\/labec\/wp-content\/uploads\/2021\/11\/Chnet-Adorazione-Magi.jpg 1920w\" sizes=\"(max-width: 768px) 100vw, 768px\" \/>\t\t\t\t\t\t\t\t\t\t\t\t\t\t\t<\/div>\n\t\t\t\t<\/div>\n\t\t\t\t\t<\/div>\n\t\t<\/div>\n\t\t\t\t\t<\/div>\n\t\t<\/section>\n\t\t\t\t<\/div>\n\t\t","protected":false},"excerpt":{"rendered":"<p>IL LABEC svolge la sua attivit\u00e0 anche nell&#8217;ambito di reti di collaborazione nazionali e internazionali, che coinvolgono universit\u00e0 e istituti di ricerca, con l&#8217;obiettivo di portare avanti iniziative di innovazione nel campo dell&#8217;ambiente e dei Beni Culturali, oltre a fornire servizi di alta qualificazione soggetti pubblici e privati. Nel 2018 il LABEC si \u00e8 unito <a href=\"https:\/\/web.infn.it\/labec\/reti\/\" class=\"read-more inline\">Read More<\/a><\/p>\n","protected":false},"author":2,"featured_media":0,"parent":0,"menu_order":0,"comment_status":"closed","ping_status":"closed","template":"","meta":{"footnotes":""},"class_list":["post-202","page","type-page","status-publish","hentry"],"_links":{"self":[{"href":"https:\/\/web.infn.it\/labec\/wp-json\/wp\/v2\/pages\/202","targetHints":{"allow":["GET"]}}],"collection":[{"href":"https:\/\/web.infn.it\/labec\/wp-json\/wp\/v2\/pages"}],"about":[{"href":"https:\/\/web.infn.it\/labec\/wp-json\/wp\/v2\/types\/page"}],"author":[{"embeddable":true,"href":"https:\/\/web.infn.it\/labec\/wp-json\/wp\/v2\/users\/2"}],"replies":[{"embeddable":true,"href":"https:\/\/web.infn.it\/labec\/wp-json\/wp\/v2\/comments?post=202"}],"version-history":[{"count":150,"href":"https:\/\/web.infn.it\/labec\/wp-json\/wp\/v2\/pages\/202\/revisions"}],"predecessor-version":[{"id":2006,"href":"https:\/\/web.infn.it\/labec\/wp-json\/wp\/v2\/pages\/202\/revisions\/2006"}],"wp:attachment":[{"href":"https:\/\/web.infn.it\/labec\/wp-json\/wp\/v2\/media?parent=202"}],"curies":[{"name":"wp","href":"https:\/\/api.w.org\/{rel}","templated":true}]}}