{"id":25,"date":"2021-04-16T09:44:44","date_gmt":"2021-04-16T07:44:44","guid":{"rendered":"https:\/\/web.infn.it\/labec\/?page_id=25"},"modified":"2022-04-12T16:08:12","modified_gmt":"2022-04-12T14:08:12","slug":"beni-culturali","status":"publish","type":"page","link":"https:\/\/web.infn.it\/labec\/home\/beni-culturali\/","title":{"rendered":"Beni Culturali"},"content":{"rendered":"\t\t<div data-elementor-type=\"wp-page\" data-elementor-id=\"25\" class=\"elementor elementor-25\" data-elementor-post-type=\"page\">\n\t\t\t\t\t\t<section class=\"elementor-section elementor-top-section elementor-element elementor-element-8cfcdcb elementor-section-boxed elementor-section-height-default elementor-section-height-default\" data-id=\"8cfcdcb\" data-element_type=\"section\" data-e-type=\"section\">\n\t\t\t\t\t\t<div class=\"elementor-container elementor-column-gap-default\">\n\t\t\t\t\t<div class=\"elementor-column elementor-col-100 elementor-top-column elementor-element elementor-element-f64d188\" data-id=\"f64d188\" data-element_type=\"column\" data-e-type=\"column\">\n\t\t\t<div class=\"elementor-widget-wrap elementor-element-populated\">\n\t\t\t\t\t\t<div class=\"elementor-element elementor-element-c8aab16 elementor-widget elementor-widget-text-editor\" data-id=\"c8aab16\" data-element_type=\"widget\" data-e-type=\"widget\" data-widget_type=\"text-editor.default\">\n\t\t\t\t<div class=\"elementor-widget-container\">\n\t\t\t\t\t\t\t\t\t<h3>Lo studio della composizione dei materiali costituenti le opere d&#8217;arte e la datazione con radiocarbonio rappresentano strumenti fondamentali per approfondire la conoscenza del patrimonio culturale.<\/h3>\n<p>Opere e manufatti artistici sono fatti di materiali ed elementi che possono raccontare molto della storia di tali opere e degli artisti che le hanno realizzate. Per esempio, conoscere gli elementi di cui \u00e8 fatto un pigmento utilizzato in un dipinto ci pu\u00f2 dare informazioni sulla tecnica dell&#8217;artista, ma anche su quali possono essere i materiali pi\u00f9 compatibili da usare in un eventuale restauro; l&#8217;analisi di elementi in traccia pu\u00f2 aiutare per ricostruire\u00a0 le fonti di approvigionamento e le rotte commerciali, mentre pu\u00f2 anche supportare una datazione indiretta.\u00a0<br \/>La datazione tramite la misura della concentrazione residua di carbonio-14 (radiocarbonio) \u00e8 uno dei metodi pi\u00f9 conosciuti e pi\u00f9 applicati per la\u00a0<span style=\"font-family: Roboto, sans-serif; font-size: 15px; font-style: normal; color: var( --e-global-color-text ); font-weight: var( --e-global-typography-text-font-weight );\">datazione assoluta<\/span><span style=\"font-family: Roboto, sans-serif; font-size: 15px; font-style: normal; color: var( --e-global-color-text ); font-weight: var( --e-global-typography-text-font-weight );\">\u00a0di reperti di origine organica (anche se pu\u00f2 essere utilizzata anche in alcuni contesti per stimare l&#8217;et\u00e0 di sistemi inorganici).\u00a0<\/span><\/p>\t\t\t\t\t\t\t\t<\/div>\n\t\t\t\t<\/div>\n\t\t\t\t\t<\/div>\n\t\t<\/div>\n\t\t\t\t\t<\/div>\n\t\t<\/section>\n\t\t\t\t<section class=\"elementor-section elementor-top-section elementor-element elementor-element-701fc14 elementor-section-boxed elementor-section-height-default elementor-section-height-default\" data-id=\"701fc14\" data-element_type=\"section\" data-e-type=\"section\">\n\t\t\t\t\t\t<div class=\"elementor-container elementor-column-gap-default\">\n\t\t\t\t\t<div class=\"elementor-column elementor-col-100 elementor-top-column elementor-element elementor-element-d06a06c\" data-id=\"d06a06c\" data-element_type=\"column\" data-e-type=\"column\">\n\t\t\t<div class=\"elementor-widget-wrap elementor-element-populated\">\n\t\t\t\t\t\t<div class=\"elementor-element elementor-element-edefee9 elementor-widget elementor-widget-text-editor\" data-id=\"edefee9\" data-element_type=\"widget\" data-e-type=\"widget\" data-widget_type=\"text-editor.default\">\n\t\t\t\t<div class=\"elementor-widget-container\">\n\t\t\t\t\t\t\t\t\t<p><span style=\"font-family: Roboto, sans-serif; font-size: 15px; font-style: normal;\">Il LABEC si occupa dello studio della composizione delle opere d&#8217;arte tramite misure <b>IBA<\/b> (<\/span><span style=\"font-family: Roboto, sans-serif; font-size: 15px;\"><i>Ion Beam Analysis<\/i><\/span><span style=\"font-family: Roboto, sans-serif; font-size: 15px; font-style: normal;\">), in particolare <b>PIXE<\/b> (<\/span><span style=\"font-family: Roboto, sans-serif; font-size: 15px;\"><i>Particle Induced X-ray Emission<\/i><\/span><span style=\"font-family: Roboto, sans-serif; font-size: 15px; font-style: normal;\">) e, in maniera complementare, <\/span><span style=\"font-family: Roboto, sans-serif; font-size: 15px;\"><b>XRF<\/b><\/span><span style=\"font-family: Roboto, sans-serif; font-size: 15px; font-style: normal;\"> (X-ray Fluorescence). Le misure sono non invasive e non distruttive. Le misure IBA sono realizzate al canale dedicato installato presso l&#8217;acceleratore tandem, utilizzando un set-up di fascio esterno. Le misure XRF sono effettuate utilizzando uno dei diversi scanner sviluppati appositamente dal laboratorio, che sono portabili per misure in-situ e consentono di ottenere scansioni anche su larghe superfici.\u00a0<br \/>Le misure di concentrazione residua di radiocarbonio sono realizzate utilizzando la tecnica <b>AMS<\/b> (<\/span><span style=\"font-family: Roboto, sans-serif; font-size: 15px;\"><i>Accelerator Mass Spectrometry<\/i><\/span><span style=\"font-family: Roboto, sans-serif; font-size: 15px; font-style: normal;\">) che consente di minimizzare la massa di campione da prelevare e di ottenere risultati in tempi brevi. Il laboratorio \u00e8 attrezzato anche con un laboratorio di preparazione campioni dove si trattano campioni di massa fino a 50 microgrammi di carbonio.\u00a0<\/span><\/p>\t\t\t\t\t\t\t\t<\/div>\n\t\t\t\t<\/div>\n\t\t\t\t<div class=\"elementor-element elementor-element-2275ca3 elementor-widget elementor-widget-gallery\" data-id=\"2275ca3\" data-element_type=\"widget\" data-e-type=\"widget\" data-settings=\"{&quot;lazyload&quot;:&quot;yes&quot;,&quot;gallery_layout&quot;:&quot;grid&quot;,&quot;columns&quot;:4,&quot;columns_tablet&quot;:2,&quot;columns_mobile&quot;:1,&quot;gap&quot;:{&quot;unit&quot;:&quot;px&quot;,&quot;size&quot;:10,&quot;sizes&quot;:[]},&quot;gap_tablet&quot;:{&quot;unit&quot;:&quot;px&quot;,&quot;size&quot;:10,&quot;sizes&quot;:[]},&quot;gap_mobile&quot;:{&quot;unit&quot;:&quot;px&quot;,&quot;size&quot;:10,&quot;sizes&quot;:[]},&quot;link_to&quot;:&quot;file&quot;,&quot;aspect_ratio&quot;:&quot;3:2&quot;,&quot;overlay_background&quot;:&quot;yes&quot;,&quot;content_hover_animation&quot;:&quot;fade-in&quot;}\" data-widget_type=\"gallery.default\">\n\t\t\t\t<div class=\"elementor-widget-container\">\n\t\t\t\t\t\t\t<div class=\"elementor-gallery__container\">\n\t\t\t\t\t\t\t<a class=\"e-gallery-item elementor-gallery-item elementor-animated-content\" href=\"https:\/\/web.infn.it\/labec\/wp-content\/uploads\/2022\/04\/prime-miniature-analizzate.jpg\" data-elementor-open-lightbox=\"yes\" data-elementor-lightbox-slideshow=\"2275ca3\" data-elementor-lightbox-title=\"prime miniature analizzate\" data-e-action-hash=\"#elementor-action%3Aaction%3Dlightbox%26settings%3DeyJpZCI6MjAzMiwidXJsIjoiaHR0cHM6XC9cL3dlYi5pbmZuLml0XC9sYWJlY1wvd3AtY29udGVudFwvdXBsb2Fkc1wvMjAyMlwvMDRcL3ByaW1lLW1pbmlhdHVyZS1hbmFsaXp6YXRlLmpwZyIsInNsaWRlc2hvdyI6IjIyNzVjYTMifQ%3D%3D\">\n\t\t\t\t\t<div class=\"e-gallery-image elementor-gallery-item__image\" data-thumbnail=\"https:\/\/web.infn.it\/labec\/wp-content\/uploads\/2022\/04\/prime-miniature-analizzate-300x225.jpg\" data-width=\"300\" data-height=\"225\" aria-label=\"\" role=\"img\" ><\/div>\n\t\t\t\t\t\t\t\t\t\t\t<div class=\"elementor-gallery-item__overlay\"><\/div>\n\t\t\t\t\t\t\t\t\t\t\t\t\t\t<\/a>\n\t\t\t\t\t\t\t<a class=\"e-gallery-item elementor-gallery-item elementor-animated-content\" href=\"https:\/\/web.infn.it\/labec\/wp-content\/uploads\/2022\/04\/IMG_9562.png\" data-elementor-open-lightbox=\"yes\" data-elementor-lightbox-slideshow=\"2275ca3\" data-elementor-lightbox-title=\"IMG_9562\" data-e-action-hash=\"#elementor-action%3Aaction%3Dlightbox%26settings%3DeyJpZCI6MjAzMywidXJsIjoiaHR0cHM6XC9cL3dlYi5pbmZuLml0XC9sYWJlY1wvd3AtY29udGVudFwvdXBsb2Fkc1wvMjAyMlwvMDRcL0lNR185NTYyLnBuZyIsInNsaWRlc2hvdyI6IjIyNzVjYTMifQ%3D%3D\">\n\t\t\t\t\t<div class=\"e-gallery-image elementor-gallery-item__image\" data-thumbnail=\"https:\/\/web.infn.it\/labec\/wp-content\/uploads\/2022\/04\/IMG_9562-225x300.png\" data-width=\"225\" data-height=\"300\" aria-label=\"\" role=\"img\" ><\/div>\n\t\t\t\t\t\t\t\t\t\t\t<div class=\"elementor-gallery-item__overlay\"><\/div>\n\t\t\t\t\t\t\t\t\t\t\t\t\t\t<\/a>\n\t\t\t\t\t\t\t<a class=\"e-gallery-item elementor-gallery-item elementor-animated-content\" href=\"https:\/\/web.infn.it\/labec\/wp-content\/uploads\/2022\/04\/IMG_4128-scaled.jpg\" data-elementor-open-lightbox=\"yes\" data-elementor-lightbox-slideshow=\"2275ca3\" data-elementor-lightbox-title=\"IMG_4128\" data-e-action-hash=\"#elementor-action%3Aaction%3Dlightbox%26settings%3DeyJpZCI6MjAzOCwidXJsIjoiaHR0cHM6XC9cL3dlYi5pbmZuLml0XC9sYWJlY1wvd3AtY29udGVudFwvdXBsb2Fkc1wvMjAyMlwvMDRcL0lNR180MTI4LXNjYWxlZC5qcGciLCJzbGlkZXNob3ciOiIyMjc1Y2EzIn0%3D\">\n\t\t\t\t\t<div class=\"e-gallery-image elementor-gallery-item__image\" data-thumbnail=\"https:\/\/web.infn.it\/labec\/wp-content\/uploads\/2022\/04\/IMG_4128-225x300.jpg\" data-width=\"225\" data-height=\"300\" aria-label=\"\" role=\"img\" ><\/div>\n\t\t\t\t\t\t\t\t\t\t\t<div class=\"elementor-gallery-item__overlay\"><\/div>\n\t\t\t\t\t\t\t\t\t\t\t\t\t\t<\/a>\n\t\t\t\t\t\t\t<a class=\"e-gallery-item elementor-gallery-item elementor-animated-content\" href=\"https:\/\/web.infn.it\/labec\/wp-content\/uploads\/2022\/04\/IMG_6580-scaled.jpg\" data-elementor-open-lightbox=\"yes\" data-elementor-lightbox-slideshow=\"2275ca3\" data-elementor-lightbox-title=\"IMG_6580\" data-e-action-hash=\"#elementor-action%3Aaction%3Dlightbox%26settings%3DeyJpZCI6MjAzNywidXJsIjoiaHR0cHM6XC9cL3dlYi5pbmZuLml0XC9sYWJlY1wvd3AtY29udGVudFwvdXBsb2Fkc1wvMjAyMlwvMDRcL0lNR182NTgwLXNjYWxlZC5qcGciLCJzbGlkZXNob3ciOiIyMjc1Y2EzIn0%3D\">\n\t\t\t\t\t<div class=\"e-gallery-image elementor-gallery-item__image\" data-thumbnail=\"https:\/\/web.infn.it\/labec\/wp-content\/uploads\/2022\/04\/IMG_6580-225x300.jpg\" data-width=\"225\" data-height=\"300\" aria-label=\"\" role=\"img\" ><\/div>\n\t\t\t\t\t\t\t\t\t\t\t<div class=\"elementor-gallery-item__overlay\"><\/div>\n\t\t\t\t\t\t\t\t\t\t\t\t\t\t<\/a>\n\t\t\t\t\t<\/div>\n\t\t\t\t\t<\/div>\n\t\t\t\t<\/div>\n\t\t\t\t\t<\/div>\n\t\t<\/div>\n\t\t\t\t\t<\/div>\n\t\t<\/section>\n\t\t\t\t<section class=\"elementor-section elementor-top-section elementor-element elementor-element-4b70484 elementor-section-boxed elementor-section-height-default elementor-section-height-default\" data-id=\"4b70484\" data-element_type=\"section\" data-e-type=\"section\">\n\t\t\t\t\t\t<div class=\"elementor-container elementor-column-gap-default\">\n\t\t\t\t\t<div class=\"elementor-column elementor-col-100 elementor-top-column elementor-element elementor-element-455b733\" data-id=\"455b733\" data-element_type=\"column\" data-e-type=\"column\">\n\t\t\t<div class=\"elementor-widget-wrap elementor-element-populated\">\n\t\t\t\t\t\t<div class=\"elementor-element elementor-element-bb7a296 elementor-widget elementor-widget-spacer\" data-id=\"bb7a296\" data-element_type=\"widget\" data-e-type=\"widget\" data-widget_type=\"spacer.default\">\n\t\t\t\t<div class=\"elementor-widget-container\">\n\t\t\t\t\t\t\t<div class=\"elementor-spacer\">\n\t\t\t<div class=\"elementor-spacer-inner\"><\/div>\n\t\t<\/div>\n\t\t\t\t\t\t<\/div>\n\t\t\t\t<\/div>\n\t\t\t\t\t<\/div>\n\t\t<\/div>\n\t\t\t\t\t<\/div>\n\t\t<\/section>\n\t\t\t\t<section class=\"elementor-section elementor-top-section elementor-element elementor-element-61babac elementor-section-boxed elementor-section-height-default elementor-section-height-default\" data-id=\"61babac\" data-element_type=\"section\" data-e-type=\"section\">\n\t\t\t\t\t\t<div class=\"elementor-container elementor-column-gap-default\">\n\t\t\t\t\t<div class=\"elementor-column elementor-col-100 elementor-top-column elementor-element elementor-element-6c97256\" data-id=\"6c97256\" data-element_type=\"column\" data-e-type=\"column\">\n\t\t\t<div class=\"elementor-widget-wrap elementor-element-populated\">\n\t\t\t\t\t\t<div class=\"elementor-element elementor-element-20f0145 elementor-widget elementor-widget-text-editor\" data-id=\"20f0145\" data-element_type=\"widget\" data-e-type=\"widget\" data-widget_type=\"text-editor.default\">\n\t\t\t\t<div class=\"elementor-widget-container\">\n\t\t\t\t\t\t\t\t\t<p>Le attivit\u00e0 nel campo dei Beni Culturali sono svolte in un <b>contesto fortemente multisciplinare <\/b>che vede la collaborazione del laboratorio con i principali soggetti dedicati allo studio e alla conservazione del patrimonio, quali centri di restauro, come l&#8217;Opificio delle Pietre Dure, musei e soprintendenze. Il LABEC \u00e8 la struttura che guida CHNet, Cultural Heritage Network, la rete di laboratori INFN che si dedicano alle scienze del patrimonio. Nell&#8217;ambito di CHNet, importanti sono le collaborazioni che il laboratorio ha anche a livello internazionale, come quella con la New York University Abu Dhabi e la Universidad Nacional de San Martin, Buenos Aires.\u00a0<\/p>\t\t\t\t\t\t\t\t<\/div>\n\t\t\t\t<\/div>\n\t\t\t\t\t<\/div>\n\t\t<\/div>\n\t\t\t\t\t<\/div>\n\t\t<\/section>\n\t\t\t\t<section class=\"elementor-section elementor-top-section elementor-element elementor-element-c2cddcd elementor-section-boxed elementor-section-height-default elementor-section-height-default\" data-id=\"c2cddcd\" data-element_type=\"section\" data-e-type=\"section\">\n\t\t\t\t\t\t<div class=\"elementor-container elementor-column-gap-default\">\n\t\t\t\t\t<div class=\"elementor-column elementor-col-100 elementor-top-column elementor-element elementor-element-1e4a0ca\" data-id=\"1e4a0ca\" data-element_type=\"column\" data-e-type=\"column\">\n\t\t\t<div class=\"elementor-widget-wrap elementor-element-populated\">\n\t\t\t\t\t\t<div class=\"elementor-element elementor-element-d35d581 elementor--h-position-center elementor--v-position-middle elementor-arrows-position-inside elementor-pagination-position-inside elementor-widget elementor-widget-slides\" data-id=\"d35d581\" data-element_type=\"widget\" data-e-type=\"widget\" data-settings=\"{&quot;navigation&quot;:&quot;both&quot;,&quot;autoplay&quot;:&quot;yes&quot;,&quot;pause_on_hover&quot;:&quot;yes&quot;,&quot;pause_on_interaction&quot;:&quot;yes&quot;,&quot;autoplay_speed&quot;:5000,&quot;infinite&quot;:&quot;yes&quot;,&quot;transition&quot;:&quot;slide&quot;,&quot;transition_speed&quot;:500}\" data-widget_type=\"slides.default\">\n\t\t\t\t<div class=\"elementor-widget-container\">\n\t\t\t\t\t\t\t\t\t<div class=\"elementor-swiper\">\n\t\t\t\t\t<div class=\"elementor-slides-wrapper elementor-main-swiper swiper\" role=\"region\" aria-roledescription=\"carousel\" aria-label=\"Slides\" dir=\"ltr\" data-animation=\"fadeInUp\">\n\t\t\t\t<div class=\"swiper-wrapper elementor-slides\">\n\t\t\t\t\t\t\t\t\t\t<div class=\"elementor-repeater-item-c6fc502 swiper-slide\" role=\"group\" aria-roledescription=\"slide\"><div class=\"swiper-slide-bg\" role=\"img\" aria-label=\"Mantegna\"><\/div><div class=\"swiper-slide-inner\" ><div class=\"swiper-slide-contents\"><\/div><\/div><\/div><div class=\"elementor-repeater-item-0f67b29 swiper-slide\" role=\"group\" aria-roledescription=\"slide\"><div class=\"swiper-slide-bg\" role=\"img\" aria-label=\"20130401_093442p_2\"><\/div><div class=\"swiper-slide-inner\" ><div class=\"swiper-slide-contents\"><\/div><\/div><\/div><div class=\"elementor-repeater-item-97192b4 swiper-slide\" role=\"group\" aria-roledescription=\"slide\"><div class=\"swiper-slide-bg\" role=\"img\" aria-label=\"20150316_132358\"><\/div><div class=\"swiper-slide-inner\" ><div class=\"swiper-slide-contents\"><\/div><\/div><\/div><div class=\"elementor-repeater-item-94b6b93 swiper-slide\" role=\"group\" aria-roledescription=\"slide\"><div class=\"swiper-slide-bg\" role=\"img\" aria-label=\"WhatsApp Image 2022-04-12 at 16.02.00\"><\/div><div class=\"swiper-slide-inner\" ><div class=\"swiper-slide-contents\"><\/div><\/div><\/div>\t\t\t\t<\/div>\n\t\t\t\t\t\t\t\t\t\t\t\t\t\t\t<div class=\"elementor-swiper-button elementor-swiper-button-prev\" role=\"button\" tabindex=\"0\" aria-label=\"Diapositiva precedente\">\n\t\t\t\t\t\t\t<i aria-hidden=\"true\" class=\"eicon-chevron-left\"><\/i>\t\t\t\t\t\t<\/div>\n\t\t\t\t\t\t<div class=\"elementor-swiper-button elementor-swiper-button-next\" role=\"button\" tabindex=\"0\" aria-label=\"Prossima diapositiva\">\n\t\t\t\t\t\t\t<i aria-hidden=\"true\" class=\"eicon-chevron-right\"><\/i>\t\t\t\t\t\t<\/div>\n\t\t\t\t\t\t\t\t\t\t\t\t\t\t\t\t<div class=\"swiper-pagination\"><\/div>\n\t\t\t\t\t\t\t\t\t\t\t\t<\/div>\n\t\t\t\t<\/div>\n\t\t\t\t\t\t\t\t<\/div>\n\t\t\t\t<\/div>\n\t\t\t\t\t<\/div>\n\t\t<\/div>\n\t\t\t\t\t<\/div>\n\t\t<\/section>\n\t\t\t\t<section class=\"elementor-section elementor-top-section elementor-element elementor-element-73542f2 elementor-section-boxed elementor-section-height-default elementor-section-height-default\" data-id=\"73542f2\" data-element_type=\"section\" data-e-type=\"section\">\n\t\t\t\t\t\t<div class=\"elementor-container elementor-column-gap-default\">\n\t\t\t\t\t<div class=\"elementor-column elementor-col-100 elementor-top-column elementor-element elementor-element-92e81da\" data-id=\"92e81da\" data-element_type=\"column\" data-e-type=\"column\">\n\t\t\t<div class=\"elementor-widget-wrap elementor-element-populated\">\n\t\t\t\t\t\t<div class=\"elementor-element elementor-element-e930ca1 elementor-widget elementor-widget-text-editor\" data-id=\"e930ca1\" data-element_type=\"widget\" data-e-type=\"widget\" data-widget_type=\"text-editor.default\">\n\t\t\t\t<div class=\"elementor-widget-container\">\n\t\t\t\t\t\t\t\t\t<p>Le collaborazioni riguardano sia campagne di misura in contesti storico-artistici e archeologici sia lo sviluppo di strumentazione innovativa. Ne sono esempio il nuovo acceleratore trasportabile MACHINA, gli scanner XRF, il set-up di combustione-grafitizzazione per piccoli campioni per AMS.\u00a0<\/p>\t\t\t\t\t\t\t\t<\/div>\n\t\t\t\t<\/div>\n\t\t\t\t<div class=\"elementor-element elementor-element-305c0c9 elementor-widget elementor-widget-gallery\" data-id=\"305c0c9\" data-element_type=\"widget\" data-e-type=\"widget\" data-settings=\"{&quot;lazyload&quot;:&quot;yes&quot;,&quot;gallery_layout&quot;:&quot;grid&quot;,&quot;columns&quot;:4,&quot;columns_tablet&quot;:2,&quot;columns_mobile&quot;:1,&quot;gap&quot;:{&quot;unit&quot;:&quot;px&quot;,&quot;size&quot;:10,&quot;sizes&quot;:[]},&quot;gap_tablet&quot;:{&quot;unit&quot;:&quot;px&quot;,&quot;size&quot;:10,&quot;sizes&quot;:[]},&quot;gap_mobile&quot;:{&quot;unit&quot;:&quot;px&quot;,&quot;size&quot;:10,&quot;sizes&quot;:[]},&quot;link_to&quot;:&quot;file&quot;,&quot;aspect_ratio&quot;:&quot;3:2&quot;,&quot;overlay_background&quot;:&quot;yes&quot;,&quot;content_hover_animation&quot;:&quot;fade-in&quot;}\" data-widget_type=\"gallery.default\">\n\t\t\t\t<div class=\"elementor-widget-container\">\n\t\t\t\t\t\t\t<div class=\"elementor-gallery__container\">\n\t\t\t\t\t\t\t<a class=\"e-gallery-item elementor-gallery-item elementor-animated-content\" href=\"https:\/\/web.infn.it\/labec\/wp-content\/uploads\/2022\/04\/DSCN6977_mod.jpg\" data-elementor-open-lightbox=\"yes\" data-elementor-lightbox-slideshow=\"305c0c9\" data-elementor-lightbox-title=\"DSCN6977_mod\" data-e-action-hash=\"#elementor-action%3Aaction%3Dlightbox%26settings%3DeyJpZCI6MjA0OCwidXJsIjoiaHR0cHM6XC9cL3dlYi5pbmZuLml0XC9sYWJlY1wvd3AtY29udGVudFwvdXBsb2Fkc1wvMjAyMlwvMDRcL0RTQ042OTc3X21vZC5qcGciLCJzbGlkZXNob3ciOiIzMDVjMGM5In0%3D\">\n\t\t\t\t\t<div class=\"e-gallery-image elementor-gallery-item__image\" data-thumbnail=\"https:\/\/web.infn.it\/labec\/wp-content\/uploads\/2022\/04\/DSCN6977_mod-226x300.jpg\" data-width=\"226\" data-height=\"300\" aria-label=\"\" role=\"img\" ><\/div>\n\t\t\t\t\t\t\t\t\t\t\t<div class=\"elementor-gallery-item__overlay\"><\/div>\n\t\t\t\t\t\t\t\t\t\t\t\t\t\t<\/a>\n\t\t\t\t\t\t\t<a class=\"e-gallery-item elementor-gallery-item elementor-animated-content\" href=\"https:\/\/web.infn.it\/labec\/wp-content\/uploads\/2022\/04\/IMG_0188-scaled.jpg\" data-elementor-open-lightbox=\"yes\" data-elementor-lightbox-slideshow=\"305c0c9\" data-elementor-lightbox-title=\"IMG_0188\" data-e-action-hash=\"#elementor-action%3Aaction%3Dlightbox%26settings%3DeyJpZCI6MjA1MCwidXJsIjoiaHR0cHM6XC9cL3dlYi5pbmZuLml0XC9sYWJlY1wvd3AtY29udGVudFwvdXBsb2Fkc1wvMjAyMlwvMDRcL0lNR18wMTg4LXNjYWxlZC5qcGciLCJzbGlkZXNob3ciOiIzMDVjMGM5In0%3D\">\n\t\t\t\t\t<div class=\"e-gallery-image elementor-gallery-item__image\" data-thumbnail=\"https:\/\/web.infn.it\/labec\/wp-content\/uploads\/2022\/04\/IMG_0188-225x300.jpg\" data-width=\"225\" data-height=\"300\" aria-label=\"\" role=\"img\" ><\/div>\n\t\t\t\t\t\t\t\t\t\t\t<div class=\"elementor-gallery-item__overlay\"><\/div>\n\t\t\t\t\t\t\t\t\t\t\t\t\t\t<\/a>\n\t\t\t\t\t\t\t<a class=\"e-gallery-item elementor-gallery-item elementor-animated-content\" href=\"https:\/\/web.infn.it\/labec\/wp-content\/uploads\/2021\/09\/34308593_1073654402808833_2966549175660969984_n.jpg\" data-elementor-open-lightbox=\"yes\" data-elementor-lightbox-slideshow=\"305c0c9\" data-elementor-lightbox-title=\"34308593_1073654402808833_2966549175660969984_n\" data-e-action-hash=\"#elementor-action%3Aaction%3Dlightbox%26settings%3DeyJpZCI6NTYyLCJ1cmwiOiJodHRwczpcL1wvd2ViLmluZm4uaXRcL2xhYmVjXC93cC1jb250ZW50XC91cGxvYWRzXC8yMDIxXC8wOVwvMzQzMDg1OTNfMTA3MzY1NDQwMjgwODgzM18yOTY2NTQ5MTc1NjYwOTY5OTg0X24uanBnIiwic2xpZGVzaG93IjoiMzA1YzBjOSJ9\">\n\t\t\t\t\t<div class=\"e-gallery-image elementor-gallery-item__image\" data-thumbnail=\"https:\/\/web.infn.it\/labec\/wp-content\/uploads\/2021\/09\/34308593_1073654402808833_2966549175660969984_n-300x169.jpg\" data-width=\"300\" data-height=\"169\" aria-label=\"\" role=\"img\" ><\/div>\n\t\t\t\t\t\t\t\t\t\t\t<div class=\"elementor-gallery-item__overlay\"><\/div>\n\t\t\t\t\t\t\t\t\t\t\t\t\t\t<\/a>\n\t\t\t\t\t\t\t<a class=\"e-gallery-item elementor-gallery-item elementor-animated-content\" href=\"https:\/\/web.infn.it\/labec\/wp-content\/uploads\/2022\/04\/P1000397.jpg\" data-elementor-open-lightbox=\"yes\" data-elementor-lightbox-slideshow=\"305c0c9\" data-elementor-lightbox-title=\"P1000397\" data-e-action-hash=\"#elementor-action%3Aaction%3Dlightbox%26settings%3DeyJpZCI6MjA1MSwidXJsIjoiaHR0cHM6XC9cL3dlYi5pbmZuLml0XC9sYWJlY1wvd3AtY29udGVudFwvdXBsb2Fkc1wvMjAyMlwvMDRcL1AxMDAwMzk3LmpwZyIsInNsaWRlc2hvdyI6IjMwNWMwYzkifQ%3D%3D\">\n\t\t\t\t\t<div class=\"e-gallery-image elementor-gallery-item__image\" data-thumbnail=\"https:\/\/web.infn.it\/labec\/wp-content\/uploads\/2022\/04\/P1000397-300x225.jpg\" data-width=\"300\" data-height=\"225\" aria-label=\"\" role=\"img\" ><\/div>\n\t\t\t\t\t\t\t\t\t\t\t<div class=\"elementor-gallery-item__overlay\"><\/div>\n\t\t\t\t\t\t\t\t\t\t\t\t\t\t<\/a>\n\t\t\t\t\t<\/div>\n\t\t\t\t\t<\/div>\n\t\t\t\t<\/div>\n\t\t\t\t\t<\/div>\n\t\t<\/div>\n\t\t\t\t\t<\/div>\n\t\t<\/section>\n\t\t\t\t<\/div>\n\t\t","protected":false},"excerpt":{"rendered":"<p>Lo studio della composizione dei materiali costituenti le opere d&#8217;arte e la datazione con radiocarbonio rappresentano strumenti fondamentali per approfondire la conoscenza del patrimonio culturale. Opere e manufatti artistici sono fatti di materiali ed elementi che possono raccontare molto della storia di tali opere e degli artisti che le hanno realizzate. Per esempio, conoscere gli <a href=\"https:\/\/web.infn.it\/labec\/home\/beni-culturali\/\" class=\"read-more inline\">Read More<\/a><\/p>\n","protected":false},"author":2,"featured_media":0,"parent":73,"menu_order":0,"comment_status":"closed","ping_status":"closed","template":"","meta":{"footnotes":""},"class_list":["post-25","page","type-page","status-publish","hentry"],"_links":{"self":[{"href":"https:\/\/web.infn.it\/labec\/wp-json\/wp\/v2\/pages\/25","targetHints":{"allow":["GET"]}}],"collection":[{"href":"https:\/\/web.infn.it\/labec\/wp-json\/wp\/v2\/pages"}],"about":[{"href":"https:\/\/web.infn.it\/labec\/wp-json\/wp\/v2\/types\/page"}],"author":[{"embeddable":true,"href":"https:\/\/web.infn.it\/labec\/wp-json\/wp\/v2\/users\/2"}],"replies":[{"embeddable":true,"href":"https:\/\/web.infn.it\/labec\/wp-json\/wp\/v2\/comments?post=25"}],"version-history":[{"count":45,"href":"https:\/\/web.infn.it\/labec\/wp-json\/wp\/v2\/pages\/25\/revisions"}],"predecessor-version":[{"id":2078,"href":"https:\/\/web.infn.it\/labec\/wp-json\/wp\/v2\/pages\/25\/revisions\/2078"}],"up":[{"embeddable":true,"href":"https:\/\/web.infn.it\/labec\/wp-json\/wp\/v2\/pages\/73"}],"wp:attachment":[{"href":"https:\/\/web.infn.it\/labec\/wp-json\/wp\/v2\/media?parent=25"}],"curies":[{"name":"wp","href":"https:\/\/api.w.org\/{rel}","templated":true}]}}