{"id":27,"date":"2021-04-16T09:45:02","date_gmt":"2021-04-16T07:45:02","guid":{"rendered":"https:\/\/web.infn.it\/labec\/?page_id=27"},"modified":"2022-04-11T15:05:31","modified_gmt":"2022-04-11T13:05:31","slug":"acceleratori","status":"publish","type":"page","link":"https:\/\/web.infn.it\/labec\/home\/acceleratori\/","title":{"rendered":"Acceleratori"},"content":{"rendered":"\t\t<div data-elementor-type=\"wp-page\" data-elementor-id=\"27\" class=\"elementor elementor-27\" data-elementor-post-type=\"page\">\n\t\t\t\t\t\t<section class=\"elementor-section elementor-top-section elementor-element elementor-element-529939f elementor-section-boxed elementor-section-height-default elementor-section-height-default\" data-id=\"529939f\" data-element_type=\"section\" data-e-type=\"section\">\n\t\t\t\t\t\t<div class=\"elementor-container elementor-column-gap-default\">\n\t\t\t\t\t<div class=\"elementor-column elementor-col-100 elementor-top-column elementor-element elementor-element-daec5dd\" data-id=\"daec5dd\" data-element_type=\"column\" data-e-type=\"column\">\n\t\t\t<div class=\"elementor-widget-wrap elementor-element-populated\">\n\t\t\t\t\t\t<div class=\"elementor-element elementor-element-2b294d4 elementor-widget elementor-widget-text-editor\" data-id=\"2b294d4\" data-element_type=\"widget\" data-e-type=\"widget\" data-widget_type=\"text-editor.default\">\n\t\t\t\t<div class=\"elementor-widget-container\">\n\t\t\t\t\t\t\t\t\t<h3>Gli acceleratori, come l&#8217;acceleratore elettrostatico tandem da 3 MV e il nuovo acceleratore MACHINA sviluppato proprio dal LABEC, rappresentano il cuore delle attivit\u00e0 del laboratorio.<\/h3>\t\t\t\t\t\t\t\t<\/div>\n\t\t\t\t<\/div>\n\t\t\t\t\t<\/div>\n\t\t<\/div>\n\t\t\t\t\t<\/div>\n\t\t<\/section>\n\t\t\t\t<section class=\"elementor-section elementor-top-section elementor-element elementor-element-fba3ea0 elementor-section-boxed elementor-section-height-default elementor-section-height-default\" data-id=\"fba3ea0\" data-element_type=\"section\" data-e-type=\"section\">\n\t\t\t\t\t\t<div class=\"elementor-container elementor-column-gap-default\">\n\t\t\t\t\t<div class=\"elementor-column elementor-col-100 elementor-top-column elementor-element elementor-element-d83f311\" data-id=\"d83f311\" data-element_type=\"column\" data-e-type=\"column\">\n\t\t\t<div class=\"elementor-widget-wrap elementor-element-populated\">\n\t\t\t\t\t\t<div class=\"elementor-element elementor-element-6627ac8 elementor-widget elementor-widget-text-editor\" data-id=\"6627ac8\" data-element_type=\"widget\" data-e-type=\"widget\" data-widget_type=\"text-editor.default\">\n\t\t\t\t<div class=\"elementor-widget-container\">\n\t\t\t\t\t\t\t\t\t<p>L&#8217;acceleratore principale del LABEC \u00e8 un <strong>acceleratore elettrostatico tandem da 3 MV<\/strong> come tensione di terminale. Il sistema \u00e8 fornito di tre sorgenti\u00a0<span style=\"font-family: Roboto, sans-serif; font-size: 15px; font-style: normal; color: var( --e-global-color-text ); font-weight: var( --e-global-typography-text-font-weight );\">indipendenti\u00a0<\/span><span style=\"font-size: 15px; color: var( --e-global-color-text ); font-weight: var( --e-global-typography-text-font-weight );\">di ioni: due sono del tipo a <\/span><em style=\"font-size: 15px; color: var( --e-global-color-text ); font-weight: var( --e-global-typography-text-font-weight );\">sputtering<\/em><span style=\"font-size: 15px; color: var( --e-global-color-text ); font-weight: var( --e-global-typography-text-font-weight );\"> con ioni cesio (una \u00e8 esclusivamente dedicata alle misure di Accelerator Mass Spectrometry &#8211; AMS), mentre una \u00e8 del tipo Duoplasmatron. Nella parte ad alta energia, sono installati sei diversi canali di misura dedicati a: AMS,\u00a0 misure di Ion Beam Analysis (IBA) sia in vuoto che con fascio esterno, per ambiente e beni culturali, e impiantazioni.\u00a0<\/span><\/p>\t\t\t\t\t\t\t\t<\/div>\n\t\t\t\t<\/div>\n\t\t\t\t\t<\/div>\n\t\t<\/div>\n\t\t\t\t\t<\/div>\n\t\t<\/section>\n\t\t\t\t<section class=\"elementor-section elementor-top-section elementor-element elementor-element-98a341b elementor-section-boxed elementor-section-height-default elementor-section-height-default\" data-id=\"98a341b\" data-element_type=\"section\" data-e-type=\"section\">\n\t\t\t\t\t\t<div class=\"elementor-container elementor-column-gap-default\">\n\t\t\t\t\t<div class=\"elementor-column elementor-col-100 elementor-top-column elementor-element elementor-element-b49ccf4\" data-id=\"b49ccf4\" data-element_type=\"column\" data-e-type=\"column\">\n\t\t\t<div class=\"elementor-widget-wrap elementor-element-populated\">\n\t\t\t\t\t\t<div class=\"elementor-element elementor-element-fd23296 elementor-widget elementor-widget-gallery\" data-id=\"fd23296\" data-element_type=\"widget\" data-e-type=\"widget\" data-settings=\"{&quot;lazyload&quot;:&quot;yes&quot;,&quot;gallery_layout&quot;:&quot;grid&quot;,&quot;columns&quot;:4,&quot;columns_tablet&quot;:2,&quot;columns_mobile&quot;:1,&quot;gap&quot;:{&quot;unit&quot;:&quot;px&quot;,&quot;size&quot;:10,&quot;sizes&quot;:[]},&quot;gap_tablet&quot;:{&quot;unit&quot;:&quot;px&quot;,&quot;size&quot;:10,&quot;sizes&quot;:[]},&quot;gap_mobile&quot;:{&quot;unit&quot;:&quot;px&quot;,&quot;size&quot;:10,&quot;sizes&quot;:[]},&quot;link_to&quot;:&quot;file&quot;,&quot;aspect_ratio&quot;:&quot;3:2&quot;,&quot;overlay_background&quot;:&quot;yes&quot;,&quot;content_hover_animation&quot;:&quot;fade-in&quot;}\" data-widget_type=\"gallery.default\">\n\t\t\t\t<div class=\"elementor-widget-container\">\n\t\t\t\t\t\t\t<div class=\"elementor-gallery__container\">\n\t\t\t\t\t\t\t<a class=\"e-gallery-item elementor-gallery-item elementor-animated-content\" href=\"https:\/\/web.infn.it\/labec\/wp-content\/uploads\/2021\/12\/IMG_0208-scaled.jpg\" data-elementor-open-lightbox=\"yes\" data-elementor-lightbox-slideshow=\"fd23296\" data-elementor-lightbox-title=\"IMG_0208\" data-e-action-hash=\"#elementor-action%3Aaction%3Dlightbox%26settings%3DeyJpZCI6MTI4NiwidXJsIjoiaHR0cHM6XC9cL3dlYi5pbmZuLml0XC9sYWJlY1wvd3AtY29udGVudFwvdXBsb2Fkc1wvMjAyMVwvMTJcL0lNR18wMjA4LXNjYWxlZC5qcGciLCJzbGlkZXNob3ciOiJmZDIzMjk2In0%3D\">\n\t\t\t\t\t<div class=\"e-gallery-image elementor-gallery-item__image\" data-thumbnail=\"https:\/\/web.infn.it\/labec\/wp-content\/uploads\/2021\/12\/IMG_0208-300x225.jpg\" data-width=\"300\" data-height=\"225\" aria-label=\"\" role=\"img\" ><\/div>\n\t\t\t\t\t\t\t\t\t\t\t<div class=\"elementor-gallery-item__overlay\"><\/div>\n\t\t\t\t\t\t\t\t\t\t\t\t\t\t<\/a>\n\t\t\t\t\t\t\t<a class=\"e-gallery-item elementor-gallery-item elementor-animated-content\" href=\"https:\/\/web.infn.it\/labec\/wp-content\/uploads\/2021\/04\/LowEnergy.png\" data-elementor-open-lightbox=\"yes\" data-elementor-lightbox-slideshow=\"fd23296\" data-elementor-lightbox-title=\"Acceleratore tandem - tubo di bassa energia\" data-e-action-hash=\"#elementor-action%3Aaction%3Dlightbox%26settings%3DeyJpZCI6NDAsInVybCI6Imh0dHBzOlwvXC93ZWIuaW5mbi5pdFwvbGFiZWNcL3dwLWNvbnRlbnRcL3VwbG9hZHNcLzIwMjFcLzA0XC9Mb3dFbmVyZ3kucG5nIiwic2xpZGVzaG93IjoiZmQyMzI5NiJ9\">\n\t\t\t\t\t<div class=\"e-gallery-image elementor-gallery-item__image\" data-thumbnail=\"https:\/\/web.infn.it\/labec\/wp-content\/uploads\/2021\/04\/LowEnergy-300x225.png\" data-width=\"300\" data-height=\"225\" aria-label=\"\" role=\"img\" ><\/div>\n\t\t\t\t\t\t\t\t\t\t\t<div class=\"elementor-gallery-item__overlay\"><\/div>\n\t\t\t\t\t\t\t\t\t\t\t\t\t\t<\/a>\n\t\t\t\t\t\t\t<a class=\"e-gallery-item elementor-gallery-item elementor-animated-content\" href=\"https:\/\/web.infn.it\/labec\/wp-content\/uploads\/2021\/04\/20160623_111159-scaled.jpg\" data-elementor-open-lightbox=\"yes\" data-elementor-lightbox-slideshow=\"fd23296\" data-elementor-lightbox-title=\"Acceleratore tandem - estremit\u00e0 della colonna di carica\" data-e-action-hash=\"#elementor-action%3Aaction%3Dlightbox%26settings%3DeyJpZCI6MzksInVybCI6Imh0dHBzOlwvXC93ZWIuaW5mbi5pdFwvbGFiZWNcL3dwLWNvbnRlbnRcL3VwbG9hZHNcLzIwMjFcLzA0XC8yMDE2MDYyM18xMTExNTktc2NhbGVkLmpwZyIsInNsaWRlc2hvdyI6ImZkMjMyOTYifQ%3D%3D\">\n\t\t\t\t\t<div class=\"e-gallery-image elementor-gallery-item__image\" data-thumbnail=\"https:\/\/web.infn.it\/labec\/wp-content\/uploads\/2021\/04\/20160623_111159-300x169.jpg\" data-width=\"300\" data-height=\"169\" aria-label=\"\" role=\"img\" ><\/div>\n\t\t\t\t\t\t\t\t\t\t\t<div class=\"elementor-gallery-item__overlay\"><\/div>\n\t\t\t\t\t\t\t\t\t\t\t\t\t\t<\/a>\n\t\t\t\t\t\t\t<a class=\"e-gallery-item elementor-gallery-item elementor-animated-content\" href=\"https:\/\/web.infn.it\/labec\/wp-content\/uploads\/2021\/04\/20160620_090515-scaled.jpg\" data-elementor-open-lightbox=\"yes\" data-elementor-lightbox-slideshow=\"fd23296\" data-elementor-lightbox-title=\"Acceleratore tandem - colonna di carica\" data-e-action-hash=\"#elementor-action%3Aaction%3Dlightbox%26settings%3DeyJpZCI6MzgsInVybCI6Imh0dHBzOlwvXC93ZWIuaW5mbi5pdFwvbGFiZWNcL3dwLWNvbnRlbnRcL3VwbG9hZHNcLzIwMjFcLzA0XC8yMDE2MDYyMF8wOTA1MTUtc2NhbGVkLmpwZyIsInNsaWRlc2hvdyI6ImZkMjMyOTYifQ%3D%3D\">\n\t\t\t\t\t<div class=\"e-gallery-image elementor-gallery-item__image\" data-thumbnail=\"https:\/\/web.infn.it\/labec\/wp-content\/uploads\/2021\/04\/20160620_090515-300x169.jpg\" data-width=\"300\" data-height=\"169\" aria-label=\"\" role=\"img\" ><\/div>\n\t\t\t\t\t\t\t\t\t\t\t<div class=\"elementor-gallery-item__overlay\"><\/div>\n\t\t\t\t\t\t\t\t\t\t\t\t\t\t<\/a>\n\t\t\t\t\t<\/div>\n\t\t\t\t\t<\/div>\n\t\t\t\t<\/div>\n\t\t\t\t\t<\/div>\n\t\t<\/div>\n\t\t\t\t\t<\/div>\n\t\t<\/section>\n\t\t\t\t<section class=\"elementor-section elementor-top-section elementor-element elementor-element-17f8a88 elementor-section-boxed elementor-section-height-default elementor-section-height-default\" data-id=\"17f8a88\" data-element_type=\"section\" data-e-type=\"section\">\n\t\t\t\t\t\t<div class=\"elementor-container elementor-column-gap-default\">\n\t\t\t\t\t<div class=\"elementor-column elementor-col-100 elementor-top-column elementor-element elementor-element-8e14faf\" data-id=\"8e14faf\" data-element_type=\"column\" data-e-type=\"column\">\n\t\t\t<div class=\"elementor-widget-wrap elementor-element-populated\">\n\t\t\t\t\t\t<div class=\"elementor-element elementor-element-e3c3c6f elementor-widget elementor-widget-spacer\" data-id=\"e3c3c6f\" data-element_type=\"widget\" data-e-type=\"widget\" data-widget_type=\"spacer.default\">\n\t\t\t\t<div class=\"elementor-widget-container\">\n\t\t\t\t\t\t\t<div class=\"elementor-spacer\">\n\t\t\t<div class=\"elementor-spacer-inner\"><\/div>\n\t\t<\/div>\n\t\t\t\t\t\t<\/div>\n\t\t\t\t<\/div>\n\t\t\t\t\t<\/div>\n\t\t<\/div>\n\t\t\t\t\t<\/div>\n\t\t<\/section>\n\t\t\t\t<section class=\"elementor-section elementor-top-section elementor-element elementor-element-5fe4512 elementor-section-boxed elementor-section-height-default elementor-section-height-default\" data-id=\"5fe4512\" data-element_type=\"section\" data-e-type=\"section\">\n\t\t\t\t\t\t<div class=\"elementor-container elementor-column-gap-default\">\n\t\t\t\t\t<div class=\"elementor-column elementor-col-100 elementor-top-column elementor-element elementor-element-b732045\" data-id=\"b732045\" data-element_type=\"column\" data-e-type=\"column\">\n\t\t\t<div class=\"elementor-widget-wrap elementor-element-populated\">\n\t\t\t\t\t\t<div class=\"elementor-element elementor-element-e5a5341 elementor-widget elementor-widget-text-editor\" data-id=\"e5a5341\" data-element_type=\"widget\" data-e-type=\"widget\" data-widget_type=\"text-editor.default\">\n\t\t\t\t<div class=\"elementor-widget-container\">\n\t\t\t\t\t\t\t\t\t<p>L&#8217;acceleratore con le diverse linee di fascio \u00e8 costantemente aggiornato e modificato per ottimizzare i set-up sperimentali e adattarli alle diverse esigenze legate agli esperimenti e campagne di misura in atto.<\/p>\t\t\t\t\t\t\t\t<\/div>\n\t\t\t\t<\/div>\n\t\t\t\t\t<\/div>\n\t\t<\/div>\n\t\t\t\t\t<\/div>\n\t\t<\/section>\n\t\t\t\t<section class=\"elementor-section elementor-top-section elementor-element elementor-element-9a67d00 elementor-section-boxed elementor-section-height-default elementor-section-height-default\" data-id=\"9a67d00\" data-element_type=\"section\" data-e-type=\"section\">\n\t\t\t\t\t\t<div class=\"elementor-container elementor-column-gap-default\">\n\t\t\t\t\t<div class=\"elementor-column elementor-col-100 elementor-top-column elementor-element elementor-element-fd1d183\" data-id=\"fd1d183\" data-element_type=\"column\" data-e-type=\"column\">\n\t\t\t<div class=\"elementor-widget-wrap elementor-element-populated\">\n\t\t\t\t\t\t<div class=\"elementor-element elementor-element-f22aad4 elementor--h-position-center elementor--v-position-middle elementor-arrows-position-inside elementor-pagination-position-inside elementor-widget elementor-widget-slides\" data-id=\"f22aad4\" data-element_type=\"widget\" data-e-type=\"widget\" data-settings=\"{&quot;navigation&quot;:&quot;both&quot;,&quot;autoplay&quot;:&quot;yes&quot;,&quot;pause_on_hover&quot;:&quot;yes&quot;,&quot;pause_on_interaction&quot;:&quot;yes&quot;,&quot;autoplay_speed&quot;:5000,&quot;infinite&quot;:&quot;yes&quot;,&quot;transition&quot;:&quot;slide&quot;,&quot;transition_speed&quot;:500}\" data-widget_type=\"slides.default\">\n\t\t\t\t<div class=\"elementor-widget-container\">\n\t\t\t\t\t\t\t\t\t<div class=\"elementor-swiper\">\n\t\t\t\t\t<div class=\"elementor-slides-wrapper elementor-main-swiper swiper\" role=\"region\" aria-roledescription=\"carousel\" aria-label=\"Slides\" dir=\"ltr\" data-animation=\"fadeInUp\">\n\t\t\t\t<div class=\"swiper-wrapper elementor-slides\">\n\t\t\t\t\t\t\t\t\t\t<div class=\"elementor-repeater-item-c6fc502 swiper-slide\" role=\"group\" aria-roledescription=\"slide\"><div class=\"swiper-slide-bg\" role=\"img\" aria-label=\"IMG_0501\"><\/div><div class=\"swiper-slide-inner\" ><div class=\"swiper-slide-contents\"><\/div><\/div><\/div><div class=\"elementor-repeater-item-97192b4 swiper-slide\" role=\"group\" aria-roledescription=\"slide\"><div class=\"swiper-slide-bg\" role=\"img\" aria-label=\"Punto misura IBA Beni Culturali\"><\/div><div class=\"swiper-slide-inner\" ><div class=\"swiper-slide-contents\"><\/div><\/div><\/div><div class=\"elementor-repeater-item-94b6b93 swiper-slide\" role=\"group\" aria-roledescription=\"slide\"><div class=\"swiper-slide-bg\" role=\"img\" aria-label=\"Machina - sezione acceleratore\"><\/div><div class=\"swiper-slide-inner\" ><div class=\"swiper-slide-contents\"><\/div><\/div><\/div>\t\t\t\t<\/div>\n\t\t\t\t\t\t\t\t\t\t\t\t\t\t\t<div class=\"elementor-swiper-button elementor-swiper-button-prev\" role=\"button\" tabindex=\"0\" aria-label=\"Diapositiva precedente\">\n\t\t\t\t\t\t\t<i aria-hidden=\"true\" class=\"eicon-chevron-left\"><\/i>\t\t\t\t\t\t<\/div>\n\t\t\t\t\t\t<div class=\"elementor-swiper-button elementor-swiper-button-next\" role=\"button\" tabindex=\"0\" aria-label=\"Prossima diapositiva\">\n\t\t\t\t\t\t\t<i aria-hidden=\"true\" class=\"eicon-chevron-right\"><\/i>\t\t\t\t\t\t<\/div>\n\t\t\t\t\t\t\t\t\t\t\t\t\t\t\t\t<div class=\"swiper-pagination\"><\/div>\n\t\t\t\t\t\t\t\t\t\t\t\t<\/div>\n\t\t\t\t<\/div>\n\t\t\t\t\t\t\t\t<\/div>\n\t\t\t\t<\/div>\n\t\t\t\t\t<\/div>\n\t\t<\/div>\n\t\t\t\t\t<\/div>\n\t\t<\/section>\n\t\t\t\t<section class=\"elementor-section elementor-top-section elementor-element elementor-element-3f3439e7 elementor-section-boxed elementor-section-height-default elementor-section-height-default\" data-id=\"3f3439e7\" data-element_type=\"section\" data-e-type=\"section\">\n\t\t\t\t\t\t<div class=\"elementor-container elementor-column-gap-default\">\n\t\t\t\t\t<div class=\"elementor-column elementor-col-100 elementor-top-column elementor-element elementor-element-59bac1fe\" data-id=\"59bac1fe\" data-element_type=\"column\" data-e-type=\"column\">\n\t\t\t<div class=\"elementor-widget-wrap elementor-element-populated\">\n\t\t\t\t\t\t<div class=\"elementor-element elementor-element-46cb99db elementor-widget elementor-widget-text-editor\" data-id=\"46cb99db\" data-element_type=\"widget\" data-e-type=\"widget\" data-widget_type=\"text-editor.default\">\n\t\t\t\t<div class=\"elementor-widget-container\">\n\t\t\t\t\t\t\t\t\t<p><\/p>\n<p>Il LABEC si dedica anche allo sviluppo di macchine acceleratrici innovative, come <strong>MACHINA<\/strong>\u00a0(<em>Movable Accelerator for Cultural Heritage In situ Non-destructive Analysis<\/em>),\u00a0il\u00a0<strong>primo acceleratore di particelle \u201ctrasportabile\u201d dedicato ai beni culturali,\u00a0<\/strong>progettato in collaborazione con il Cern di Ginevra e l\u2019Opificio delle Pietre Dure di Firenze. La realizzazione di MACHINA \u00e8 sostenuta da un progetto,\u00a0<span style=\"font-family: Roboto, sans-serif; font-size: 15px; font-style: normal; color: var( --e-global-color-text ); font-weight: var( --e-global-typography-text-font-weight );\">di cui il LABEC ha il coordinamento scientifico, che \u00e8\u00a0<\/span><span style=\"font-size: 15px; color: var( --e-global-color-text ); font-weight: var( --e-global-typography-text-font-weight );\">finanziato dal Ministero Universit\u00e0 e Ricerca,.<\/span><\/p>\n<p>Grazie alla caratteristica fondamentale della trasportabilit\u00e0, MACHINA rivoluziona lo studio e la\u00a0<strong>diagnostica preventiva<\/strong>\u00a0<strong>dei beni culturali<\/strong>\u00a0e aiuta esperti e ricercatori ad analizzare\u00a0<strong>in modo non invasivo<\/strong>\u00a0opere d\u2019arte e reperti storici, compresi quelli inamovibili di grandi dimensioni, come gli affreschi, e quelli non trasportabili a causa delle fragili condizioni di conservazione.\u00a0<\/p>\n<p>L&#8217;acceleratore si basa\u00a0<span style=\"font-family: Roboto, sans-serif; font-size: 15px; font-style: normal; color: var( --e-global-color-text ); font-weight: var( --e-global-typography-text-font-weight );\">sulla\u00a0<\/span><strong style=\"font-family: Roboto, sans-serif; font-size: 15px; font-style: normal; color: var( --e-global-color-text );\">tecnologia di quadrupolo a radiofrequenza<\/strong><span style=\"font-family: Roboto, sans-serif; font-size: 15px; font-style: normal; color: var( --e-global-color-text ); font-weight: var( --e-global-typography-text-font-weight );\">\u00a0(HF-RFQ), gi\u00e0 sviluppata al CERN. Tale tecnologia permette di realizzare una macchina estremamente compatta e relativamente leggera:\u00a0<\/span><span style=\"font-size: 15px; color: var( --e-global-color-text ); font-weight: var( --e-global-typography-text-font-weight );\">circa 2 metri per 300 kg. Il LABEC si occupa in particolare di sviluppare le parti a bassa energia, con la sorgente e la sezione di iniezione, e ad alta energia, con la stazione di misura per PIXE (Particle Induced X-ray Emission), nonch\u00e9 tutti i sistemi di controllo dell&#8217;acceleratore.<\/span><\/p>\n<p>\u00a0<\/p>\n<p><\/p>\t\t\t\t\t\t\t\t<\/div>\n\t\t\t\t<\/div>\n\t\t\t\t\t<\/div>\n\t\t<\/div>\n\t\t\t\t\t<\/div>\n\t\t<\/section>\n\t\t\t\t<section class=\"elementor-section elementor-top-section elementor-element elementor-element-76c6c7c elementor-section-boxed elementor-section-height-default elementor-section-height-default\" data-id=\"76c6c7c\" data-element_type=\"section\" data-e-type=\"section\">\n\t\t\t\t\t\t<div class=\"elementor-container elementor-column-gap-default\">\n\t\t\t\t\t<div class=\"elementor-column elementor-col-100 elementor-top-column elementor-element elementor-element-b61d541\" data-id=\"b61d541\" data-element_type=\"column\" data-e-type=\"column\">\n\t\t\t<div class=\"elementor-widget-wrap elementor-element-populated\">\n\t\t\t\t\t\t<div class=\"elementor-element elementor-element-63f1986 elementor-widget elementor-widget-gallery\" data-id=\"63f1986\" data-element_type=\"widget\" data-e-type=\"widget\" data-settings=\"{&quot;lazyload&quot;:&quot;yes&quot;,&quot;gallery_layout&quot;:&quot;grid&quot;,&quot;columns&quot;:4,&quot;columns_tablet&quot;:2,&quot;columns_mobile&quot;:1,&quot;gap&quot;:{&quot;unit&quot;:&quot;px&quot;,&quot;size&quot;:10,&quot;sizes&quot;:[]},&quot;gap_tablet&quot;:{&quot;unit&quot;:&quot;px&quot;,&quot;size&quot;:10,&quot;sizes&quot;:[]},&quot;gap_mobile&quot;:{&quot;unit&quot;:&quot;px&quot;,&quot;size&quot;:10,&quot;sizes&quot;:[]},&quot;link_to&quot;:&quot;file&quot;,&quot;aspect_ratio&quot;:&quot;3:2&quot;,&quot;overlay_background&quot;:&quot;yes&quot;,&quot;content_hover_animation&quot;:&quot;fade-in&quot;}\" data-widget_type=\"gallery.default\">\n\t\t\t\t<div class=\"elementor-widget-container\">\n\t\t\t\t\t\t\t<div class=\"elementor-gallery__container\">\n\t\t\t\t\t\t\t<a class=\"e-gallery-item elementor-gallery-item elementor-animated-content\" href=\"https:\/\/web.infn.it\/labec\/wp-content\/uploads\/2021\/11\/MACHINA-schema-CAD.png\" data-elementor-open-lightbox=\"yes\" data-elementor-lightbox-slideshow=\"63f1986\" data-elementor-lightbox-title=\"MACHINA - schema CAD\" data-e-action-hash=\"#elementor-action%3Aaction%3Dlightbox%26settings%3DeyJpZCI6MTEwMCwidXJsIjoiaHR0cHM6XC9cL3dlYi5pbmZuLml0XC9sYWJlY1wvd3AtY29udGVudFwvdXBsb2Fkc1wvMjAyMVwvMTFcL01BQ0hJTkEtc2NoZW1hLUNBRC5wbmciLCJzbGlkZXNob3ciOiI2M2YxOTg2In0%3D\">\n\t\t\t\t\t<div class=\"e-gallery-image elementor-gallery-item__image\" data-thumbnail=\"https:\/\/web.infn.it\/labec\/wp-content\/uploads\/2021\/11\/MACHINA-schema-CAD-300x126.png\" data-width=\"300\" data-height=\"126\" aria-label=\"\" role=\"img\" ><\/div>\n\t\t\t\t\t\t\t\t\t\t\t<div class=\"elementor-gallery-item__overlay\"><\/div>\n\t\t\t\t\t\t\t\t\t\t\t\t\t\t<\/a>\n\t\t\t\t\t\t\t<a class=\"e-gallery-item elementor-gallery-item elementor-animated-content\" href=\"https:\/\/web.infn.it\/labec\/wp-content\/uploads\/2021\/11\/IMG_20190702_184439-scaled.jpg\" data-elementor-open-lightbox=\"yes\" data-elementor-lightbox-slideshow=\"63f1986\" data-elementor-lightbox-title=\"Particolare cavit\u00e0 a radiofrequenza\" data-e-action-hash=\"#elementor-action%3Aaction%3Dlightbox%26settings%3DeyJpZCI6MTA5OCwidXJsIjoiaHR0cHM6XC9cL3dlYi5pbmZuLml0XC9sYWJlY1wvd3AtY29udGVudFwvdXBsb2Fkc1wvMjAyMVwvMTFcL0lNR18yMDE5MDcwMl8xODQ0Mzktc2NhbGVkLmpwZyIsInNsaWRlc2hvdyI6IjYzZjE5ODYifQ%3D%3D\">\n\t\t\t\t\t<div class=\"e-gallery-image elementor-gallery-item__image\" data-thumbnail=\"https:\/\/web.infn.it\/labec\/wp-content\/uploads\/2021\/11\/IMG_20190702_184439-225x300.jpg\" data-width=\"225\" data-height=\"300\" aria-label=\"\" role=\"img\" ><\/div>\n\t\t\t\t\t\t\t\t\t\t\t<div class=\"elementor-gallery-item__overlay\"><\/div>\n\t\t\t\t\t\t\t\t\t\t\t\t\t\t<\/a>\n\t\t\t\t\t\t\t<a class=\"e-gallery-item elementor-gallery-item elementor-animated-content\" href=\"https:\/\/web.infn.it\/labec\/wp-content\/uploads\/2021\/11\/IMG_9697.png\" data-elementor-open-lightbox=\"yes\" data-elementor-lightbox-slideshow=\"63f1986\" data-elementor-lightbox-title=\"MACHINA\" data-e-action-hash=\"#elementor-action%3Aaction%3Dlightbox%26settings%3DeyJpZCI6MTEwMiwidXJsIjoiaHR0cHM6XC9cL3dlYi5pbmZuLml0XC9sYWJlY1wvd3AtY29udGVudFwvdXBsb2Fkc1wvMjAyMVwvMTFcL0lNR185Njk3LnBuZyIsInNsaWRlc2hvdyI6IjYzZjE5ODYifQ%3D%3D\">\n\t\t\t\t\t<div class=\"e-gallery-image elementor-gallery-item__image\" data-thumbnail=\"https:\/\/web.infn.it\/labec\/wp-content\/uploads\/2021\/11\/IMG_9697-300x225.png\" data-width=\"300\" data-height=\"225\" aria-label=\"\" role=\"img\" ><\/div>\n\t\t\t\t\t\t\t\t\t\t\t<div class=\"elementor-gallery-item__overlay\"><\/div>\n\t\t\t\t\t\t\t\t\t\t\t\t\t\t<\/a>\n\t\t\t\t\t\t\t<a class=\"e-gallery-item elementor-gallery-item elementor-animated-content\" href=\"https:\/\/web.infn.it\/labec\/wp-content\/uploads\/2021\/11\/IMG_20190620_165417-scaled.jpg\" data-elementor-open-lightbox=\"yes\" data-elementor-lightbox-slideshow=\"63f1986\" data-elementor-lightbox-title=\"Machina: sorgente di ioni\" data-e-action-hash=\"#elementor-action%3Aaction%3Dlightbox%26settings%3DeyJpZCI6MTEwMywidXJsIjoiaHR0cHM6XC9cL3dlYi5pbmZuLml0XC9sYWJlY1wvd3AtY29udGVudFwvdXBsb2Fkc1wvMjAyMVwvMTFcL0lNR18yMDE5MDYyMF8xNjU0MTctc2NhbGVkLmpwZyIsInNsaWRlc2hvdyI6IjYzZjE5ODYifQ%3D%3D\">\n\t\t\t\t\t<div class=\"e-gallery-image elementor-gallery-item__image\" data-thumbnail=\"https:\/\/web.infn.it\/labec\/wp-content\/uploads\/2021\/11\/IMG_20190620_165417-169x300.jpg\" data-width=\"169\" data-height=\"300\" aria-label=\"\" role=\"img\" ><\/div>\n\t\t\t\t\t\t\t\t\t\t\t<div class=\"elementor-gallery-item__overlay\"><\/div>\n\t\t\t\t\t\t\t\t\t\t\t\t\t\t<\/a>\n\t\t\t\t\t<\/div>\n\t\t\t\t\t<\/div>\n\t\t\t\t<\/div>\n\t\t\t\t\t<\/div>\n\t\t<\/div>\n\t\t\t\t\t<\/div>\n\t\t<\/section>\n\t\t\t\t<\/div>\n\t\t","protected":false},"excerpt":{"rendered":"<p>Gli acceleratori, come l&#8217;acceleratore elettrostatico tandem da 3 MV e il nuovo acceleratore MACHINA sviluppato proprio dal LABEC, rappresentano il cuore delle attivit\u00e0 del laboratorio. L&#8217;acceleratore principale del LABEC \u00e8 un acceleratore elettrostatico tandem da 3 MV come tensione di terminale. Il sistema \u00e8 fornito di tre sorgenti&nbsp;indipendenti&nbsp;di ioni: due sono del tipo a sputtering <a href=\"https:\/\/web.infn.it\/labec\/home\/acceleratori\/\" class=\"read-more inline\">Read More<\/a><\/p>\n","protected":false},"author":2,"featured_media":0,"parent":73,"menu_order":0,"comment_status":"closed","ping_status":"closed","template":"","meta":{"footnotes":""},"class_list":["post-27","page","type-page","status-publish","hentry"],"_links":{"self":[{"href":"https:\/\/web.infn.it\/labec\/wp-json\/wp\/v2\/pages\/27","targetHints":{"allow":["GET"]}}],"collection":[{"href":"https:\/\/web.infn.it\/labec\/wp-json\/wp\/v2\/pages"}],"about":[{"href":"https:\/\/web.infn.it\/labec\/wp-json\/wp\/v2\/types\/page"}],"author":[{"embeddable":true,"href":"https:\/\/web.infn.it\/labec\/wp-json\/wp\/v2\/users\/2"}],"replies":[{"embeddable":true,"href":"https:\/\/web.infn.it\/labec\/wp-json\/wp\/v2\/comments?post=27"}],"version-history":[{"count":59,"href":"https:\/\/web.infn.it\/labec\/wp-json\/wp\/v2\/pages\/27\/revisions"}],"predecessor-version":[{"id":2004,"href":"https:\/\/web.infn.it\/labec\/wp-json\/wp\/v2\/pages\/27\/revisions\/2004"}],"up":[{"embeddable":true,"href":"https:\/\/web.infn.it\/labec\/wp-json\/wp\/v2\/pages\/73"}],"wp:attachment":[{"href":"https:\/\/web.infn.it\/labec\/wp-json\/wp\/v2\/media?parent=27"}],"curies":[{"name":"wp","href":"https:\/\/api.w.org\/{rel}","templated":true}]}}