{"id":798,"date":"2021-09-23T12:42:14","date_gmt":"2021-09-23T10:42:14","guid":{"rendered":"https:\/\/web.infn.it\/labec\/?page_id=798"},"modified":"2022-04-11T15:08:55","modified_gmt":"2022-04-11T13:08:55","slug":"elementor-798","status":"publish","type":"page","link":"https:\/\/web.infn.it\/labec\/ricerca\/progetti\/elementor-798\/","title":{"rendered":"Progetti INFN"},"content":{"rendered":"\t\t<div data-elementor-type=\"wp-page\" data-elementor-id=\"798\" class=\"elementor elementor-798\" data-elementor-post-type=\"page\">\n\t\t\t\t\t\t<section class=\"elementor-section elementor-top-section elementor-element elementor-element-b323772 elementor-section-boxed elementor-section-height-default elementor-section-height-default\" data-id=\"b323772\" data-element_type=\"section\" data-e-type=\"section\">\n\t\t\t\t\t\t<div class=\"elementor-container elementor-column-gap-default\">\n\t\t\t\t\t<div class=\"elementor-column elementor-col-25 elementor-top-column elementor-element elementor-element-ecb3114\" data-id=\"ecb3114\" data-element_type=\"column\" data-e-type=\"column\">\n\t\t\t<div class=\"elementor-widget-wrap elementor-element-populated\">\n\t\t\t\t\t\t<div class=\"elementor-element elementor-element-2d71163 elementor-widget elementor-widget-text-editor\" data-id=\"2d71163\" data-element_type=\"widget\" data-e-type=\"widget\" data-widget_type=\"text-editor.default\">\n\t\t\t\t<div class=\"elementor-widget-container\">\n\t\t\t\t\t\t\t\t\t<p><strong>Progetti <br \/>INFN<\/strong><\/p>\t\t\t\t\t\t\t\t<\/div>\n\t\t\t\t<\/div>\n\t\t\t\t\t<\/div>\n\t\t<\/div>\n\t\t\t\t<div class=\"elementor-column elementor-col-25 elementor-top-column elementor-element elementor-element-37fdd8d\" data-id=\"37fdd8d\" data-element_type=\"column\" data-e-type=\"column\">\n\t\t\t<div class=\"elementor-widget-wrap elementor-element-populated\">\n\t\t\t\t\t\t<div class=\"elementor-element elementor-element-4da6694 elementor-widget elementor-widget-text-editor\" data-id=\"4da6694\" data-element_type=\"widget\" data-e-type=\"widget\" data-widget_type=\"text-editor.default\">\n\t\t\t\t<div class=\"elementor-widget-container\">\n\t\t\t\t\t\t\t\t\t<p><a href=\"https:\/\/web.infn.it\/labec\/ricerca\/progetti\/progetti-ministeriali\/\">Progetti <\/a><br \/><a href=\"https:\/\/web.infn.it\/labec\/ricerca\/progetti\/progetti-ministeriali\/\">ministeriali<\/a><\/p>\t\t\t\t\t\t\t\t<\/div>\n\t\t\t\t<\/div>\n\t\t\t\t\t<\/div>\n\t\t<\/div>\n\t\t\t\t<div class=\"elementor-column elementor-col-25 elementor-top-column elementor-element elementor-element-57626f1\" data-id=\"57626f1\" data-element_type=\"column\" data-e-type=\"column\">\n\t\t\t<div class=\"elementor-widget-wrap elementor-element-populated\">\n\t\t\t\t\t\t<div class=\"elementor-element elementor-element-6335648 elementor-widget elementor-widget-text-editor\" data-id=\"6335648\" data-element_type=\"widget\" data-e-type=\"widget\" data-widget_type=\"text-editor.default\">\n\t\t\t\t<div class=\"elementor-widget-container\">\n\t\t\t\t\t\t\t\t\t<p><a href=\"https:\/\/web.infn.it\/labec\/ricerca\/progetti\/progetti-regionali\/\">Progetti<br \/>regionali<\/a><\/p>\t\t\t\t\t\t\t\t<\/div>\n\t\t\t\t<\/div>\n\t\t\t\t\t<\/div>\n\t\t<\/div>\n\t\t\t\t<div class=\"elementor-column elementor-col-25 elementor-top-column elementor-element elementor-element-3f2a34b\" data-id=\"3f2a34b\" data-element_type=\"column\" data-e-type=\"column\">\n\t\t\t<div class=\"elementor-widget-wrap elementor-element-populated\">\n\t\t\t\t\t\t<div class=\"elementor-element elementor-element-ca1660a elementor-widget elementor-widget-text-editor\" data-id=\"ca1660a\" data-element_type=\"widget\" data-e-type=\"widget\" data-widget_type=\"text-editor.default\">\n\t\t\t\t<div class=\"elementor-widget-container\">\n\t\t\t\t\t\t\t\t\t<p><a href=\"https:\/\/web.infn.it\/labec\/ricerca\/progetti\/progetti-europei\/\">Progetti <br \/>europei<\/a><\/p>\t\t\t\t\t\t\t\t<\/div>\n\t\t\t\t<\/div>\n\t\t\t\t\t<\/div>\n\t\t<\/div>\n\t\t\t\t\t<\/div>\n\t\t<\/section>\n\t\t\t\t<section class=\"elementor-section elementor-top-section elementor-element elementor-element-5210bc7 elementor-section-boxed elementor-section-height-default elementor-section-height-default\" data-id=\"5210bc7\" data-element_type=\"section\" data-e-type=\"section\">\n\t\t\t\t\t\t<div class=\"elementor-container elementor-column-gap-default\">\n\t\t\t\t\t<div class=\"elementor-column elementor-col-100 elementor-top-column elementor-element elementor-element-d76c23b\" data-id=\"d76c23b\" data-element_type=\"column\" data-e-type=\"column\">\n\t\t\t<div class=\"elementor-widget-wrap elementor-element-populated\">\n\t\t\t\t\t\t<div class=\"elementor-element elementor-element-bc69fde elementor-widget-divider--view-line elementor-widget elementor-widget-divider\" data-id=\"bc69fde\" data-element_type=\"widget\" data-e-type=\"widget\" data-widget_type=\"divider.default\">\n\t\t\t\t<div class=\"elementor-widget-container\">\n\t\t\t\t\t\t\t<div class=\"elementor-divider\">\n\t\t\t<span class=\"elementor-divider-separator\">\n\t\t\t\t\t\t<\/span>\n\t\t<\/div>\n\t\t\t\t\t\t<\/div>\n\t\t\t\t<\/div>\n\t\t\t\t\t<\/div>\n\t\t<\/div>\n\t\t\t\t\t<\/div>\n\t\t<\/section>\n\t\t\t\t<section class=\"elementor-section elementor-top-section elementor-element elementor-element-e823156 elementor-section-boxed elementor-section-height-default elementor-section-height-default\" data-id=\"e823156\" data-element_type=\"section\" data-e-type=\"section\">\n\t\t\t\t\t\t<div class=\"elementor-container elementor-column-gap-default\">\n\t\t\t\t\t<div class=\"elementor-column elementor-col-100 elementor-top-column elementor-element elementor-element-93ebb2d\" data-id=\"93ebb2d\" data-element_type=\"column\" data-e-type=\"column\">\n\t\t\t<div class=\"elementor-widget-wrap elementor-element-populated\">\n\t\t\t\t\t\t<div class=\"elementor-element elementor-element-0f98f08 elementor-widget elementor-widget-toggle\" data-id=\"0f98f08\" data-element_type=\"widget\" data-e-type=\"widget\" data-widget_type=\"toggle.default\">\n\t\t\t\t<div class=\"elementor-widget-container\">\n\t\t\t\t\t\t\t<div class=\"elementor-toggle\">\n\t\t\t\t\t\t\t<div class=\"elementor-toggle-item\">\n\t\t\t\t\t<div id=\"elementor-tab-title-1631\" class=\"elementor-tab-title\" data-tab=\"1\" role=\"button\" aria-controls=\"elementor-tab-content-1631\" aria-expanded=\"false\">\n\t\t\t\t\t\t\t\t\t\t\t\t<span class=\"elementor-toggle-icon elementor-toggle-icon-left\" aria-hidden=\"true\">\n\t\t\t\t\t\t\t\t\t\t\t\t\t\t\t<span class=\"elementor-toggle-icon-closed\"><i class=\"fas fa-caret-right\"><\/i><\/span>\n\t\t\t\t\t\t\t\t<span class=\"elementor-toggle-icon-opened\"><i class=\"elementor-toggle-icon-opened fas fa-chevron-up\"><\/i><\/span>\n\t\t\t\t\t\t\t\t\t\t\t\t\t<\/span>\n\t\t\t\t\t\t\t\t\t\t\t\t<a class=\"elementor-toggle-title\" tabindex=\"0\">CHNet_NICHE<\/a>\n\t\t\t\t\t<\/div>\n\n\t\t\t\t\t<div id=\"elementor-tab-content-1631\" class=\"elementor-tab-content elementor-clearfix\" data-tab=\"1\" role=\"region\" aria-labelledby=\"elementor-tab-title-1631\"><p>CHNet_NICHE ha l&#8217;obiettivo di realizzare la prima facility italiana per radiografie e tomografie neutroniche specificatamente progettata per diagnostica nei Beni Culturali. La facility \u00e8 in sviluppo presso il reattore TRIGA del LENA di Pavia.<\/p>\n<p>Strutture coinvolte: Firenze (RN), Bologna, Milano Bicocca, Pavia, Torino.<\/p>\n<p>Responsabili nazionali: Nicla Gelli e Francesco Grazzi; responsabile locale per Firenze: Nicla Gelli<\/p><\/div>\n\t\t\t\t<\/div>\n\t\t\t\t\t\t\t<div class=\"elementor-toggle-item\">\n\t\t\t\t\t<div id=\"elementor-tab-title-1632\" class=\"elementor-tab-title\" data-tab=\"2\" role=\"button\" aria-controls=\"elementor-tab-content-1632\" aria-expanded=\"false\">\n\t\t\t\t\t\t\t\t\t\t\t\t<span class=\"elementor-toggle-icon elementor-toggle-icon-left\" aria-hidden=\"true\">\n\t\t\t\t\t\t\t\t\t\t\t\t\t\t\t<span class=\"elementor-toggle-icon-closed\"><i class=\"fas fa-caret-right\"><\/i><\/span>\n\t\t\t\t\t\t\t\t<span class=\"elementor-toggle-icon-opened\"><i class=\"elementor-toggle-icon-opened fas fa-chevron-up\"><\/i><\/span>\n\t\t\t\t\t\t\t\t\t\t\t\t\t<\/span>\n\t\t\t\t\t\t\t\t\t\t\t\t<a class=\"elementor-toggle-title\" tabindex=\"0\">ISPIRA<\/a>\n\t\t\t\t\t<\/div>\n\n\t\t\t\t\t<div id=\"elementor-tab-content-1632\" class=\"elementor-tab-content elementor-clearfix\" data-tab=\"2\" role=\"region\" aria-labelledby=\"elementor-tab-title-1632\"><p>ISPIRA (Integrazioni di metodologie SPerimentali per la Ricerca sull&#8217;Aerosol carbonioso) propone lo sviluppo e l&#8217;ottimizzazione delle tecniche di Accelerator Mass Spectrometry (AMS) per la misura della concentrazione di radiocarbonio e di misura delle propriet\u00e0 di assorbimento a diverse lunghezze d&#8217;onda del particolato atmosferico con l&#8217;obiettivo di caratterizzare la componente carboniosa del particolato.&nbsp;<\/p>\n<p>Strutture coinvolte: Milano (RN), Firenze, Genova.<\/p><p>Responsabile locale per Firenze: Mariaelena Fedi<\/p><\/div>\n\t\t\t\t<\/div>\n\t\t\t\t\t\t\t<div class=\"elementor-toggle-item\">\n\t\t\t\t\t<div id=\"elementor-tab-title-1633\" class=\"elementor-tab-title\" data-tab=\"3\" role=\"button\" aria-controls=\"elementor-tab-content-1633\" aria-expanded=\"false\">\n\t\t\t\t\t\t\t\t\t\t\t\t<span class=\"elementor-toggle-icon elementor-toggle-icon-left\" aria-hidden=\"true\">\n\t\t\t\t\t\t\t\t\t\t\t\t\t\t\t<span class=\"elementor-toggle-icon-closed\"><i class=\"fas fa-caret-right\"><\/i><\/span>\n\t\t\t\t\t\t\t\t<span class=\"elementor-toggle-icon-opened\"><i class=\"elementor-toggle-icon-opened fas fa-chevron-up\"><\/i><\/span>\n\t\t\t\t\t\t\t\t\t\t\t\t\t<\/span>\n\t\t\t\t\t\t\t\t\t\t\t\t<a class=\"elementor-toggle-title\" tabindex=\"0\">IS-ABS<\/a>\n\t\t\t\t\t<\/div>\n\n\t\t\t\t\t<div id=\"elementor-tab-content-1633\" class=\"elementor-tab-content elementor-clearfix\" data-tab=\"3\" role=\"region\" aria-labelledby=\"elementor-tab-title-1633\"><p>IS-ABS (Integrated System for Aerosol and Bioaerosol Studies at the Pierre Auger Observatory) si propone di implementare presso l&#8217;osservatorio argentino, esempio di sito remoto per lo studio delle caratteristiche del particolato atmosferico, un sistema integrato basato su strumentazione in situ e dispositivi di telerilevamento per caratterizzare le propriet\u00e0 principali di aerosol e bioaerosol, nonch\u00e8 di individuare possibili relazioni fra le propriet\u00e0 del particolato e eventi di sciami cosmici.\u00a0<\/p><p>Strutture coinvolte: Lecce (RN), Firenze, Genova.<\/p><p>Responsabile locale per Firenze: Giulia Calzolai<\/p><\/div>\n\t\t\t\t<\/div>\n\t\t\t\t\t\t\t<div class=\"elementor-toggle-item\">\n\t\t\t\t\t<div id=\"elementor-tab-title-1634\" class=\"elementor-tab-title\" data-tab=\"4\" role=\"button\" aria-controls=\"elementor-tab-content-1634\" aria-expanded=\"false\">\n\t\t\t\t\t\t\t\t\t\t\t\t<span class=\"elementor-toggle-icon elementor-toggle-icon-left\" aria-hidden=\"true\">\n\t\t\t\t\t\t\t\t\t\t\t\t\t\t\t<span class=\"elementor-toggle-icon-closed\"><i class=\"fas fa-caret-right\"><\/i><\/span>\n\t\t\t\t\t\t\t\t<span class=\"elementor-toggle-icon-opened\"><i class=\"elementor-toggle-icon-opened fas fa-chevron-up\"><\/i><\/span>\n\t\t\t\t\t\t\t\t\t\t\t\t\t<\/span>\n\t\t\t\t\t\t\t\t\t\t\t\t<a class=\"elementor-toggle-title\" tabindex=\"0\">AT-SVB<\/a>\n\t\t\t\t\t<\/div>\n\n\t\t\t\t\t<div id=\"elementor-tab-content-1634\" class=\"elementor-tab-content elementor-clearfix\" data-tab=\"4\" role=\"region\" aria-labelledby=\"elementor-tab-title-1634\"><p>L&#8217;esperimento si propone di studiare monitorare e caratterizzare il particolato aerodisperso in ambienti chiusi, anche con riferimento alla diffusione di virus (fra cui SARS-CoV-2) e batteri, con l&#8217;obiettivo finale di definire strategia volte a ridurre la diffusione di tali agenti patogeni.<\/p><p>Strutture coinvolte: Lecce (RN), Firenze.<\/p><p>Responsabile locale per Firenze: Giulia Calzolai<\/p><\/div>\n\t\t\t\t<\/div>\n\t\t\t\t\t\t\t\t<\/div>\n\t\t\t\t\t\t<\/div>\n\t\t\t\t<\/div>\n\t\t\t\t\t<\/div>\n\t\t<\/div>\n\t\t\t\t\t<\/div>\n\t\t<\/section>\n\t\t\t\t<\/div>\n\t\t","protected":false},"excerpt":{"rendered":"<p>Progetti INFN Progetti ministeriali Progetti regionali Progetti europei CHNet_NICHE CHNet_NICHE ha l\u2019obiettivo di realizzare la prima facility italiana per radiografie e tomografie neutroniche specificatamente progettata per diagnostica nei Beni Culturali. La facility \u00e8 in sviluppo presso il reattore TRIGA del LENA di Pavia. Strutture coinvolte: Firenze (RN), Bologna, Milano Bicocca, Pavia, Torino. Responsabili nazionali: Nicla <a href=\"https:\/\/web.infn.it\/labec\/ricerca\/progetti\/elementor-798\/\" class=\"read-more inline\">Read More<\/a><\/p>\n","protected":false},"author":2,"featured_media":0,"parent":246,"menu_order":0,"comment_status":"closed","ping_status":"closed","template":"","meta":{"footnotes":""},"class_list":["post-798","page","type-page","status-publish","hentry"],"_links":{"self":[{"href":"https:\/\/web.infn.it\/labec\/wp-json\/wp\/v2\/pages\/798","targetHints":{"allow":["GET"]}}],"collection":[{"href":"https:\/\/web.infn.it\/labec\/wp-json\/wp\/v2\/pages"}],"about":[{"href":"https:\/\/web.infn.it\/labec\/wp-json\/wp\/v2\/types\/page"}],"author":[{"embeddable":true,"href":"https:\/\/web.infn.it\/labec\/wp-json\/wp\/v2\/users\/2"}],"replies":[{"embeddable":true,"href":"https:\/\/web.infn.it\/labec\/wp-json\/wp\/v2\/comments?post=798"}],"version-history":[{"count":52,"href":"https:\/\/web.infn.it\/labec\/wp-json\/wp\/v2\/pages\/798\/revisions"}],"predecessor-version":[{"id":2007,"href":"https:\/\/web.infn.it\/labec\/wp-json\/wp\/v2\/pages\/798\/revisions\/2007"}],"up":[{"embeddable":true,"href":"https:\/\/web.infn.it\/labec\/wp-json\/wp\/v2\/pages\/246"}],"wp:attachment":[{"href":"https:\/\/web.infn.it\/labec\/wp-json\/wp\/v2\/media?parent=798"}],"curies":[{"name":"wp","href":"https:\/\/api.w.org\/{rel}","templated":true}]}}