{"id":829,"date":"2022-06-20T17:36:54","date_gmt":"2022-06-20T15:36:54","guid":{"rendered":"https:\/\/web.infn.it\/lhcb_milano\/?page_id=829"},"modified":"2023-01-13T11:49:30","modified_gmt":"2023-01-13T10:49:30","slug":"events","status":"publish","type":"page","link":"https:\/\/web.infn.it\/lhcb_milano\/events\/","title":{"rendered":"Events"},"content":{"rendered":"\n<hr class=\"wp-block-separator has-alpha-channel-opacity\"\/>\n\n\n\n<p class=\"has-large-font-size\"><strong>Meeting di Collaborazione 2023: LHCb Italia<\/strong><\/p>\n\n\n<div class=\"wp-block-image is-style-default\">\n<figure class=\"alignleft size-full is-resized\"><img loading=\"lazy\" decoding=\"async\" src=\"https:\/\/web.infn.it\/lhcb_milano\/wp-content\/uploads\/2023\/01\/Screenshot-2023-01-13-alle-11.40.43.png\" alt=\"\" class=\"wp-image-875\" width=\"331\" height=\"194\" srcset=\"https:\/\/web.infn.it\/lhcb_milano\/wp-content\/uploads\/2023\/01\/Screenshot-2023-01-13-alle-11.40.43.png 844w, https:\/\/web.infn.it\/lhcb_milano\/wp-content\/uploads\/2023\/01\/Screenshot-2023-01-13-alle-11.40.43-300x176.png 300w, https:\/\/web.infn.it\/lhcb_milano\/wp-content\/uploads\/2023\/01\/Screenshot-2023-01-13-alle-11.40.43-768x451.png 768w, https:\/\/web.infn.it\/lhcb_milano\/wp-content\/uploads\/2023\/01\/Screenshot-2023-01-13-alle-11.40.43-800x470.png 800w\" sizes=\"auto, (max-width: 331px) 100vw, 331px\" \/><\/figure>\n<\/div>\n\n\n<p class=\"has-text-align-left\">La collaborazione italiana che partecipa all&#8217;esperimento LHCb al CERN si riunir\u00e0 nei giorni 1 e 2 febbraio presso il Dipartimento di Fisica &#8220;Aldo Pontremoli&#8221; dell&#8217;Universit\u00e0 degli Studi di Milano. L&#8217;evento \u00e8 organizzato in collaborazione con l&#8217;Istituto Nazionale di Fisica Nucleare e prevede la partecipazione di circa 70 ricercatori e studenti di diverse universit\u00e0 e centri di ricerca italiani che si riuniranno per discutere i recenti risultati dell&#8217;esperimento e i piani per il futuro. L&#8217;esperimento LHCb e&#8217; uno dei quattro grandi esperimenti del Large Hadron Collider al CERN che\u00a0si propone di studiare l&#8217;asimmetria tra materia e antimateria e contribuire a risolvere il puzzle dell&#8217;assenza di antimateria nell&#8217;universo nel quale abitiamo.<\/p>\n\n\n\n<p class=\"has-text-align-left\"><br>Agenda del meeting (protetta):   <a href=\"https:\/\/indico.cern.ch\/event\/1239781\/\">https:\/\/indico.cern.ch\/event\/1239781\/<\/a><\/p>\n\n\n\n<hr class=\"wp-block-separator has-alpha-channel-opacity\"\/>\n\n\n\n<figure class=\"wp-block-image size-large\"><img loading=\"lazy\" decoding=\"async\" width=\"1024\" height=\"383\" src=\"https:\/\/web.infn.it\/lhcb_milano\/wp-content\/uploads\/2022\/12\/SELDOM-banner-workshop-def_2022-1024x383.png\" alt=\"\" class=\"wp-image-863\" srcset=\"https:\/\/web.infn.it\/lhcb_milano\/wp-content\/uploads\/2022\/12\/SELDOM-banner-workshop-def_2022-1024x383.png 1024w, https:\/\/web.infn.it\/lhcb_milano\/wp-content\/uploads\/2022\/12\/SELDOM-banner-workshop-def_2022-300x112.png 300w, https:\/\/web.infn.it\/lhcb_milano\/wp-content\/uploads\/2022\/12\/SELDOM-banner-workshop-def_2022-768x287.png 768w, https:\/\/web.infn.it\/lhcb_milano\/wp-content\/uploads\/2022\/12\/SELDOM-banner-workshop-def_2022-1536x574.png 1536w, https:\/\/web.infn.it\/lhcb_milano\/wp-content\/uploads\/2022\/12\/SELDOM-banner-workshop-def_2022-800x299.png 800w, https:\/\/web.infn.it\/lhcb_milano\/wp-content\/uploads\/2022\/12\/SELDOM-banner-workshop-def_2022.png 2028w\" sizes=\"auto, (max-width: 1024px) 100vw, 1024px\" \/><figcaption>The scope of the workshop is to stimulate a constructive scientific discussion on electromagnetic dipole measurements of unstable particles&nbsp;proposed for the LHC. In particular&nbsp;for charm and strange&nbsp;baryons and tau leptons.&nbsp;&nbsp;The theoretical, experimental and machine aspects of the proposal will be reviewed and critically discussed in preparation of a future experiment.<br><br>The meeting will touch few main topics:<br><br>&#8211; electric and magnetic dipole moments of baryons and leptons;<br>&#8211; channeling and spin precession in bent crystals;<br>&#8211; a new fixed-target experiment at the LHC with bent crystals;<br>&#8211; spin precession in the LHCb magnet;<br>&#8211; experimental techniques for reconstruction of long-lived particles.<br><br><strong>Indico page:<\/strong><a href=\"https:\/\/agenda.infn.it\/event\/31703\/timetable\/\">&nbsp;2nd Workshop on electromagnetic dipole moments of unstable particles (25-28 September 2022) \u00b7 Agenda (Indico) (infn.it)<\/a><br><\/figcaption><\/figure>\n\n\n\n<hr class=\"wp-block-separator has-alpha-channel-opacity\"\/>\n\n\n\n<figure class=\"wp-block-image size-large\"><img loading=\"lazy\" decoding=\"async\" width=\"724\" height=\"1024\" src=\"https:\/\/web.infn.it\/lhcb_milano\/wp-content\/uploads\/2022\/06\/PosterForSeminars_page-0001-724x1024.jpg\" alt=\"\" class=\"wp-image-830\" srcset=\"https:\/\/web.infn.it\/lhcb_milano\/wp-content\/uploads\/2022\/06\/PosterForSeminars_page-0001-724x1024.jpg 724w, https:\/\/web.infn.it\/lhcb_milano\/wp-content\/uploads\/2022\/06\/PosterForSeminars_page-0001-212x300.jpg 212w, https:\/\/web.infn.it\/lhcb_milano\/wp-content\/uploads\/2022\/06\/PosterForSeminars_page-0001-768x1086.jpg 768w, https:\/\/web.infn.it\/lhcb_milano\/wp-content\/uploads\/2022\/06\/PosterForSeminars_page-0001-1086x1536.jpg 1086w, https:\/\/web.infn.it\/lhcb_milano\/wp-content\/uploads\/2022\/06\/PosterForSeminars_page-0001-800x1131.jpg 800w, https:\/\/web.infn.it\/lhcb_milano\/wp-content\/uploads\/2022\/06\/PosterForSeminars_page-0001.jpg 1241w\" sizes=\"auto, (max-width: 724px) 100vw, 724px\" \/><figcaption>Series of seminars by Mengzhen Wang<\/figcaption><\/figure>\n\n\n\n<p><strong>Indico pages<\/strong>:<\/p>\n\n\n\n<p>1) June 20, at 16:00:&nbsp;<a rel=\"noreferrer noopener\" href=\"https:\/\/agenda.infn.it\/event\/31719\/\" target=\"_blank\">https:\/\/agenda.infn.it\/event\/31719\/<\/a> <\/p>\n\n\n\n<p>2) June 21, at 10:00:&nbsp;<a rel=\"noreferrer noopener\" href=\"https:\/\/agenda.infn.it\/event\/31721\/\" target=\"_blank\">https:\/\/agenda.infn.it\/event\/31721\/<\/a> <\/p>\n\n\n\n<p>3) June 24, at 15:00: <a rel=\"noreferrer noopener\" href=\"https:\/\/agenda.infn.it\/event\/31722\/\" target=\"_blank\">https:\/\/agenda.infn.it\/event\/31722\/<\/a> &nbsp; <\/p>\n\n\n\n<p>4) June 27, at 15:00: <a rel=\"noreferrer noopener\" href=\"https:\/\/agenda.infn.it\/event\/31723\/\" target=\"_blank\">https:\/\/agenda.infn.it\/event\/31723\/<\/a>&nbsp; <\/p>\n\n\n\n<p>5) June 28, at 10:00: <a rel=\"noreferrer noopener\" href=\"https:\/\/agenda.infn.it\/event\/31725\/\" target=\"_blank\">https:\/\/agenda.infn.it\/event\/31725\/<\/a>&nbsp; <\/p>\n\n\n\n<p>6) July 1, at 15:00: <a rel=\"noreferrer noopener\" href=\"https:\/\/agenda.infn.it\/event\/31726\/\" target=\"_blank\">https:\/\/agenda.infn.it\/event\/31726\/<\/a><\/p>\n","protected":false},"excerpt":{"rendered":"<p>Meeting di Collaborazione 2023: LHCb Italia La collaborazione italiana che partecipa all&#8217;esperimento LHCb al CERN si riunir\u00e0 nei giorni 1 e 2 febbraio presso il Dipartimento di Fisica &#8220;Aldo Pontremoli&#8221; dell&#8217;Universit\u00e0 degli Studi di Milano. L&#8217;evento \u00e8 organizzato in collaborazione con l&#8217;Istituto Nazionale di Fisica Nucleare e prevede la partecipazione di circa 70 ricercatori e studenti di diverse universit\u00e0 e<\/p>\n<p><a class=\"more-link\" href=\"https:\/\/web.infn.it\/lhcb_milano\/events\/\">Read More<\/a><\/p>\n","protected":false},"author":8,"featured_media":0,"parent":0,"menu_order":0,"comment_status":"closed","ping_status":"closed","template":"","meta":{"ngg_post_thumbnail":0,"footnotes":""},"class_list":["post-829","page","type-page","status-publish","hentry"],"_links":{"self":[{"href":"https:\/\/web.infn.it\/lhcb_milano\/wp-json\/wp\/v2\/pages\/829","targetHints":{"allow":["GET"]}}],"collection":[{"href":"https:\/\/web.infn.it\/lhcb_milano\/wp-json\/wp\/v2\/pages"}],"about":[{"href":"https:\/\/web.infn.it\/lhcb_milano\/wp-json\/wp\/v2\/types\/page"}],"author":[{"embeddable":true,"href":"https:\/\/web.infn.it\/lhcb_milano\/wp-json\/wp\/v2\/users\/8"}],"replies":[{"embeddable":true,"href":"https:\/\/web.infn.it\/lhcb_milano\/wp-json\/wp\/v2\/comments?post=829"}],"version-history":[{"count":7,"href":"https:\/\/web.infn.it\/lhcb_milano\/wp-json\/wp\/v2\/pages\/829\/revisions"}],"predecessor-version":[{"id":877,"href":"https:\/\/web.infn.it\/lhcb_milano\/wp-json\/wp\/v2\/pages\/829\/revisions\/877"}],"wp:attachment":[{"href":"https:\/\/web.infn.it\/lhcb_milano\/wp-json\/wp\/v2\/media?parent=829"}],"curies":[{"name":"wp","href":"https:\/\/api.w.org\/{rel}","templated":true}]}}