{"id":878,"date":"2023-01-13T12:26:23","date_gmt":"2023-01-13T11:26:23","guid":{"rendered":"https:\/\/web.infn.it\/lhcb_milano\/?page_id=878"},"modified":"2023-01-16T11:29:41","modified_gmt":"2023-01-16T10:29:41","slug":"lhcb-italia-meeting-2023","status":"publish","type":"page","link":"https:\/\/web.infn.it\/lhcb_milano\/lhcb-italia-meeting-2023\/","title":{"rendered":"LHCb Italia Meeting 2023"},"content":{"rendered":"<div class=\"wp-block-image\">\n<figure class=\"aligncenter size-large is-resized\"><img decoding=\"async\" src=\"https:\/\/web.infn.it\/lhcb_milano\/wp-content\/uploads\/2023\/01\/288351177_565440448502911_1337035864006590917_n-1024x576.jpg\" alt=\"\" class=\"wp-image-880\" width=\"-28\" height=\"-16\" srcset=\"https:\/\/web.infn.it\/lhcb_milano\/wp-content\/uploads\/2023\/01\/288351177_565440448502911_1337035864006590917_n-1024x576.jpg 1024w, https:\/\/web.infn.it\/lhcb_milano\/wp-content\/uploads\/2023\/01\/288351177_565440448502911_1337035864006590917_n-300x169.jpg 300w, https:\/\/web.infn.it\/lhcb_milano\/wp-content\/uploads\/2023\/01\/288351177_565440448502911_1337035864006590917_n-768x432.jpg 768w, https:\/\/web.infn.it\/lhcb_milano\/wp-content\/uploads\/2023\/01\/288351177_565440448502911_1337035864006590917_n-800x450.jpg 800w, https:\/\/web.infn.it\/lhcb_milano\/wp-content\/uploads\/2023\/01\/288351177_565440448502911_1337035864006590917_n.jpg 1440w\" sizes=\"(max-width: 1024px) 100vw, 1024px\" \/><figcaption>The LHCb Collaboration, June 2022<\/figcaption><\/figure>\n<\/div>\n\n\n<p>La collaborazione italiana che partecipa all&#8217;esperimento LHCb al CERN si riunir\u00e0 nei giorni 1 e 2 febbraio presso il Dipartimento di Fisica &#8220;Aldo Pontremoli&#8221; dell&#8217;Universit\u00e0 degli Studi di Milano. L&#8217; evento \u00e8 organizzato in collaborazione con l&#8217; Istituto Nazionale di Fisica Nucleare e prevede la partecipazione di circa 70 ricercatori e studenti di diverse universit\u00e0 e centri di ricerca italiani che si riuniranno per discutere i recenti risultati dell&#8217;esperimento e i piani per il futuro. L&#8217; esperimento LHCb \u00e8 uno dei quattro grandi esperimenti del Large Hadron Collider al CERN che\u00a0si propone di studiare l&#8217; asimmetria tra materia e antimateria e contribuire a risolvere il puzzle dell&#8217; assenza di antimateria nell&#8217;universo nel quale abitiamo.<\/p>\n\n\n\n<figure class=\"wp-block-embed is-type-wp-embed is-provider-incorpora wp-block-embed-incorpora\"><div class=\"wp-block-embed__wrapper\">\n<blockquote class=\"wp-embedded-content\" data-secret=\"h7xrUTPJrB\"><a href=\"https:\/\/lhcb-outreach.web.cern.ch\/\">Welcome to LHCb<\/a><\/blockquote><iframe loading=\"lazy\" class=\"wp-embedded-content\" sandbox=\"allow-scripts\" security=\"restricted\" style=\"position: absolute; clip: rect(1px, 1px, 1px, 1px);\" title=\"&#8220;Welcome to LHCb&#8221; &#8212; \" src=\"https:\/\/lhcb-outreach.web.cern.ch\/embed\/#?secret=twBAkla6nR#?secret=h7xrUTPJrB\" data-secret=\"h7xrUTPJrB\" width=\"500\" height=\"282\" frameborder=\"0\" marginwidth=\"0\" marginheight=\"0\" scrolling=\"no\"><\/iframe>\n<\/div><\/figure>\n","protected":false},"excerpt":{"rendered":"<p>La collaborazione italiana che partecipa all&#8217;esperimento LHCb al CERN si riunir\u00e0 nei giorni 1 e 2 febbraio presso il Dipartimento di Fisica &#8220;Aldo Pontremoli&#8221; dell&#8217;Universit\u00e0 degli Studi di Milano. L&#8217; evento \u00e8 organizzato in collaborazione con l&#8217; Istituto Nazionale di Fisica Nucleare e prevede la partecipazione di circa 70 ricercatori e studenti di diverse universit\u00e0 e centri di ricerca italiani<\/p>\n<p><a class=\"more-link\" href=\"https:\/\/web.infn.it\/lhcb_milano\/lhcb-italia-meeting-2023\/\">Read More<\/a><\/p>\n","protected":false},"author":7,"featured_media":0,"parent":0,"menu_order":0,"comment_status":"closed","ping_status":"closed","template":"","meta":{"ngg_post_thumbnail":0,"footnotes":""},"class_list":["post-878","page","type-page","status-publish","hentry"],"_links":{"self":[{"href":"https:\/\/web.infn.it\/lhcb_milano\/wp-json\/wp\/v2\/pages\/878","targetHints":{"allow":["GET"]}}],"collection":[{"href":"https:\/\/web.infn.it\/lhcb_milano\/wp-json\/wp\/v2\/pages"}],"about":[{"href":"https:\/\/web.infn.it\/lhcb_milano\/wp-json\/wp\/v2\/types\/page"}],"author":[{"embeddable":true,"href":"https:\/\/web.infn.it\/lhcb_milano\/wp-json\/wp\/v2\/users\/7"}],"replies":[{"embeddable":true,"href":"https:\/\/web.infn.it\/lhcb_milano\/wp-json\/wp\/v2\/comments?post=878"}],"version-history":[{"count":4,"href":"https:\/\/web.infn.it\/lhcb_milano\/wp-json\/wp\/v2\/pages\/878\/revisions"}],"predecessor-version":[{"id":885,"href":"https:\/\/web.infn.it\/lhcb_milano\/wp-json\/wp\/v2\/pages\/878\/revisions\/885"}],"wp:attachment":[{"href":"https:\/\/web.infn.it\/lhcb_milano\/wp-json\/wp\/v2\/media?parent=878"}],"curies":[{"name":"wp","href":"https:\/\/api.w.org\/{rel}","templated":true}]}}