{"id":31,"date":"2016-12-21T11:12:17","date_gmt":"2016-12-21T11:12:17","guid":{"rendered":"http:\/\/web.infn.it\/nu_at_fnal\/?page_id=31"},"modified":"2020-05-29T16:47:19","modified_gmt":"2020-05-29T16:47:19","slug":"nufnal","status":"publish","type":"page","link":"https:\/\/web.infn.it\/nu_at_fnal\/","title":{"rendered":"nu@FNAL"},"content":{"rendered":"<p style=\"text-align: justify;\">Progetto di ricerca nell&#8217;ambito della commissione scientifica nazionale 2 dell&#8217; INFN, che\u00a0si propone di contribuire all&#8217;intero programma del neutrino negli USA, partecipando sia al programma di <a href=\"http:\/\/sbn.fnal.gov\/\">Short Baseline<\/a>, in fase di avanzata realizzazione, che alla progettazione, costruzione e presa dati\/analisi di <a href=\"http:\/\/www.dunescience.org\/\">DUNE<\/a>.<\/p>\n<p style=\"text-align: justify;\">Il responsabile nazionale \u00e8 Sergio Bertolucci. Al progetto partecipano le sedi INFN di Bologna, Ferrara, Genova, Lecce, Milano Bicocca, Catania, Lab. Naz. del Sud, Milano, Napoli, Padova.<\/p>\n<h3 style=\"text-align: left;\">SBN\u00a0\u00a0\u00a0Short-Baseline Neutrino Program<\/h3>\n<p><img loading=\"lazy\" decoding=\"async\" class=\"alignnone size-medium\" src=\"http:\/\/sbn-nd.fnal.gov\/images\/header-photos\/V2_NEAR_white_space.jpg\" width=\"2000\" height=\"827\" \/><\/p>\n<p style=\"text-align: justify;\">Il programma short-baseline del Fermilab \u00e8 frutto di una proposta congiunta di tre collaborazioni per la ricerca di eventuali oscillazioni indotte dal neutrino sterile nei canali di comparsa di\u00a0\u03bd<sub>e<\/sub>\u00a0e di scomparsa di \u03bd<sub>\u03bc<\/sub>\u00a0lungo il fascio Booster Neutrino Beam (BNB). I tre rivelatori utilizzati dalle collaborazioni sono basati su Time Projection Chamber ad Argon Liquido (LArTPC) e contribuiscono allo sviluppo di questa tecnologia in vista dell&#8217;esperimento long-baseline DUNE.\u00a0Gli obiettivi scientifici comuni sono evidenziati nel proposal disponibile su <a href=\"http:\/\/arxiv.org\/abs\/1503.01520\">arXiv<\/a>.<\/p>\n<h4 style=\"padding-left: 30px;\">ICARUS T-600<\/h4>\n<p style=\"padding-left: 30px; text-align: justify;\">Il rivelatore <a href=\"http:\/\/icarus.lngs.infn.it\/\">ICARUS T-600<\/a>, composto da due moduli LArTPC di 300 ton, sar\u00e0 posizionato a 600 metri dal bersaglio del BNB e servir\u00e0 da Far Detector. Il T-600 ha operato presso i Laboratori Nazionali del Gran Sasso dal 2010 al 2014 e sar\u00e0 installato al Fermilab nel 2017, dopo una fase di upgrade al CERN.<\/p>\n<h4 style=\"padding-left: 30px;\">MicroBooNE<\/h4>\n<p style=\"padding-left: 30px; text-align: justify;\">Il rivelatore <a href=\"http:\/\/www-microboone.fnal.gov\/\">MicroBooNE<\/a>, una LArTPC di 170 ton, \u00e8 posizionato a 470 metri dal bersaglio del BNB ed \u00e8 attualmente in presa dati da met\u00e0 2015.<\/p>\n<h4 style=\"padding-left: 30px;\">SBND<\/h4>\n<p style=\"padding-left: 30px; text-align: justify;\">Lo <a href=\"http:\/\/sbn-nd.fnal.gov\/\">Short-Baseline Near Detector<\/a> (SBND), una LArTPC di 260 ton, sar\u00e0 posizionato a 110 metri e funger\u00e0 da Near Detector lungo la linea di fascio.<\/p>\n<h3 style=\"text-align: left;\">DUNE<\/h3>\n<p><img loading=\"lazy\" decoding=\"async\" class=\"alignnone size-medium\" src=\"http:\/\/www.dunescience.org\/wp-content\/uploads\/2016\/12\/LBNE_Graphic_061615_2016.jpg\" width=\"1552\" height=\"512\" \/><\/p>\n<p style=\"text-align: justify;\">Il <a href=\"http:\/\/www.dunescience.org\/\">Deep Underground Neutrino Experiment<\/a> (DUNE) \u00e8 una collaborazione internazionale per lo sviluppo di un rivelatore all&#8217;avanguardia finalizzato allo studio dei neutrini e alla ricerca del decadimento del protone.<\/p>\n<p style=\"text-align: justify;\">DUNE sar\u00e0 composta da due rivelatori (Near e Far) esposti al fascio di neutrini muonici. Il\u00a0rivelatore Near osserver\u00e0 le interazioni di neutrino vicino alla sorgente del fascio al Fermilab mentre il rivelatore Far sar\u00e0 installato al Sanford Underground Research Laboratory in South Dakota, a pi\u00f9 di 1 km di profondit\u00e0 e a 1300 km di distanza dalla sorgente del fascio.<\/p>\n","protected":false},"excerpt":{"rendered":"<p>Progetto di ricerca nell&#8217;ambito della commissione scientifica nazionale 2 dell&#8217; INFN, che\u00a0si propone di contribuire all&#8217;intero programma del neutrino negli USA, partecipando sia al programma di Short Baseline, in fase di avanzata realizzazione, che alla progettazione, costruzione e presa dati\/analisi di DUNE. Il responsabile nazionale \u00e8 Sergio Bertolucci. Al progetto partecipano le sedi INFN di Bologna, Ferrara, Genova, Lecce, Milano Bicocca, Catania, Lab. Naz. del Sud, Milano, Napoli, Padova. SBN\u00a0\u00a0\u00a0Short-Baseline&hellip;<\/p>\n","protected":false},"author":2,"featured_media":0,"parent":0,"menu_order":0,"comment_status":"closed","ping_status":"closed","template":"","meta":{"footnotes":""},"class_list":["post-31","page","type-page","status-publish","hentry","no-post-thumbnail"],"_links":{"self":[{"href":"https:\/\/web.infn.it\/nu_at_fnal\/wp-json\/wp\/v2\/pages\/31","targetHints":{"allow":["GET"]}}],"collection":[{"href":"https:\/\/web.infn.it\/nu_at_fnal\/wp-json\/wp\/v2\/pages"}],"about":[{"href":"https:\/\/web.infn.it\/nu_at_fnal\/wp-json\/wp\/v2\/types\/page"}],"author":[{"embeddable":true,"href":"https:\/\/web.infn.it\/nu_at_fnal\/wp-json\/wp\/v2\/users\/2"}],"replies":[{"embeddable":true,"href":"https:\/\/web.infn.it\/nu_at_fnal\/wp-json\/wp\/v2\/comments?post=31"}],"version-history":[{"count":15,"href":"https:\/\/web.infn.it\/nu_at_fnal\/wp-json\/wp\/v2\/pages\/31\/revisions"}],"predecessor-version":[{"id":142,"href":"https:\/\/web.infn.it\/nu_at_fnal\/wp-json\/wp\/v2\/pages\/31\/revisions\/142"}],"wp:attachment":[{"href":"https:\/\/web.infn.it\/nu_at_fnal\/wp-json\/wp\/v2\/media?parent=31"}],"curies":[{"name":"wp","href":"https:\/\/api.w.org\/{rel}","templated":true}]}}