{"id":16,"date":"2025-12-29T10:31:25","date_gmt":"2025-12-29T09:31:25","guid":{"rendered":"https:\/\/web.infn.it\/nuclear.fi\/?page_id=16"},"modified":"2026-04-03T01:16:00","modified_gmt":"2026-04-02T23:16:00","slug":"publications","status":"publish","type":"page","link":"https:\/\/web.infn.it\/nuclear.fi\/publications\/","title":{"rendered":"Publications"},"content":{"rendered":"\n<h1 class=\"wp-block-heading\">Publications<\/h1>\n\n\n\n<p>We publish the results of our research in leading journals in the field, such as Physical Review C, Nuclear Instruments and Methods in Physics Research (Sections A and B), European Physical Journal, Physics Letters B, Physical Review Letters, and Journal of Physics G.<\/p>\n\n\n<!-- NFI pubs shortcode v1.3 | paged=1 -->\n<div class=\"nfi-publications\"><h2 class=\"nfi-year\" style=\"margin:.5rem 0 1rem 0;\">2026<\/h2><div class=\"pub-item\" style=\"margin-bottom:1rem;padding-bottom:1rem;border-bottom:1px solid #ddd;\"><h3 style=\"margin:0 0 .5rem 0;\">Installation of a \u03b2-decay station at SPES<\/h3><p><strong>Autori:<\/strong> A. Saltarelli; G. Benzoni; E.R. Gamba; C. Boiano; C. Cialdai; A. Goasduff; N. Marchini; A. Nannini; M. Ottanelli; M. Perri; M. Rocchini; N. Toniolo<\/p><p><strong>Journal:<\/strong> Nuclear Instruments and Methods in Physics Research Section A: Accelerators, Spectrometers, Detectors and Associated Equipment<\/p><p><strong>Anno:<\/strong> 2026<\/p><p><strong>DOI:<\/strong> <a href=\"https:\/\/doi.org\/10.1016\/j.nima.2025.170927\" target=\"_blank\" rel=\"noopener\">https:\/\/doi.org\/10.1016\/j.nima.2025.170927<\/a><\/p><\/div><div class=\"pub-item\" style=\"margin-bottom:1rem;padding-bottom:1rem;border-bottom:1px solid #ddd;\"><h3 style=\"margin:0 0 .5rem 0;\">Surface emission studies of ion-beam bombarded thin melamine coatings on carbon substrates<\/h3><p><strong>Autori:<\/strong> L. Redigolo; I. Lombardo; D. Dell\u2019Aquila; M. Vigilante; S. Carturan; A. Massara; L. Baldesi; S. Barlini; A. Camaiani; G. Casini; C. Ciampi; M. Cicerchia; M. D\u2019Andrea; D. Fabris; B. Gongora-Servin; F. Gramegna; T. Marchi; A. Ordine; G. Pasquali; S. Piantelli; A. Stefanini; S. Valdr\u00e9; G. Verde<\/p><p><strong>Journal:<\/strong> Nuclear Instruments and Methods in Physics Research Section B: Beam Interactions with Materials and Atoms<\/p><p><strong>Anno:<\/strong> 2026<\/p><p><strong>DOI:<\/strong> <a href=\"https:\/\/doi.org\/10.1016\/j.nimb.2026.166049\" target=\"_blank\" rel=\"noopener\">https:\/\/doi.org\/10.1016\/j.nimb.2026.166049<\/a><\/p><\/div><div class=\"pub-item\" style=\"margin-bottom:1rem;padding-bottom:1rem;border-bottom:1px solid #ddd;\"><h3 style=\"margin:0 0 .5rem 0;\">EPSI R&#038;D: Development of a X-ray space detector for observing the synchrotron radiation from electrons and positrons in the geomagnetic field<\/h3><p><strong>Anno:<\/strong> 2026<\/p><p><strong>DOI:<\/strong> <a href=\"https:\/\/doi.org\/10.1393\/ncc\/i2026-26017-4\" target=\"_blank\" rel=\"noopener\">https:\/\/doi.org\/10.1393\/ncc\/i2026-26017-4<\/a><\/p><\/div><div class=\"pub-item\" style=\"margin-bottom:1rem;padding-bottom:1rem;border-bottom:1px solid #ddd;\"><h3 style=\"margin:0 0 .5rem 0;\">Fusion of 12C+28Si at deep sub-barrier energies<\/h3><p><strong>Autori:<\/strong> A.M. Stefanini; G. Montagnoli; M. Del Fabbro; A. Goasduff; P.A. Aguilera Jorquera; G. Andreetta; F. Angelini; L.V. D\u2019Auria; M. Balogh; D. Bazzacco; J. Benito; G. Benzoni; M.A. Bentley; N. Bez; A. Bonhomme; S. Bottoni; A. Bracco; D. Brugnara; L. Busak; S. Capra; S. Carollo; S. Casans; E. Cl\u00e9ment; P. Cocconi; A. Cogo; G. Colucci; A. Conte; E. Coradin; L. Corradi; S. Courtin; G. Deangelis; J.M. Deltoro; G. Del Piero; R. Depalo; J. Dudouet; A. Ertoprak; E. Fioretto; A. Gadea; F. Galtarossa; A. Gambalonga; A. Giaz; B. Gongora Servin; V. Gonz\u00e1lez; A. Gottardo; A. Gozzelino; G. Harmant; M. Heine; I. Kuti; M. Labiche; S.M. Lenzi; S. Leoni<\/p><p><strong>Journal:<\/strong> Physics Letters B<\/p><p><strong>Anno:<\/strong> 2026<\/p><p><strong>DOI:<\/strong> <a href=\"https:\/\/doi.org\/10.1016\/j.physletb.2025.140084\" target=\"_blank\" rel=\"noopener\">https:\/\/doi.org\/10.1016\/j.physletb.2025.140084<\/a><\/p><\/div><hr style=\"border:none;border-top:1px solid #eee;margin:1rem 0;\"><h2 class=\"nfi-year\" style=\"margin:.5rem 0 1rem 0;\">2025<\/h2><div class=\"pub-item\" style=\"margin-bottom:1rem;padding-bottom:1rem;border-bottom:1px solid #ddd;\"><h3 style=\"margin:0 0 .5rem 0;\">Triaxiality and shape dynamics in 70Ge<\/h3><p><strong>Autori:<\/strong> T. M. Kowalewski; A. D. Ayangeakaa; N. Sensharma; R. V. F. Janssens; Y. M. Wang; Q. B. Chen; J. M. Allmond; C. M. Campbell; S. Carmichael; M. P. Carpenter; P. Copp; C. Cousins; M. Devlin; U. Garg; C. M\u00fcller-Gatermann; T. J. Gray; D. J. Hartley; J. Heery; J. Henderson; H. Jayatissa; S. R. Johnson; S. P. Kisyov; F. G. Kondev; T. Lauritsen; S. Nandi; R. Rathod; W. Reviol; M. Rocchini; E. Rubino; R. Russell; A. Saracino; D. Seweryniak; M. Siciliano; C. Y. Wu<\/p><p><strong>Journal:<\/strong> Physical Review C<\/p><p><strong>Anno:<\/strong> 2025<\/p><p><strong>DOI:<\/strong> <a href=\"https:\/\/doi.org\/10.1103\/cmks-jst1\" target=\"_blank\" rel=\"noopener\">https:\/\/doi.org\/10.1103\/cmks-jst1<\/a><\/p><\/div><div class=\"pub-item\" style=\"margin-bottom:1rem;padding-bottom:1rem;border-bottom:1px solid #ddd;\"><h3 style=\"margin:0 0 .5rem 0;\">Evidence for triaxial shape coexistence in 74Ge<\/h3><p><strong>Autori:<\/strong> N. Sensharma; A. D. Ayangeakaa; T. M. Kowalewski; R. V. F. Janssens; Y. M. Wang; Q. B. Chen; J. M. Allmond; C. M. Campbell; S. R. Carmichael; M. P. Carpenter; P. Copp; C. Cousins; M. Devlin; U. Garg; C. M\u00fcller-Gatermann; D. J. Hartley; J. Heery; J. Henderson; H. Jayatissa; S. R. Johnson; S. P. Kisyov; F. G. Kondev; T. Lauritsen; S. Nandi; R. Rathod; W. Reviol; M. Rocchini; E. Rubino; R. Russell; A. Saracino; D. Seweryniak; M. Siciliano; C. Y. Wu<\/p><p><strong>Journal:<\/strong> Physical Review C<\/p><p><strong>Anno:<\/strong> 2025<\/p><p><strong>DOI:<\/strong> <a href=\"https:\/\/doi.org\/10.1103\/h839-vb3z\" target=\"_blank\" rel=\"noopener\">https:\/\/doi.org\/10.1103\/h839-vb3z<\/a><\/p><\/div><div class=\"pub-item\" style=\"margin-bottom:1rem;padding-bottom:1rem;border-bottom:1px solid #ddd;\"><h3 style=\"margin:0 0 .5rem 0;\">Direct Evidence for the \u03bdd5\/2 Orbital in Ni69 : Implications for the N=40 Island of Inversion<\/h3><p><strong>Autori:<\/strong> A. Ceulemans; R. Raabe; F. Nowacki; A. Alharbi; H. Ayatollahzadeh; S. A. Bennett; F. Browne; P. A. Butler; A. Camaiani; D. Clarke; A. J. Dolan; Z. Eleme; C. T. A. Everett; F. Flavigny; S. Fracassetti; S. J. Freeman; L. P. Gaffney; G. Georgiev; S. Goula; A. Heinz; A. Kaw\u0229cka; J. M. Keatings; M. Labiche; I. Lazarus; P. T. MacGregor; M. V. Managlia; J. Ojala; B. Olaizola; R. D. Page; N. Patronis; O. Poleshchuk; A. M. S\u00e1nchez-Ben\u00edtez; D. K. Sharp; H. T\u00f6rnqvist; A. Youssef<\/p><p><strong>Journal:<\/strong> Physical Review Letters<\/p><p><strong>Anno:<\/strong> 2025<\/p><p><strong>DOI:<\/strong> <a href=\"https:\/\/doi.org\/10.1103\/tdfs-5qzw\" target=\"_blank\" rel=\"noopener\">https:\/\/doi.org\/10.1103\/tdfs-5qzw<\/a><\/p><\/div><div class=\"pub-item\" style=\"margin-bottom:1rem;padding-bottom:1rem;border-bottom:1px solid #ddd;\"><h3 style=\"margin:0 0 .5rem 0;\">Investigation of the excited states of 114Sn using the GRIFFIN spectrometer at TRIUMF<\/h3><p><strong>Autori:<\/strong> N.K. Syeda; P. Spagnoletti; C. Andreoiu; C.M. Petrache; D. Annen; R.S. Lubna; V. Vedia; A. Algora; A. Babu; G.C. Ball; S. Bhattacharjee; R. Caballero-Folch; R. Coleman; I. Dillmann; E.G. Fuakye; L.P. Gaffney; F.H. Garcia; A.B. Garnsworthy; P.E. Garrett; C.J. Griffin; G.F. Grinyer; G. Hackman; R. Kanungo; K. Kapoor; A. Laffoley; G. Leckenby; K. Mashtakov; C. Natzke; B. Olaizola; K. Ortner; C. Porzio; M. Rocchini; N. Saei; Y. Saito; M. Satrazani; D. Shah; M. Siciliano; J. Smallcombe; C.E. Svensson; A. Talebitaher; R. Umashankar; S. Valbuena Burbano; J. Williams; F. Wu; D. Yates; T. Zidar<\/p><p><strong>Journal:<\/strong> Nuclear Physics A<\/p><p><strong>Anno:<\/strong> 2025<\/p><p><strong>DOI:<\/strong> <a href=\"https:\/\/doi.org\/10.1016\/j.nuclphysa.2025.123090\" target=\"_blank\" rel=\"noopener\">https:\/\/doi.org\/10.1016\/j.nuclphysa.2025.123090<\/a><\/p><\/div><div class=\"pub-item\" style=\"margin-bottom:1rem;padding-bottom:1rem;border-bottom:1px solid #ddd;\"><h3 style=\"margin:0 0 .5rem 0;\">The EPSI R&#038;D: Development of an Innovative Electron\u2013Positron Discrimination Technique for Space Applications<\/h3><p><strong>Autori:<\/strong> Oscar Adriani; Lucia Baldesi; Eugenio Berti; Pietro Betti; Massimo Bongi; Alberto Camaiani; Massimo Chiari; Raffaello D\u2019Alessandro; Giacomo De Giorgi; Noemi Finetti; Leonardo Forcieri; Elena Gensini; Andrea Paccagnella; Lorenzo Pacini; Paolo Papini; Oleksandr Starodubtsev; Anna Vinattieri; Chiara Volpato<\/p><p><strong>Journal:<\/strong> Particles<\/p><p><strong>Anno:<\/strong> 2025<\/p><p><strong>DOI:<\/strong> <a href=\"https:\/\/doi.org\/10.3390\/particles8040101\" target=\"_blank\" rel=\"noopener\">https:\/\/doi.org\/10.3390\/particles8040101<\/a><\/p><\/div><div class=\"pub-item\" style=\"margin-bottom:1rem;padding-bottom:1rem;border-bottom:1px solid #ddd;\"><h3 style=\"margin:0 0 .5rem 0;\">Probing Low-energy States in 110Cd Using Coulomb Excitation<\/h3><p><strong>Autori:<\/strong> I.Z. Pi\u0119tka; K. Wrzosek-Lipska; P.E. Garrett; M. Zieli\u0144ska; L. Pr\u00f3chniak; A. Nannini; M. Rocchini; T. Abraham; P. Aguilera; Z.T. Ahmed; J.M. Allmond; F. Angelini; M. Balogh; F.L. Bello Garrote; J. Benito; H. Bidaman; V. Bildstein; D. Brugnara; S. Buck; C. Burbadge; S. Carollo; J. Cederk\u00e4ll; M. Chiari; R. Coleman; G. Colombi; G. Colucci; A. Diaz Varela; D.T. Doherty; S. Dutt; F. Ercolano; A. Ertoprak; R. Escudeiro; F. Galtarossa; A. Goasduff; B. G\u00f3ngora-Serv\u00edn; A. Gottardo; A. Gozzelino; B. Greaves; K. Hady\u0144ska-Kl\u0119k; J. Heery; S.F. Hicks; Z. Huang; D. Hymers; A. Illana; J. Iwanicki; G. Jaworski; B. Jigmeddorj; D. Kalaydjieva; M. Kisieli\u0144ski; R. Kjus; M. Komorowska<\/p><p><strong>Journal:<\/strong> Acta Physica Polonica B Proceedings Supplement<\/p><p><strong>Anno:<\/strong> 2025<\/p><p><strong>DOI:<\/strong> <a href=\"https:\/\/doi.org\/10.5506\/aphyspolbsupp.18.2-a26\" target=\"_blank\" rel=\"noopener\">https:\/\/doi.org\/10.5506\/aphyspolbsupp.18.2-a26<\/a><\/p><\/div><div class=\"pub-item\" style=\"margin-bottom:1rem;padding-bottom:1rem;border-bottom:1px solid #ddd;\"><h3 style=\"margin:0 0 .5rem 0;\">New upper limits for \u03b2 -delayed fission probabilities of Fr230,232 and Ac230,232,234<\/h3><p><strong>Autori:<\/strong> S. Bara; A. Algora; B. Andel; A. N. Andreyev; S. Antalic; R. A. Bark; M. J. G. Borge; A. Camaiani; T. E. Cocolios; J. G. Cubiss; H. De Witte; C. M. Fajardo-Zambrano; Z. Favier; L. M. Fraile; H. O. U. Fynbo; S. Goriely; R. Grzywacz; M. Heines; F. Ivandikov; J. D. Johnson; P. M. Jones; D. S. Judson; J. Klimo; A. Korgul; M. Labiche; R. Lica; M. Madurga; N. Marginean; C. Mihai; J. Mi\u0161t; E. N\u00e1cher; C. Neacsu; J. N. Orce; C. A. A. Page; R. D. Page; J. Pakarinen; P. Papadakis; A. Perea; M. Piersa-Si\u0142kowska; Zs. Podoly\u00e1k; R. Raabe; W. Ryssens; A. S\u00e1nchez-Fern\u00e1ndez; A. Sitar\u010d\u00edk; O. Tengblad; J. M. Ud\u00edas; V. Van Den Bergh; P. Van Duppen; N. Warr; A. Youssef; Z. Yue<\/p><p><strong>Journal:<\/strong> Physical Review C<\/p><p><strong>Anno:<\/strong> 2025<\/p><p><strong>DOI:<\/strong> <a href=\"https:\/\/doi.org\/10.1103\/physrevc.111.065803\" target=\"_blank\" rel=\"noopener\">https:\/\/doi.org\/10.1103\/physrevc.111.065803<\/a><\/p><\/div><div class=\"pub-item\" style=\"margin-bottom:1rem;padding-bottom:1rem;border-bottom:1px solid #ddd;\"><h3 style=\"margin:0 0 .5rem 0;\">Investigation of the Excited States of 114Sn Using the GRIFFIN Spectrometer at TRIUMF<\/h3><p><strong>Autori:<\/strong> N. K. Syeda; P. Spagnoletti; C. Andreoiu; C. M. Petrache; D. Annen; R. S. Lubna; V. Vedia; A. Algora; A. Babuf; G. C. Ball; S. Bhattacharjee; R. Caballero-Folch; R. Coleman; I. Dillmann; E. G. Fuakyei; L. P. Gaffney; F. H. Garcia; A. B. Garnsworthy; P. E. Garrett; C. J. Griffin; G. F. Grinyer; G. Hackman; R. Kanungo; K. Kapoor; A. Laffoley; G. Leckenby; K. Mashatkov; C. Natzke; B. Olaizola; K. Ortner; C. Porzio; M. Rocchini; N. Saei; Y. Saito; D. Shahi; M. Satrzanj; M. Siciliano; J. Smallcombe; C. E. Svensson; A. Talebitaher; R. Umashankar; S. Valbuena Burbano; J. Williams; F. Wu; D. Yates; T. Zidar<\/p><p><strong>Journal:<\/strong> arXiv<\/p><p><strong>Anno:<\/strong> 2025<\/p><p><strong>DOI:<\/strong> <a href=\"https:\/\/doi.org\/10.48550\/arxiv.2504.17174\" target=\"_blank\" rel=\"noopener\">https:\/\/doi.org\/10.48550\/arxiv.2504.17174<\/a><\/p><\/div><div class=\"pub-item\" style=\"margin-bottom:1rem;padding-bottom:1rem;border-bottom:1px solid #ddd;\"><h3 style=\"margin:0 0 .5rem 0;\">Efficiency determination of FAZIA CsI(Tl) scintillators for energetic protons: Measurement data and GEANT4 validation<\/h3><p><strong>Autori:<\/strong> L. Baldesi; C. Frosin; S. Barlini; A.A. Stefanini; A. Camaiani; G. Casini; S. Piantelli; S. Valdr\u00e9; M. Pullia; M. Donetti; S. Savazzi; R. Bougault; C. Ciampi; I. Dekhissi; J.A. Due\u00f1as; F. Gramegna; D. Gruyer; T. Kozik; N. Le Neindre; G. Pasquali; A. Rebillard-Souli\u00e9; G. Verde<\/p><p><strong>Journal:<\/strong> Nuclear Instruments and Methods in Physics Research Section A: Accelerators, Spectrometers, Detectors and Associated Equipment<\/p><p><strong>Anno:<\/strong> 2025<\/p><p><strong>DOI:<\/strong> <a href=\"https:\/\/doi.org\/10.1016\/j.nima.2025.170420\" target=\"_blank\" rel=\"noopener\">https:\/\/doi.org\/10.1016\/j.nima.2025.170420<\/a><\/p><\/div><div class=\"pub-item\" style=\"margin-bottom:1rem;padding-bottom:1rem;border-bottom:1px solid #ddd;\"><h3 style=\"margin:0 0 .5rem 0;\">Lifetime measurement after direct transfer reactions with AGATA at LNL<\/h3><p><strong>Autori:<\/strong> Franco Galtarossa; Andrea Gottardo; Luca Zago; Mat\u00fa\u0161 Balogh; Elia Pilotto; Giorgia Pasqualato; Daniele Mengoni; Pablo Aguilera Jorquera; Giuseppe Andreetta; Filippo Angelini; Lucia Baldesi; Jaime Benito; Giovanna Benzoni; Simone Bottoni; Daniele Brugnara; Alberto Camaiani; Sara Carollo; Javier Collado; Giacomo Corbari; Maurizio D\u2019Andrea; Giacomo De Angelis; Mirco Del Fabbro; Daniele Dell\u2019Aquila; Josipa Dikli\u0107; Felix Dunkel; Federica Ercolano; Aysegul Ertoprak; Andres Gadea; Agnese Giaz; Alain Goasduff; Benito G\u00f3ngora-Serv\u00edn; Andrea Gozzelino; Kasia Hady\u0144ska-Klek; Corentin Hiver; Zhen Huang; Massyl Kaci; Hannah Kleis; Silvia Monica Lenzi; Ivano Lombardo; Naomi Marchini; Hannes Mayr; Roberto Menegazzo; Nicolas Miani; Adriana Nannini; Daniel Ricardo Napoli; Raquel Nicol\u00e1s del \u00c1lamo; Julgen Pellumaj; Rosa Maria P\u00e9rez-Vidal; Sara Pigliapoco; Marta Polettini; Francesco Recchia<\/p><p><strong>Journal:<\/strong> EPJ Web of Conferences<\/p><p><strong>Anno:<\/strong> 2025<\/p><p><strong>DOI:<\/strong> <a href=\"https:\/\/doi.org\/10.1051\/epjconf\/202532400029\" target=\"_blank\" rel=\"noopener\">https:\/\/doi.org\/10.1051\/epjconf\/202532400029<\/a><\/p><\/div><div class=\"pub-item\" style=\"margin-bottom:1rem;padding-bottom:1rem;border-bottom:1px solid #ddd;\"><h3 style=\"margin:0 0 .5rem 0;\">FAZIA: A new generation array for nuclear dynamics and EoS experiments at intermediate energies<\/h3><p><strong>Autori:<\/strong> S. Valdr\u00e9; A. Camaiani; G. Verde; S. Piantelli; G. Casini; N. Le Neindre; L. Baldesi; S. Barlini; M. Bini; A. Boiano; E. Bonnet; B. Borderie; R. Bougault; A. Chbihi; C. Cialdai; C. Ciampi; D. Dell\u2019Aquila; J. Due\u00f1as; P. Edelbruck; Q. Fable; D. Fabris; J. D. Frankland; C. Frosin; F. Gramegna; D. Gruyer; M. Henri; B. Hong; S. Kim; A. Kordyasz; T. Kozik; M. Kweon; I. Lombardo; O. Lopez; T. Marchi; K. Mazurek; A. Olmi; A. Ordine; P. Ottanelli; J. Park; M. Parlog; G. Pasquali; M. G. Pellegriti; G. Poggi; A. Rebillard-Souli\u00e9; L. Redigolo; F. Salomon; M. Scaringella; A. A. Stefanini; G. Tobia; G. Tortone; S. Upadhyahya; E. Vient; M. Vigilante<\/p><p><strong>Journal:<\/strong> International Journal of Modern Physics A<\/p><p><strong>Anno:<\/strong> 2025<\/p><p><strong>DOI:<\/strong> <a href=\"https:\/\/doi.org\/10.1142\/s0217751x24440081\" target=\"_blank\" rel=\"noopener\">https:\/\/doi.org\/10.1142\/s0217751x24440081<\/a><\/p><\/div><div class=\"pub-item\" style=\"margin-bottom:1rem;padding-bottom:1rem;border-bottom:1px solid #ddd;\"><h3 style=\"margin:0 0 .5rem 0;\">Investigating the collectivity of intruder states along N=49 isotones<\/h3><p><strong>Autori:<\/strong> Pellumaj, J.; Gottardo, A.; Goasduff, A.; Bazzacco, D.; Brugnara, D.; Benzoni, G.; Bottoni, S.; Capra, S.; de Angelis, G.; Gozzelino, A.; Ha, J.; Lenzi, S.M.; Marchi, T.; Menegazzo, R.; Mengoni, D.; Nannini, A.; Napoli, D.R.; P\u00e9rez-Vidal, R.M.; Pigliapoco, S.; Recchia, F.; Rezynkina, K.; Valiente-Dob\u00f3n, J.J.; Zanon, I.; Ziliani, S.; Zhang, G.; Carturan, S.; Loriggiola, M.<\/p><p><strong>Journal:<\/strong> Nuclear Physics A<\/p><p><strong>Anno:<\/strong> 2025<\/p><p><strong>DOI:<\/strong> <a href=\"https:\/\/doi.org\/10.1016\/j.nuclphysa.2025.123125\" target=\"_blank\" rel=\"noopener\">https:\/\/doi.org\/10.1016\/j.nuclphysa.2025.123125<\/a><\/p><\/div><div class=\"pub-item\" style=\"margin-bottom:1rem;padding-bottom:1rem;border-bottom:1px solid #ddd;\"><h3 style=\"margin:0 0 .5rem 0;\">Recent data on fusion far below the barrier for 12C + 28Si<\/h3><p><strong>Autori:<\/strong> G. Montagnoli; M. Del Fabbro; A. M. Stefanini; M. Balogh; A. Goasduff; G. Andreetta; F. Angelini; J. Benito; A. Bonhomme; D. Brugnara; G. Colucci; L. Corradi; S. Courtin; R. Depalo; A. Ertoprak; E. Fioretto; F. Galtarossa; B. Gongora Servin; A. Gottardo; A. Gozzelino; M. Heine; M. Mazzocco; D. Mengoni; B. Million; E. Monpribat; R. Nicolas Del Alamo; J. Pellumaj; R.M. Perez Vidal; S. Pigliapoco; E. Pilotto; M. Polettini; K. Rezynkina; M. Rocchini; D. Stramaccioni; S. Szilner; A. Trzcinska; J. Valiente Dobon; L. Zago; I. Zanon<\/p><p><strong>Journal:<\/strong> EPJ Web of Conferences<\/p><p><strong>Anno:<\/strong> 2025<\/p><p><strong>DOI:<\/strong> <a href=\"https:\/\/doi.org\/10.1051\/epjconf\/202532400008\" target=\"_blank\" rel=\"noopener\">https:\/\/doi.org\/10.1051\/epjconf\/202532400008<\/a><\/p><\/div><div class=\"pub-item\" style=\"margin-bottom:1rem;padding-bottom:1rem;border-bottom:1px solid #ddd;\"><h3 style=\"margin:0 0 .5rem 0;\">Alpha structures of 16O at high excitation energies by 3He + 13C nuclear reactions<\/h3><p><strong>Autori:<\/strong> Lombardo, I.; Redigolo, L.; Dell&#039;Aquila, D.; Vigilante, M.; Aytekin, M.; Baldesi, L.; Barlini, S.; Camaiani, A.; Casini, G.; Ciampi, C.; Cicerchia, M.; Fabris, D.; Frosin, C.; Gramegna, F.; Marchi, T.; Ordine, A.; Ottanelli, P.; Pasquali, G.; Piantelli, S.; Russo, M.; Stefanini, A.; Valdr\u00e8, S.; Verde, G.<\/p><p><strong>Anno:<\/strong> 2025<\/p><p><strong>DOI:<\/strong> <a href=\"https:\/\/doi.org\/10.1016\/j.nuclphysa.2025.123115\" target=\"_blank\" rel=\"noopener\">https:\/\/doi.org\/10.1016\/j.nuclphysa.2025.123115<\/a><\/p><\/div><div class=\"pub-item\" style=\"margin-bottom:1rem;padding-bottom:1rem;border-bottom:1px solid #ddd;\"><h3 style=\"margin:0 0 .5rem 0;\">The upgrade of the facility EXOTIC<\/h3><p><strong>Autori:<\/strong> Pigliapoco, S.; Brugnara, D.; Mazzocco, M.; Valiente-Dobon, J.J.; Aguilera, P.; Andreetta, G.; Angelini, F.; Balogh, M.; Bazzacco, D.; Benito Garcia, J.; Benzoni, G.; Bottoni, S.; Carollo, S.; Cherubini, S.; Costa, M.; Crespi, F.C.L.; D&#039;Agata, G.; De Angelis, G.; Del Fabbro, M.; Di Pietro, A.; Escudeiro, R.; Figuera, P.; Galtarossa, F.; Goasduff, A.; Gongora, B.; Gottardo, A.; Guardo, G.L.; Gulino, M.; La Cognata, M.; La Commara, M.; Lamia, L.; Lattuada, D.; Lenzi, S.M.; Leoni, S.; Manic\u00f2, G.; Marchi, T.; Menegazzo, R.; Mengoni, D.; Montagnoli, G.; Nannini, A.; Napoli, D.R.; del Alamo, R.N.; Oliva, A.A.; Palmerini, S.; Pellumaj, J.; P\u00e9rez-Vidal, R.M.; Pierrotsakou, D.; Pilotto, E.; Pizzone, R.G.; Polettini, M.; Pumo, M.L.; Rapisarda, G.G.; Recchia, F.; Rezynkina, K.; Romano, S.; Santonocito, D.; Stefanini, A.M.; Sergi, M.L.; Soramel, F.; Spart\u00e0, R.; Stramaccioni, D.; Torresi, D.; Tumino, A.; Vukman, N.; Zago, L.<\/p><p><strong>Journal:<\/strong> Nuclear Physics A<\/p><p><strong>Anno:<\/strong> 2025<\/p><p><strong>DOI:<\/strong> <a href=\"https:\/\/doi.org\/10.1016\/j.nuclphysa.2025.123039\" target=\"_blank\" rel=\"noopener\">https:\/\/doi.org\/10.1016\/j.nuclphysa.2025.123039<\/a><\/p><\/div><div class=\"pub-item\" style=\"margin-bottom:1rem;padding-bottom:1rem;border-bottom:1px solid #ddd;\"><h3 style=\"margin:0 0 .5rem 0;\">Constraining the nuclear symmetry energy with Fermi-energy heavy ion collisions<\/h3><p><strong>Autori:<\/strong> Ciampi, C.; Mallik, S.; Gulminelli, F.; Gruyer, D.; Frankland, J.D.; Le Neindre, N.; Bougault, R.; Chbihi, A.; Baldesi, L.; Barlini, S.; Borderie, B.; Camaiani, A.; Casini, G.; Dekhissi, I.; Due\u00f1as, J.A.; Fable, Q.; Gramegna, F.; Henri, M.; Hong, B.; Kim, S.; Kordyasz, A.; Kozik, T.; Lombardo, I.; Lopez, O.; Marchi, T.; Nam, S.H.; Park, J.; P\u00e2rlog, M.; Pasquali, G.; Piantelli, S.; Poggi, G.; Valdr\u00e9, S.; Verde, G.; Vient, E.<\/p><p><strong>Anno:<\/strong> 2025<\/p><p><strong>DOI:<\/strong> <a href=\"https:\/\/doi.org\/10.1016\/j.physletb.2025.139815\" target=\"_blank\" rel=\"noopener\">https:\/\/doi.org\/10.1016\/j.physletb.2025.139815<\/a><\/p><\/div><\/div><nav class=\"pagination\" aria-label=\"Paginazione\"><ul class=\"page-numbers\"><li><span class=\"page-numbers current\">1<\/span><\/li><li><a class=\"page-numbers\" href=\"https:\/\/web.infn.it\/nuclear.fi\/publications\/constraining-the-nuclear-symmetry-energy-with-fermi-energy-heavy-ion-collisions\/?pubs_page=2\">2<\/a><\/li><li><a class=\"page-numbers\" href=\"https:\/\/web.infn.it\/nuclear.fi\/publications\/constraining-the-nuclear-symmetry-energy-with-fermi-energy-heavy-ion-collisions\/?pubs_page=3\">3<\/a><\/li><li><span class=\"page-numbers dots\">&hellip;<\/span><\/li><li><a class=\"page-numbers\" href=\"https:\/\/web.infn.it\/nuclear.fi\/publications\/constraining-the-nuclear-symmetry-energy-with-fermi-energy-heavy-ion-collisions\/?pubs_page=13\">13<\/a><\/li><li><a class=\"next page-numbers\" href=\"https:\/\/web.infn.it\/nuclear.fi\/publications\/constraining-the-nuclear-symmetry-energy-with-fermi-energy-heavy-ion-collisions\/?pubs_page=2\">&raquo;<\/a><\/li><\/ul><\/nav>\n","protected":false},"excerpt":{"rendered":"<p>Publications We publish the results of our research in leading journals in the field, such as Physical Review C, Nuclear Instruments and Methods in Physics Research (Sections A and B), European Physical Journal, Physics Letters B, Physical Review Letters, and Journal of Physics G.<\/p>\n","protected":false},"author":2,"featured_media":1401,"parent":0,"menu_order":0,"comment_status":"closed","ping_status":"closed","template":"","meta":{"_kad_post_transparent":"","_kad_post_title":"","_kad_post_layout":"","_kad_post_sidebar_id":"","_kad_post_content_style":"","_kad_post_vertical_padding":"","_kad_post_feature":"","_kad_post_feature_position":"","_kad_post_header":false,"_kad_post_footer":false,"_kad_post_classname":"","footnotes":""},"class_list":["post-16","page","type-page","status-publish","has-post-thumbnail","hentry"],"_links":{"self":[{"href":"https:\/\/web.infn.it\/nuclear.fi\/wp-json\/wp\/v2\/pages\/16","targetHints":{"allow":["GET"]}}],"collection":[{"href":"https:\/\/web.infn.it\/nuclear.fi\/wp-json\/wp\/v2\/pages"}],"about":[{"href":"https:\/\/web.infn.it\/nuclear.fi\/wp-json\/wp\/v2\/types\/page"}],"author":[{"embeddable":true,"href":"https:\/\/web.infn.it\/nuclear.fi\/wp-json\/wp\/v2\/users\/2"}],"replies":[{"embeddable":true,"href":"https:\/\/web.infn.it\/nuclear.fi\/wp-json\/wp\/v2\/comments?post=16"}],"version-history":[{"count":17,"href":"https:\/\/web.infn.it\/nuclear.fi\/wp-json\/wp\/v2\/pages\/16\/revisions"}],"predecessor-version":[{"id":1377,"href":"https:\/\/web.infn.it\/nuclear.fi\/wp-json\/wp\/v2\/pages\/16\/revisions\/1377"}],"wp:featuredmedia":[{"embeddable":true,"href":"https:\/\/web.infn.it\/nuclear.fi\/wp-json\/wp\/v2\/media\/1401"}],"wp:attachment":[{"href":"https:\/\/web.infn.it\/nuclear.fi\/wp-json\/wp\/v2\/media?parent=16"}],"curies":[{"name":"wp","href":"https:\/\/api.w.org\/{rel}","templated":true}]}}