{"id":718,"date":"2015-07-29T13:44:44","date_gmt":"2015-07-29T11:44:44","guid":{"rendered":"https:\/\/chandani-spacious-main.sites.qsandbox.com\/?page_id=4"},"modified":"2026-04-16T12:22:01","modified_gmt":"2026-04-16T10:22:01","slug":"home","status":"publish","type":"page","link":"https:\/\/web.infn.it\/openscience\/","title":{"rendered":"Home"},"content":{"rendered":"\t\t<div data-elementor-type=\"wp-page\" data-elementor-id=\"718\" class=\"elementor elementor-718\" data-elementor-settings=\"{&quot;ha_cmc_init_switcher&quot;:&quot;no&quot;}\">\n\t\t\t\t\t\t<section class=\"elementor-section elementor-top-section elementor-element elementor-element-6dbde9c elementor-section-boxed elementor-section-height-default elementor-section-height-default\" data-id=\"6dbde9c\" data-element_type=\"section\" data-e-type=\"section\" data-settings=\"{&quot;_ha_eqh_enable&quot;:false}\">\n\t\t\t\t\t\t<div class=\"elementor-container elementor-column-gap-default\">\n\t\t\t\t\t<div class=\"elementor-column elementor-col-100 elementor-top-column elementor-element elementor-element-921288a\" data-id=\"921288a\" data-element_type=\"column\" data-e-type=\"column\">\n\t\t\t<div class=\"elementor-widget-wrap elementor-element-populated\">\n\t\t\t\t\t\t<div class=\"elementor-element elementor-element-f3bb507 interlinea- elementor-widget elementor-widget-text-editor\" data-id=\"f3bb507\" data-element_type=\"widget\" data-e-type=\"widget\" data-widget_type=\"text-editor.default\">\n\t\t\t\t<div class=\"elementor-widget-container\">\n\t\t\t\t\t\t\t\t\t<p class=\"has-text-align-center has-black-color has-text-color has-medium-font-size\"><span style=\"font-size: 12pt;\">L\u2019INFN supporta la scienza aperta e intende sensibilizzare la propria comunit\u00e0 scientifica, promuovendo l\u2019adozione di politiche a sostegno della scienza aperta e la conoscenza di buone pratiche che supportino tali principi.<\/span><br \/><span style=\"font-size: 12pt;\">L\u2019INFN aderisce agli <strong><a href=\"https:\/\/web.infn.it\/openscience\/wp-content\/uploads\/2023\/07\/PNSA-assi-di-intervento.pdf\" target=\"_blank\" rel=\"noopener\">assi di intervento<\/a><\/strong> codificati dal <strong><a href=\"https:\/\/www.mur.gov.it\/sites\/default\/files\/2022-06\/Piano_Nazionale_per_la_Scienza_Aperta.pdf\" target=\"_blank\" rel=\"noopener\">Piano Nazionale per la Scienza aperta<\/a><\/strong>.<br \/>Con la <a href=\"https:\/\/www.presid.infn.it\/index.php\/it\/giunta-esecutiva-e-consiglio-direttivo\/riunioni-consiglio-direttivo\/riunioni-cd-2023\/9-consiglio-direttivo\/422-elenco-delibere-cd-21-luglio-2023\" target=\"_blank\" rel=\"noopener\">Delibera n. 16717 del 21\/07\/2023<\/a> \u00e8 stato approvato il <strong><a href=\"https:\/\/web.infn.it\/openscience\/wp-content\/uploads\/2024\/09\/INFNDisciplinareAccessoProdottiDelibera16717_cd.pdf\" target=\"_blank\" rel=\"noopener\">Disciplinare per l\u2019accesso aperto ai prodotti della ricerca dell\u2019Istituto Nazionale di Fisica Nucleare <\/a><\/strong>(doi: <a href=\"https:\/\/doi.org\/10.15161\/oar.it\/143269\" target=\"_blank\" rel=\"noopener\">10.15161\/oar.it\/143269<\/a>).<br \/><\/span><\/p>\t\t\t\t\t\t\t\t<\/div>\n\t\t\t\t<\/div>\n\t\t\t\t\t<\/div>\n\t\t<\/div>\n\t\t\t\t\t<\/div>\n\t\t<\/section>\n\t\t\t\t<section class=\"elementor-section elementor-top-section elementor-element elementor-element-f4e2d40 elementor-section-boxed elementor-section-height-default elementor-section-height-default\" data-id=\"f4e2d40\" data-element_type=\"section\" data-e-type=\"section\" data-settings=\"{&quot;_ha_eqh_enable&quot;:false}\">\n\t\t\t\t\t\t<div class=\"elementor-container elementor-column-gap-default\">\n\t\t\t\t\t<div class=\"elementor-column elementor-col-100 elementor-top-column elementor-element elementor-element-78bf249\" data-id=\"78bf249\" data-element_type=\"column\" data-e-type=\"column\">\n\t\t\t<div class=\"elementor-widget-wrap elementor-element-populated\">\n\t\t\t\t\t\t<div class=\"elementor-element elementor-element-0a7ba7f elementor-widget elementor-widget-heading\" data-id=\"0a7ba7f\" data-element_type=\"widget\" data-e-type=\"widget\" data-widget_type=\"heading.default\">\n\t\t\t\t<div class=\"elementor-widget-container\">\n\t\t\t\t\t<h2 class=\"elementor-heading-title elementor-size-default\">Come fare per<\/h2>\t\t\t\t<\/div>\n\t\t\t\t<\/div>\n\t\t\t\t<div class=\"elementor-element elementor-element-9aa338b elementor-widget-divider--view-line_icon elementor-view-default elementor-widget-divider--element-align-center elementor-widget elementor-widget-divider\" data-id=\"9aa338b\" data-element_type=\"widget\" data-e-type=\"widget\" data-widget_type=\"divider.default\">\n\t\t\t\t<div class=\"elementor-widget-container\">\n\t\t\t\t\t\t\t<div class=\"elementor-divider\">\n\t\t\t<span class=\"elementor-divider-separator\">\n\t\t\t\t\t\t\t<div class=\"elementor-icon elementor-divider__element\">\n\t\t\t\t\t<i aria-hidden=\"true\" class=\"fas fa-arrow-circle-down\"><\/i><\/div>\n\t\t\t\t\t\t<\/span>\n\t\t<\/div>\n\t\t\t\t\t\t<\/div>\n\t\t\t\t<\/div>\n\t\t\t\t\t<\/div>\n\t\t<\/div>\n\t\t\t\t\t<\/div>\n\t\t<\/section>\n\t\t\t\t<section class=\"elementor-section elementor-top-section elementor-element elementor-element-35062c7 elementor-section-boxed elementor-section-height-default elementor-section-height-default\" data-id=\"35062c7\" data-element_type=\"section\" data-e-type=\"section\" data-settings=\"{&quot;_ha_eqh_enable&quot;:false}\">\n\t\t\t\t\t\t<div class=\"elementor-container elementor-column-gap-default\">\n\t\t\t\t\t<div class=\"elementor-column elementor-col-33 elementor-top-column elementor-element elementor-element-09aa681\" data-id=\"09aa681\" data-element_type=\"column\" data-e-type=\"column\">\n\t\t\t<div class=\"elementor-widget-wrap elementor-element-populated\">\n\t\t\t\t\t\t<div data-ha-element-link=\"{&quot;url&quot;:&quot;https:\\\/\\\/web.infn.it\\\/openscience\\\/profilo-orcid\\\/&quot;,&quot;is_external&quot;:&quot;&quot;,&quot;nofollow&quot;:&quot;&quot;}\" style=\"cursor: pointer\" class=\"elementor-element elementor-element-2b36a02 e-transform ha-css-transform-yes elementor-widget__width-inherit ha-card--top ha-card--tablet-top ha-card--mobile-top ha-has-bg-overlay elementor-invisible elementor-widget elementor-widget-ha-card happy-addon ha-card\" data-id=\"2b36a02\" data-element_type=\"widget\" data-e-type=\"widget\" data-settings=\"{&quot;_animation&quot;:&quot;fadeInLeft&quot;,&quot;_transform_scale_effect_hover&quot;:{&quot;unit&quot;:&quot;px&quot;,&quot;size&quot;:1,&quot;sizes&quot;:[]},&quot;_transform_scale_effect_hover_tablet&quot;:{&quot;unit&quot;:&quot;px&quot;,&quot;size&quot;:&quot;&quot;,&quot;sizes&quot;:[]},&quot;_transform_scale_effect_hover_mobile&quot;:{&quot;unit&quot;:&quot;px&quot;,&quot;size&quot;:&quot;&quot;,&quot;sizes&quot;:[]}}\" data-widget_type=\"ha-card.default\">\n\t\t\t\t<div class=\"elementor-widget-container\">\n\t\t\t\t\t\n\t\t\t\t\t<figure class=\"ha-card-figure\">\n\t\t\t\t<img fetchpriority=\"high\" decoding=\"async\" width=\"2560\" height=\"1707\" src=\"https:\/\/web.infn.it\/openscience\/wp-content\/uploads\/2026\/04\/3262016-scaled.jpg\" class=\"attachment-full size-full wp-image-3426\" alt=\"\" srcset=\"https:\/\/web.infn.it\/openscience\/wp-content\/uploads\/2026\/04\/3262016-scaled.jpg 2560w, https:\/\/web.infn.it\/openscience\/wp-content\/uploads\/2026\/04\/3262016-300x200.jpg 300w, https:\/\/web.infn.it\/openscience\/wp-content\/uploads\/2026\/04\/3262016-1024x683.jpg 1024w, https:\/\/web.infn.it\/openscience\/wp-content\/uploads\/2026\/04\/3262016-768x512.jpg 768w, https:\/\/web.infn.it\/openscience\/wp-content\/uploads\/2026\/04\/3262016-1536x1024.jpg 1536w, https:\/\/web.infn.it\/openscience\/wp-content\/uploads\/2026\/04\/3262016-2048x1365.jpg 2048w\" sizes=\"(max-width: 2560px) 100vw, 2560px\" \/>\t\t\t\t\t\t\t\t\t<div class=\"ha-badge ha-badge--middle-center\">GESTIRE IL PROFILO ORCID<\/div>\n\t\t\t\t\t\t\t<\/figure>\n\t\t\n\t\t<div class=\"ha-card-body\">\n\n\t\t\t\n\t\t\t\n\t\t\t\t\t<\/div>\n\t\t\t\t\t\t<\/div>\n\t\t\t\t<\/div>\n\t\t\t\t\t<\/div>\n\t\t<\/div>\n\t\t\t\t<div class=\"elementor-column elementor-col-33 elementor-top-column elementor-element elementor-element-8603fb4\" data-id=\"8603fb4\" data-element_type=\"column\" data-e-type=\"column\">\n\t\t\t<div class=\"elementor-widget-wrap elementor-element-populated\">\n\t\t\t\t\t\t<div data-ha-element-link=\"{&quot;url&quot;:&quot;https:\\\/\\\/web.infn.it\\\/openscience\\\/depositare-in-oar\\\/&quot;,&quot;is_external&quot;:&quot;&quot;,&quot;nofollow&quot;:&quot;&quot;}\" style=\"cursor: pointer\" class=\"elementor-element elementor-element-411c9dd e-transform ha-css-transform-yes ha-card--top ha-card--tablet-top ha-card--mobile-top elementor-invisible elementor-widget elementor-widget-ha-card happy-addon ha-card\" data-id=\"411c9dd\" data-element_type=\"widget\" data-e-type=\"widget\" data-settings=\"{&quot;_animation&quot;:&quot;fadeInLeft&quot;,&quot;_transform_scale_effect_hover&quot;:{&quot;unit&quot;:&quot;px&quot;,&quot;size&quot;:1,&quot;sizes&quot;:[]},&quot;_transform_scale_effect_hover_tablet&quot;:{&quot;unit&quot;:&quot;px&quot;,&quot;size&quot;:&quot;&quot;,&quot;sizes&quot;:[]},&quot;_transform_scale_effect_hover_mobile&quot;:{&quot;unit&quot;:&quot;px&quot;,&quot;size&quot;:&quot;&quot;,&quot;sizes&quot;:[]}}\" data-widget_type=\"ha-card.default\">\n\t\t\t\t<div class=\"elementor-widget-container\">\n\t\t\t\t\t\n\t\t\t\t\t<figure class=\"ha-card-figure\">\n\t\t\t\t<img decoding=\"async\" width=\"750\" height=\"750\" src=\"https:\/\/web.infn.it\/openscience\/wp-content\/uploads\/2022\/11\/bg-1.png\" class=\"attachment-large size-large wp-image-1598\" alt=\"\" srcset=\"https:\/\/web.infn.it\/openscience\/wp-content\/uploads\/2022\/11\/bg-1.png 1024w, https:\/\/web.infn.it\/openscience\/wp-content\/uploads\/2022\/11\/bg-1-300x300.png 300w, https:\/\/web.infn.it\/openscience\/wp-content\/uploads\/2022\/11\/bg-1-150x150.png 150w, https:\/\/web.infn.it\/openscience\/wp-content\/uploads\/2022\/11\/bg-1-768x768.png 768w, https:\/\/web.infn.it\/openscience\/wp-content\/uploads\/2022\/11\/bg-1-700x700.png 700w, https:\/\/web.infn.it\/openscience\/wp-content\/uploads\/2022\/11\/bg-1-270x270.png 270w, https:\/\/web.infn.it\/openscience\/wp-content\/uploads\/2022\/11\/bg-1-230x230.png 230w, https:\/\/web.infn.it\/openscience\/wp-content\/uploads\/2022\/11\/bg-1-45x45.png 45w\" sizes=\"(max-width: 750px) 100vw, 750px\" \/>\t\t\t\t\t\t\t\t\t<div class=\"ha-badge ha-badge--middle-center\">DEPOSITARE NELL'ARCHIVIO ISTITUZIONALE<\/div>\n\t\t\t\t\t\t\t<\/figure>\n\t\t\n\t\t<div class=\"ha-card-body\">\n\n\t\t\t\n\t\t\t\n\t\t\t\t\t<\/div>\n\t\t\t\t\t\t<\/div>\n\t\t\t\t<\/div>\n\t\t\t\t\t<\/div>\n\t\t<\/div>\n\t\t\t\t<div class=\"elementor-column elementor-col-33 elementor-top-column elementor-element elementor-element-540fa72\" data-id=\"540fa72\" data-element_type=\"column\" data-e-type=\"column\">\n\t\t\t<div class=\"elementor-widget-wrap elementor-element-populated\">\n\t\t\t\t\t\t<div data-ha-element-link=\"{&quot;url&quot;:&quot;https:\\\/\\\/web.infn.it\\\/openscience\\\/consigli-per-la-pubblicazione\\\/&quot;,&quot;is_external&quot;:&quot;&quot;,&quot;nofollow&quot;:&quot;&quot;}\" style=\"cursor: pointer\" class=\"elementor-element elementor-element-1dd9ee1 e-transform ha-css-transform-yes ha-card--top ha-card--tablet-top ha-card--mobile-top elementor-invisible elementor-widget elementor-widget-ha-card happy-addon ha-card\" data-id=\"1dd9ee1\" data-element_type=\"widget\" data-e-type=\"widget\" data-settings=\"{&quot;_animation&quot;:&quot;fadeInRight&quot;,&quot;_transform_scale_effect_hover&quot;:{&quot;unit&quot;:&quot;px&quot;,&quot;size&quot;:1,&quot;sizes&quot;:[]},&quot;_transform_scale_effect_hover_tablet&quot;:{&quot;unit&quot;:&quot;px&quot;,&quot;size&quot;:&quot;&quot;,&quot;sizes&quot;:[]},&quot;_transform_scale_effect_hover_mobile&quot;:{&quot;unit&quot;:&quot;px&quot;,&quot;size&quot;:&quot;&quot;,&quot;sizes&quot;:[]}}\" data-widget_type=\"ha-card.default\">\n\t\t\t\t<div class=\"elementor-widget-container\">\n\t\t\t\t\t\n\t\t\t\t\t<figure class=\"ha-card-figure\">\n\t\t\t\t<img decoding=\"async\" width=\"750\" height=\"750\" src=\"https:\/\/web.infn.it\/openscience\/wp-content\/uploads\/2022\/11\/bg-2.png\" class=\"attachment-large size-large wp-image-1608\" alt=\"\" srcset=\"https:\/\/web.infn.it\/openscience\/wp-content\/uploads\/2022\/11\/bg-2.png 1024w, https:\/\/web.infn.it\/openscience\/wp-content\/uploads\/2022\/11\/bg-2-300x300.png 300w, https:\/\/web.infn.it\/openscience\/wp-content\/uploads\/2022\/11\/bg-2-150x150.png 150w, https:\/\/web.infn.it\/openscience\/wp-content\/uploads\/2022\/11\/bg-2-768x768.png 768w, https:\/\/web.infn.it\/openscience\/wp-content\/uploads\/2022\/11\/bg-2-700x700.png 700w, https:\/\/web.infn.it\/openscience\/wp-content\/uploads\/2022\/11\/bg-2-270x270.png 270w, https:\/\/web.infn.it\/openscience\/wp-content\/uploads\/2022\/11\/bg-2-230x230.png 230w, https:\/\/web.infn.it\/openscience\/wp-content\/uploads\/2022\/11\/bg-2-45x45.png 45w\" sizes=\"(max-width: 750px) 100vw, 750px\" \/>\t\t\t\t\t\t\t\t\t<div class=\"ha-badge ha-badge--middle-center\">PUBBLICARE IN ACCESSO APERTO<\/div>\n\t\t\t\t\t\t\t<\/figure>\n\t\t\n\t\t<div class=\"ha-card-body\">\n\n\t\t\t\n\t\t\t\n\t\t\t\t\t<\/div>\n\t\t\t\t\t\t<\/div>\n\t\t\t\t<\/div>\n\t\t\t\t\t<\/div>\n\t\t<\/div>\n\t\t\t\t\t<\/div>\n\t\t<\/section>\n\t\t\t\t<section class=\"elementor-section elementor-top-section elementor-element elementor-element-dd45586 elementor-section-boxed elementor-section-height-default elementor-section-height-default\" data-id=\"dd45586\" data-element_type=\"section\" data-e-type=\"section\" data-settings=\"{&quot;_ha_eqh_enable&quot;:false}\">\n\t\t\t\t\t\t<div class=\"elementor-container elementor-column-gap-default\">\n\t\t\t\t\t<div class=\"elementor-column elementor-col-100 elementor-top-column elementor-element elementor-element-847e362\" data-id=\"847e362\" data-element_type=\"column\" data-e-type=\"column\">\n\t\t\t<div class=\"elementor-widget-wrap elementor-element-populated\">\n\t\t\t\t\t\t<div class=\"elementor-element elementor-element-05de268 elementor-widget elementor-widget-tp-blockquote\" data-id=\"05de268\" data-element_type=\"widget\" data-e-type=\"widget\" data-widget_type=\"tp-blockquote.default\">\n\t\t\t\t<div class=\"elementor-widget-container\">\n\t\t\t\t\t<div class=\"pt-plus-text-block-wrapper\" ><div class=\"text_block_parallax\"><div class=\"plus_blockquote quote-style-1   none \" ><blockquote class=\"quote-text\"><span class=\"tp-bq-desc\"><p><span style=\"font-size: 10pt\"><strong>L\u2019Istituto Nazionale di Fisica Nucleare (...) concorre allo sviluppo della cultura scientifica e tecnologica secondo quanto disposto dall\u2019art. 9 della Costituzione, promuovendo, coordinando ed effettuando, come sancito nel proprio Statuto, la ricerca scientifica nel campo della fisica nucleare, subnucleare, astroparticellare e delle interazioni fondamentali, nonch\u00e9 la ricerca e lo sviluppo tecnologico pertinenti all'attivit\u00e0 in tali settori e provvedendo, altres\u00ec, alla promozione della formazione scientifica e alla diffusione della cultura nei settori istituzionali.<\/strong><\/span><\/p><\/span><\/blockquote><\/div><\/div><\/div>\t\t\t\t<\/div>\n\t\t\t\t<\/div>\n\t\t\t\t\t<\/div>\n\t\t<\/div>\n\t\t\t\t\t<\/div>\n\t\t<\/section>\n\t\t\t\t<section class=\"elementor-section elementor-top-section elementor-element elementor-element-222a67d elementor-section-boxed elementor-section-height-default elementor-section-height-default\" data-id=\"222a67d\" data-element_type=\"section\" data-e-type=\"section\" data-settings=\"{&quot;_ha_eqh_enable&quot;:false}\">\n\t\t\t\t\t\t<div class=\"elementor-container elementor-column-gap-default\">\n\t\t\t\t\t<div class=\"elementor-column elementor-col-100 elementor-top-column elementor-element elementor-element-93fdec1\" data-id=\"93fdec1\" data-element_type=\"column\" data-e-type=\"column\">\n\t\t\t<div class=\"elementor-widget-wrap elementor-element-populated\">\n\t\t\t\t\t\t<div class=\"elementor-element elementor-element-2f0c8c8 elementor-widget elementor-widget-tp-blockquote\" data-id=\"2f0c8c8\" data-element_type=\"widget\" data-e-type=\"widget\" data-widget_type=\"tp-blockquote.default\">\n\t\t\t\t<div class=\"elementor-widget-container\">\n\t\t\t\t\t<div class=\"pt-plus-text-block-wrapper\" ><div class=\"text_block_parallax\"><div class=\"plus_blockquote quote-style-1   none \" ><blockquote class=\"quote-text\"><span class=\"tp-bq-desc\"><p><span style=\"font-size: 10pt\"><strong>Nel raggiungimento della propria missione istituzionale, l\u2019INFN attribuisce particolare rilevanza alla disseminazione delle conoscenze derivate dall\u2019attivit\u00e0 di ricerca e dagli studi scientifici al fine di rafforzare la ricerca stessa, anche interdisciplinare, rendere pi\u00f9 agevole l\u2019uso di contributi scientifici, incrementare la trasparenza verso la cittadinanza ed il trasferimento della conoscenza alle imprese, garantendo, nel tempo, la conservazione della produzione scientifica.\u201d<\/strong><\/span><\/p><\/span><\/blockquote><\/div><\/div><\/div>\t\t\t\t<\/div>\n\t\t\t\t<\/div>\n\t\t\t\t\t<\/div>\n\t\t<\/div>\n\t\t\t\t\t<\/div>\n\t\t<\/section>\n\t\t\t\t<\/div>\n\t\t","protected":false},"excerpt":{"rendered":"<p>L\u2019INFN supporta la scienza aperta e intende sensibilizzare la propria comunit\u00e0 scientifica, promuovendo l\u2019adozione di politiche a sostegno della scienza aperta e la conoscenza di buone pratiche che supportino tali principi.L\u2019INFN aderisce agli assi di intervento codificati dal Piano Nazionale<\/p>\n","protected":false},"author":2,"featured_media":0,"parent":0,"menu_order":0,"comment_status":"closed","ping_status":"closed","template":"","meta":{"_eb_attr":"","footnotes":""},"class_list":["post-718","page","type-page","status-publish","hentry"],"_links":{"self":[{"href":"https:\/\/web.infn.it\/openscience\/wp-json\/wp\/v2\/pages\/718","targetHints":{"allow":["GET"]}}],"collection":[{"href":"https:\/\/web.infn.it\/openscience\/wp-json\/wp\/v2\/pages"}],"about":[{"href":"https:\/\/web.infn.it\/openscience\/wp-json\/wp\/v2\/types\/page"}],"author":[{"embeddable":true,"href":"https:\/\/web.infn.it\/openscience\/wp-json\/wp\/v2\/users\/2"}],"replies":[{"embeddable":true,"href":"https:\/\/web.infn.it\/openscience\/wp-json\/wp\/v2\/comments?post=718"}],"version-history":[{"count":232,"href":"https:\/\/web.infn.it\/openscience\/wp-json\/wp\/v2\/pages\/718\/revisions"}],"predecessor-version":[{"id":3471,"href":"https:\/\/web.infn.it\/openscience\/wp-json\/wp\/v2\/pages\/718\/revisions\/3471"}],"wp:attachment":[{"href":"https:\/\/web.infn.it\/openscience\/wp-json\/wp\/v2\/media?parent=718"}],"curies":[{"name":"wp","href":"https:\/\/api.w.org\/{rel}","templated":true}]}}