{"id":877,"date":"2022-09-07T16:14:28","date_gmt":"2022-09-07T14:14:28","guid":{"rendered":"https:\/\/web.infn.it\/openscience\/?page_id=877"},"modified":"2025-08-27T16:24:26","modified_gmt":"2025-08-27T14:24:26","slug":"depositare-in-oar","status":"publish","type":"page","link":"https:\/\/web.infn.it\/openscience\/depositare-in-oar\/","title":{"rendered":"Depositare un prodotto della ricerca in OAR"},"content":{"rendered":"\t\t<div data-elementor-type=\"wp-page\" data-elementor-id=\"877\" class=\"elementor elementor-877\" data-elementor-settings=\"{&quot;ha_cmc_init_switcher&quot;:&quot;no&quot;}\">\n\t\t\t\t\t\t<section class=\"elementor-section elementor-top-section elementor-element elementor-element-89658bc elementor-section-stretched elementor-section-boxed elementor-section-height-default elementor-section-height-default\" data-id=\"89658bc\" data-element_type=\"section\" data-e-type=\"section\" data-settings=\"{&quot;stretch_section&quot;:&quot;section-stretched&quot;,&quot;_ha_eqh_enable&quot;:false}\">\n\t\t\t\t\t\t<div class=\"elementor-container elementor-column-gap-default\">\n\t\t\t\t\t<div class=\"elementor-column elementor-col-100 elementor-top-column elementor-element elementor-element-d94a101\" data-id=\"d94a101\" data-element_type=\"column\" data-e-type=\"column\">\n\t\t\t<div class=\"elementor-widget-wrap elementor-element-populated\">\n\t\t\t\t\t\t<div class=\"elementor-element elementor-element-e6da12f elementor-widget__width-initial elementor-widget elementor-widget-text-editor\" data-id=\"e6da12f\" data-element_type=\"widget\" data-e-type=\"widget\" data-widget_type=\"text-editor.default\">\n\t\t\t\t<div class=\"elementor-widget-container\">\n\t\t\t\t\t\t\t\t\t<p id=\"record-title\" class=\"wrap-overflowing-text\"><span style=\"font-size: 12pt;\"><strong><span style=\"color: #000000;\"><a style=\"color: #000000;\" href=\"https:\/\/www.openaccessrepository.it\/records\/vba2x-szs15\" target=\"_blank\" rel=\"noopener\"><span style=\"font-family: georgia, palatino, serif;\">Guida al deposito dei prodotti della ricerca in INFN Open Access Repository,<\/span><\/a><\/span><\/strong><strong><span style=\"color: #000000;\"> doi:<a href=\"https:\/\/www.openaccessrepository.it\/doi\/10.15161\/oar.it\/2xme5-q9n53\" target=\"_blank\" rel=\"noopener\">10.15161\/oar.it\/2xme5-q9n53<\/a><\/span><\/strong><\/span><\/p>\n<p>\u00a0<\/p>\n<p>\u00a0<\/p>\t\t\t\t\t\t\t\t<\/div>\n\t\t\t\t<\/div>\n\t\t\t\t<div class=\"elementor-element elementor-element-8ead224 elementor-widget__width-initial elementor-widget elementor-widget-text-editor\" data-id=\"8ead224\" data-element_type=\"widget\" data-e-type=\"widget\" data-widget_type=\"text-editor.default\">\n\t\t\t\t<div class=\"elementor-widget-container\">\n\t\t\t\t\t\t\t\t\t<h6><span style=\"font-size: 12pt;\">In conformit\u00e0 al <a href=\"https:\/\/doi.org\/10.15161\/oar.it\/143269\" target=\"_blank\" rel=\"noopener\">Disciplinare per l\u2019accesso aperto ai prodotti della ricerca dell\u2019Istituto Nazionale di Fisica Nucleare<\/a> i ricercatori sono tenuti a depositare nell\u2019INFN Open Access Repository il full text dei propri contributi di ricerca.<br \/>Per effettuare il deposito \u00e8 obbligatorio accettare e sottoscrivere la <a href=\"https:\/\/web.infn.it\/openscience\/depositare-in-oar\/normativa\/\" target=\"_blank\" rel=\"noopener\">normativa legale<\/a>.<\/span><\/h6>\n<h6><span style=\"font-size: 10pt;\"><strong>\u00a0<\/strong><\/span><\/h6>\t\t\t\t\t\t\t\t<\/div>\n\t\t\t\t<\/div>\n\t\t\t\t\t<\/div>\n\t\t<\/div>\n\t\t\t\t\t<\/div>\n\t\t<\/section>\n\t\t\t\t<section class=\"elementor-section elementor-top-section elementor-element elementor-element-f17a2d8 elementor-section-full_width elementor-section-height-default elementor-section-height-default\" data-id=\"f17a2d8\" data-element_type=\"section\" data-e-type=\"section\" data-settings=\"{&quot;_ha_eqh_enable&quot;:false}\">\n\t\t\t\t\t\t<div class=\"elementor-container elementor-column-gap-default\">\n\t\t\t\t\t<div class=\"elementor-column elementor-col-100 elementor-top-column elementor-element elementor-element-a6ddaa5\" data-id=\"a6ddaa5\" data-element_type=\"column\" data-e-type=\"column\">\n\t\t\t<div class=\"elementor-widget-wrap elementor-element-populated\">\n\t\t\t\t\t\t<div class=\"elementor-element elementor-element-9cd99e4 elementor-widget elementor-widget-tp-blockquote\" data-id=\"9cd99e4\" data-element_type=\"widget\" data-e-type=\"widget\" data-widget_type=\"tp-blockquote.default\">\n\t\t\t\t<div class=\"elementor-widget-container\">\n\t\t\t\t\t<div class=\"pt-plus-text-block-wrapper\" ><div class=\"text_block_parallax\"><div class=\"plus_blockquote quote-style-1   none \" ><blockquote class=\"quote-text\"><span class=\"tp-bq-desc\"><p>L'Autore, salvo diversi accordi che disciplinino l\u2019attivit\u00e0 di ricerca da cui \u00e8 generato il Prodotto, effettua il deposito nell\u2019Archivio Istituzionale INFN consentendo l\u2019accesso al Prodotto della ricerca secondo una delle seguenti modalit\u00e0: <br \/>a) limitazione della consultazione pubblica ai soli metadati descrittivi (informazioni\u00a0bibliografiche);<br \/>b) consentendo l\u2019accesso gratuito o libero ai soli utenti istituzionali;<br \/>c) consentendo, immediatamente o dopo un determinato periodo di tempo (embargo), l\u2019accesso gratuito o libero al pubblico generale.<\/p><\/span><\/blockquote><\/div><\/div><\/div>\t\t\t\t<\/div>\n\t\t\t\t<\/div>\n\t\t\t\t<div class=\"elementor-element elementor-element-2fc29f5 elementor-widget elementor-widget-accordion\" data-id=\"2fc29f5\" data-element_type=\"widget\" data-e-type=\"widget\" data-widget_type=\"accordion.default\">\n\t\t\t\t<div class=\"elementor-widget-container\">\n\t\t\t\t\t\t\t<div class=\"elementor-accordion\">\n\t\t\t\t\t\t\t<div class=\"elementor-accordion-item\">\n\t\t\t\t\t<div id=\"elementor-tab-title-5001\" class=\"elementor-tab-title\" data-tab=\"1\" role=\"button\" aria-controls=\"elementor-tab-content-5001\" aria-expanded=\"false\">\n\t\t\t\t\t\t\t\t\t\t\t\t\t<span class=\"elementor-accordion-icon elementor-accordion-icon-left\" aria-hidden=\"true\">\n\t\t\t\t\t\t\t\t\t\t\t\t\t\t\t<span class=\"elementor-accordion-icon-closed\"><i class=\"fas fa-plus\"><\/i><\/span>\n\t\t\t\t\t\t\t\t<span class=\"elementor-accordion-icon-opened\"><i class=\"fas fa-minus\"><\/i><\/span>\n\t\t\t\t\t\t\t\t\t\t\t\t\t\t<\/span>\n\t\t\t\t\t\t\t\t\t\t\t\t<a class=\"elementor-accordion-title\" tabindex=\"0\">COSA<\/a>\n\t\t\t\t\t<\/div>\n\t\t\t\t\t<div id=\"elementor-tab-content-5001\" class=\"elementor-tab-content elementor-clearfix\" data-tab=\"1\" role=\"region\" aria-labelledby=\"elementor-tab-title-5001\"><div><span style=\"font-family: georgia, palatino, serif; font-size: 12pt;\">OAR supporta numerosi formati di file, per ogni upload \u00e8 possibile caricare fino a 200 allegati delle dimensioni massime di 300Gb.<\/span><\/div>\n<p><span style=\"font-family: helvetica, arial, sans-serif;\"><!-- \/wp:blockart\/heading --><\/span><\/p>\n<p><span style=\"font-family: helvetica, arial, sans-serif;\"><!-- wp:separator {\"align\":\"center\",\"backgroundColor\":\"vivid-cyan-blue\",\"className\":\"is-style-wide\"} --><\/span><\/p>\n<p><span style=\"font-family: helvetica, arial, sans-serif;\"><img fetchpriority=\"high\" decoding=\"async\" class=\"aligncenter wp-image-3069\" src=\"https:\/\/web.infn.it\/openscience\/wp-content\/uploads\/2025\/06\/oar-allegato-300x83.png\" alt=\"\" width=\"668\" height=\"185\" srcset=\"https:\/\/web.infn.it\/openscience\/wp-content\/uploads\/2025\/06\/oar-allegato-300x83.png 300w, https:\/\/web.infn.it\/openscience\/wp-content\/uploads\/2025\/06\/oar-allegato-1024x284.png 1024w, https:\/\/web.infn.it\/openscience\/wp-content\/uploads\/2025\/06\/oar-allegato-768x213.png 768w, https:\/\/web.infn.it\/openscience\/wp-content\/uploads\/2025\/06\/oar-allegato-1536x425.png 1536w, https:\/\/web.infn.it\/openscience\/wp-content\/uploads\/2025\/06\/oar-allegato.png 1986w\" sizes=\"(max-width: 668px) 100vw, 668px\" \/><\/span><\/p>\n<p>\u00a0<\/p>\n<p><span style=\"font-family: georgia, palatino, serif; font-size: 12pt;\">\u00e8 inoltre possibile inserire diverse tipologie di risorse<\/span><\/p>\n<p><span style=\"font-family: helvetica, arial, sans-serif;\"><img decoding=\"async\" class=\" wp-image-3068 aligncenter\" src=\"https:\/\/web.infn.it\/openscience\/wp-content\/uploads\/2025\/06\/oar-resource-type-171x300.png\" alt=\"\" width=\"271\" height=\"475\" srcset=\"https:\/\/web.infn.it\/openscience\/wp-content\/uploads\/2025\/06\/oar-resource-type-171x300.png 171w, https:\/\/web.infn.it\/openscience\/wp-content\/uploads\/2025\/06\/oar-resource-type-584x1024.png 584w, https:\/\/web.infn.it\/openscience\/wp-content\/uploads\/2025\/06\/oar-resource-type.png 636w\" sizes=\"(max-width: 271px) 100vw, 271px\" \/><\/span><\/p>\n<p>\u00a0<\/p>\n<p class=\"p2\"><span style=\"font-family: helvetica, arial, sans-serif;\"><span style=\"font-size: 12pt; font-family: georgia, palatino, serif;\"><strong>&#8220;Pu\u00f2 essere oggetto di deposito il Prodotto della ricerca che sia stato almeno visionato dal Coordinatore della Commissione nazionale della linea scientifica di riferimento, ovvero, nel caso di Prodotto non collegato ad alcuna linea scientifica, dal Direttore della Struttura di appartenenza dell\u2019Autore. Il Coordinatore di Commissione o il Direttore segnalano al Comitato i Prodotti non congrui con i principi e le finalit\u00e0 dell\u2019Ente.&#8221;<\/strong><\/span><span class=\"Apple-converted-space\"><span style=\"font-size: 12pt; font-family: georgia, palatino, serif;\"><strong>\u00a0<\/strong><\/span><br \/><span style=\"font-size: 12pt;\"><span style=\"font-family: georgia, palatino, serif;\">Art. 5.4 Disciplinare per l\u2019accesso aperto ai prodotti della<\/span> ricerca dell\u2019istituto Nazionale di Fisica Nucleare<\/span><\/span><\/span><\/p><\/div>\n\t\t\t\t<\/div>\n\t\t\t\t\t\t\t<div class=\"elementor-accordion-item\">\n\t\t\t\t\t<div id=\"elementor-tab-title-5002\" class=\"elementor-tab-title\" data-tab=\"2\" role=\"button\" aria-controls=\"elementor-tab-content-5002\" aria-expanded=\"false\">\n\t\t\t\t\t\t\t\t\t\t\t\t\t<span class=\"elementor-accordion-icon elementor-accordion-icon-left\" aria-hidden=\"true\">\n\t\t\t\t\t\t\t\t\t\t\t\t\t\t\t<span class=\"elementor-accordion-icon-closed\"><i class=\"fas fa-plus\"><\/i><\/span>\n\t\t\t\t\t\t\t\t<span class=\"elementor-accordion-icon-opened\"><i class=\"fas fa-minus\"><\/i><\/span>\n\t\t\t\t\t\t\t\t\t\t\t\t\t\t<\/span>\n\t\t\t\t\t\t\t\t\t\t\t\t<a class=\"elementor-accordion-title\" tabindex=\"0\">COME<\/a>\n\t\t\t\t\t<\/div>\n\t\t\t\t\t<div id=\"elementor-tab-content-5002\" class=\"elementor-tab-content elementor-clearfix\" data-tab=\"2\" role=\"region\" aria-labelledby=\"elementor-tab-title-5002\"><p class=\"has-text-align-left\" style=\"font-variant-ligatures: normal; font-variant-caps: normal; font-style: normal; font-weight: 400;\"><span style=\"font-size: 12pt; font-family: georgia, palatino, serif;\"><strong>ACCESSO<\/strong><\/span><\/p>\n<p><span style=\"font-size: 12pt; font-family: georgia, palatino, serif;\"><strong><a href=\"https:\/\/www.openaccessrepository.it\/login\/?next=%2F\" target=\"_blank\" rel=\"noopener\">Accesso single user<\/a>:<\/strong> OAR supporta, per dipendenti e associati INFN, l&#8217;autenticazione con INFN IdP e il login non federato con ORCID.<br \/>\u00c8 inoltre possibile, se non si appartiene a nessuna delle identit\u00e0 federate presenti, registrarsi tramite <a href=\"https:\/\/idpopen.garr.it\/register\" target=\"_blank\" rel=\"noopener\"><strong>Identity Provider Open<\/strong><\/a><\/span><\/p>\n<p><span style=\"font-family: georgia, palatino, serif;\">Per accedere e configurare il proprio profilo \u00e8 possibile consultare la <\/span><strong><a href=\"https:\/\/www.openaccessrepository.it\/records\/vba2x-szs15\" target=\"_blank\" rel=\"noopener\"><span style=\"font-size: 12pt;\">Guida al deposito dei prodotti della ricerca in INFN Open Access Repository<\/span><\/a><\/strong><\/p>\n<section id=\"creatibutors\" aria-label=\"Creatori e contributori\">\n<div class=\"ui grid\">\n<div class=\"row ui accordion affiliations\">\n<div class=\"sixteen wide mobile twelve wide tablet thirteen wide computer column\">\u00a0<\/div>\n<\/div>\n<\/div>\n<\/section>\n<p style=\"font-variant-ligatures: normal; font-variant-caps: normal; font-style: normal; font-weight: 400;\">\u00a0<\/p>\n<p style=\"font-variant-ligatures: normal; font-variant-caps: normal; font-style: normal; font-weight: 400;\"><span style=\"font-size: 12pt; font-family: georgia, palatino, serif;\"><strong>DEPOSITO\/PUBBLICAZIONE<\/strong><\/span><\/p>\n<p style=\"font-variant-ligatures: normal; font-variant-caps: normal; font-style: normal; font-weight: 400;\"><span style=\"font-size: 12pt; font-family: georgia, palatino, serif;\">Possono depositare i propri prodotti della ricerca:<\/span><\/p>\n<ul style=\"font-variant-ligatures: normal; font-variant-caps: normal; font-family: Roboto, sans-serif; font-size: 16px; font-style: normal; font-weight: 400;\">\n<li style=\"font-size: 16px;\"><span style=\"font-size: 12pt; font-family: georgia, palatino, serif;\">ricercatori<\/span><\/li>\n<li style=\"font-size: 16px;\"><span style=\"font-size: 12pt; font-family: georgia, palatino, serif;\">tecnologi<\/span><\/li>\n<li style=\"font-size: 16px;\"><span style=\"font-size: 12pt; font-family: georgia, palatino, serif;\">assegnisti di ricerca<\/span><\/li>\n<li style=\"font-size: 16px;\"><span style=\"font-size: 12pt; font-family: georgia, palatino, serif;\">personale tecnico-amministrativo<\/span><\/li>\n<li style=\"font-size: 16px;\"><span style=\"font-size: 12pt; font-family: georgia, palatino, serif;\">personale INFN<\/span><\/li>\n<li style=\"font-size: 16px;\"><span style=\"font-size: 12pt; font-family: georgia, palatino, serif;\">autori che partecipano a progetti INFN<\/span><\/li>\n<\/ul>\n<p style=\"font-variant-ligatures: normal; font-variant-caps: normal; font-style: normal; font-weight: 400;\"><span style=\"font-size: 12pt; font-family: georgia, palatino, serif;\">Si pu\u00f2 depositare un prodotto nell\u2019archivio, con una verifica generale della congruit\u00e0. La pubblicazione pu\u00f2 essere soggetta a una review di congruit\u00e0 e pertinenza in base alla\u00a0<strong>Community<\/strong>\u00a0di afferenza del prodotto.<\/span><\/p>\n<p style=\"font-variant-ligatures: normal; font-variant-caps: normal; font-style: normal; font-weight: 400;\">\u00a0<\/p>\n<p style=\"font-variant-ligatures: normal; font-variant-caps: normal; font-style: normal; font-weight: 400;\"><span style=\"font-size: 12pt; font-family: georgia, palatino, serif;\"><strong>METADATI:<\/strong><\/span><\/p>\n<p style=\"font-variant-ligatures: normal; font-variant-caps: normal; font-style: normal; font-weight: 400;\"><span style=\"font-size: 12pt; font-family: georgia, palatino, serif;\">Nel momento in cui si carica un prodotto in OAR viene richiesta la compilazione dei metadati associati al record. I metadati possono essere obbligatori o opzionali.<\/span><\/p>\n<p style=\"font-variant-ligatures: normal; font-variant-caps: normal; font-style: normal; font-weight: 400;\"><span style=\"font-size: 12pt; font-family: georgia, palatino, serif;\"><strong>Keywords and Subjects: <\/strong>si possono definire specifiche keywords o soggetti (legato a uno specifico vocabolario)<\/span><\/p>\n<p style=\"font-variant-ligatures: normal; font-variant-caps: normal; font-style: normal; font-weight: 400;\"><span style=\"font-size: 12pt; font-family: georgia, palatino, serif;\"><strong>Licenze: <\/strong>\u00c8 possibile scegliere tra diverse licenze: Creative Commons, licenze specifiche per software (Apache, GNU, ecc), ecc.<\/span><\/p>\n<p style=\"font-variant-ligatures: normal; font-variant-caps: normal; font-style: normal; font-weight: 400;\"><span style=\"font-size: 12pt; font-family: georgia, palatino, serif;\"><strong>Funders: <\/strong>\u00c8 possibile associare ad un prodotto un Grant (attualmente sono selezionabili i progetti EU, H2020) si possono includere progetti e iniziative specifiche<\/span><\/p>\n<p style=\"font-variant-ligatures: normal; font-variant-caps: normal; font-style: normal; font-weight: 400;\"><span style=\"font-size: 12pt; font-family: georgia, palatino, serif;\"><strong>Related works: <\/strong>\u00e8 possibile collegare tra loro diversi prodotti, indicando identificatore e tipologia del record e il tipo di relazione<\/span><\/p>\n<p style=\"font-variant-ligatures: normal; font-variant-caps: normal; font-style: normal; font-weight: 400;\">\u00a0<\/p>\n<p><span style=\"font-size: 12pt; font-family: georgia, palatino, serif;\">Si riportano di seguito delle brevi guide, a cura di Roberto Barbera, per l&#8217;utilizzo di INFN Open Access Repository da parte degli utenti (aggiornate da <a href=\"https:\/\/www.openaccessrepository.it\/records\/vba2x-szs15\" target=\"_blank\" rel=\"noopener\"><span style=\"font-size: 12pt;\">Guida al deposito dei prodotti della ricerca in INFN Open Access Repository)<\/span><\/a>:<\/span><\/p>\n<ul>\n<li><span style=\"font-family: georgia, palatino, serif;\"><a id=\"wp-block-file--media-4e912398-ab47-40b5-90a3-597885d5b5e4\" href=\"https:\/\/web.infn.it\/openscience\/wp-content\/uploads\/2022\/09\/INFN-OAR-guida-rapida.pdf\" target=\"_blank\" rel=\"noreferrer noopener\">INFN OAR guida rapida<\/a><a class=\"wp-block-file__button\" href=\"https:\/\/web.infn.it\/openscience\/wp-content\/uploads\/2022\/09\/INFN-OAR-guida-rapida.pdf\" download=\"\" aria-describedby=\"wp-block-file--media-4e912398-ab47-40b5-90a3-597885d5b5e4\">Download<\/a><\/span><\/li>\n<li><span style=\"font-family: georgia, palatino, serif;\"><a id=\"wp-block-file--media-ba216a1b-7510-4252-9efb-c0dced1d9f3e\" href=\"https:\/\/web.infn.it\/openscience\/wp-content\/uploads\/2022\/09\/INFN-OAR-quick-how-to-v2.pdf\" target=\"_blank\" rel=\"noreferrer noopener\">INFN-OAR-quick-how-to-v2<\/a><a class=\"wp-block-file__button\" href=\"https:\/\/web.infn.it\/openscience\/wp-content\/uploads\/2022\/09\/INFN-OAR-quick-how-to-v2.pdf\" download=\"\" aria-describedby=\"wp-block-file--media-ba216a1b-7510-4252-9efb-c0dced1d9f3e\">Download<\/a><\/span><\/li>\n<li><span style=\"font-family: georgia, palatino, serif;\"><a id=\"wp-block-file--media-57bc1655-3fda-4062-a975-30b739aec9ca\" href=\"https:\/\/web.infn.it\/openscience\/wp-content\/uploads\/2022\/09\/INFN-OAR-and-GitHub-v1.pdf\" target=\"_blank\" rel=\"noreferrer noopener\">INFN-OAR-and-GitHub-v1<\/a><a class=\"wp-block-file__button\" href=\"https:\/\/web.infn.it\/openscience\/wp-content\/uploads\/2022\/09\/INFN-OAR-and-GitHub-v1.pdf\" download=\"\" aria-describedby=\"wp-block-file--media-57bc1655-3fda-4062-a975-30b739aec9ca\">Download<\/a><\/span><\/li>\n<\/ul>\n<p><!-- \/wp:paragraph --><\/p>\n<p><!-- wp:file {\"id\":1041,\"href\":\"https:\/\/web.infn.it\/openscience\/wp-content\/uploads\/2022\/09\/INFN-OAR-guida-rapida.pdf\",\"displayPreview\":true} --><\/p><\/div>\n\t\t\t\t<\/div>\n\t\t\t\t\t\t\t<div class=\"elementor-accordion-item\">\n\t\t\t\t\t<div id=\"elementor-tab-title-5003\" class=\"elementor-tab-title\" data-tab=\"3\" role=\"button\" aria-controls=\"elementor-tab-content-5003\" aria-expanded=\"false\">\n\t\t\t\t\t\t\t\t\t\t\t\t\t<span class=\"elementor-accordion-icon elementor-accordion-icon-left\" aria-hidden=\"true\">\n\t\t\t\t\t\t\t\t\t\t\t\t\t\t\t<span class=\"elementor-accordion-icon-closed\"><i class=\"fas fa-plus\"><\/i><\/span>\n\t\t\t\t\t\t\t\t<span class=\"elementor-accordion-icon-opened\"><i class=\"fas fa-minus\"><\/i><\/span>\n\t\t\t\t\t\t\t\t\t\t\t\t\t\t<\/span>\n\t\t\t\t\t\t\t\t\t\t\t\t<a class=\"elementor-accordion-title\" tabindex=\"0\">QUANDO<\/a>\n\t\t\t\t\t<\/div>\n\t\t\t\t\t<div id=\"elementor-tab-content-5003\" class=\"elementor-tab-content elementor-clearfix\" data-tab=\"3\" role=\"region\" aria-labelledby=\"elementor-tab-title-5003\"><p><span style=\"font-family: georgia, palatino, serif; font-size: 12pt; color: #808080;\"><span style=\"font-variant-ligatures: normal; font-variant-caps: normal; line-height: 24px; font-style: normal; font-weight: 400;\">Per approfondimenti consultare la sezione <span style=\"color: #739dd9;\"><a style=\"color: #739dd9;\" href=\"https:\/\/web.infn.it\/openscience\/politiche-di-copyright\/\" target=\"_blank\" rel=\"noopener\">Diritti di accesso e licenze<\/a>.<\/span><br \/><br \/>Per verificare i periodi di embargo delle diverse versioni editoriali, \u00e8 possibile verificare le policy dei principali editori e riviste su\u00a0<span style=\"color: #739dd9;\"><a style=\"font-variant-ligatures: normal; font-variant-caps: normal; font-style: normal; font-weight: 400; color: #739dd9;\" href=\"https:\/\/v2.sherpa.ac.uk\/romeo\/\" target=\"_blank\" rel=\"noreferrer noopener\" data-type=\"URL\" data-id=\"https:\/\/v2.sherpa.ac.uk\/romeo\/\">SHERPA RoMEO<\/a> <\/span>e sul <span style=\"color: #739dd9;\"><a style=\"color: #739dd9;\" href=\"https:\/\/www.oa.unito.it\/editori\/web\/index.php?r=editori\/index\" target=\"_blank\" rel=\"noopener\">Database dell\u2019Universit\u00e0 di Torino<\/a><\/span> curato da Elena Giglia.<\/span><\/span><\/p><\/div>\n\t\t\t\t<\/div>\n\t\t\t\t\t\t\t\t<\/div>\n\t\t\t\t\t\t<\/div>\n\t\t\t\t<\/div>\n\t\t\t\t\t<\/div>\n\t\t<\/div>\n\t\t\t\t\t<\/div>\n\t\t<\/section>\n\t\t\t\t<section class=\"elementor-section elementor-top-section elementor-element elementor-element-6a537169 elementor-section-boxed elementor-section-height-default elementor-section-height-default\" data-id=\"6a537169\" data-element_type=\"section\" data-e-type=\"section\" data-settings=\"{&quot;_ha_eqh_enable&quot;:false}\">\n\t\t\t\t\t\t<div class=\"elementor-container elementor-column-gap-default\">\n\t\t\t\t\t<div class=\"elementor-column elementor-col-100 elementor-top-column elementor-element elementor-element-4e4166e5\" data-id=\"4e4166e5\" data-element_type=\"column\" data-e-type=\"column\">\n\t\t\t<div class=\"elementor-widget-wrap elementor-element-populated\">\n\t\t\t\t\t\t<div class=\"elementor-element elementor-element-71454e73 elementor-widget elementor-widget-text-editor\" data-id=\"71454e73\" data-element_type=\"widget\" data-e-type=\"widget\" data-widget_type=\"text-editor.default\">\n\t\t\t\t<div class=\"elementor-widget-container\">\n\t\t\t\t\t\t\t\t\t<p><!-- wp:paragraph --><\/p>\n<p><!-- \/wp:blockart\/spacing --><\/p>\n<p><!-- wp:separator {\"backgroundColor\":\"vivid-cyan-blue\",\"className\":\"is-style-wide\"} --><\/p>\n<hr \/>\n<p><!-- \/wp:separator --><\/p>\n<p><!-- wp:blockart\/heading {\"clientId\":\"b77048a6\",\"text\":\"\\u003ca href=\\u0022#cosa\\u0022 data-type=\\u0022internal\\u0022 data-id=\\u0022#cosa\\u0022\\u003eCOSA\\u003c\/a\\u003e\",\"alignment\":{\"desktop\":\"center\"},\"typography\":{\"typography\":1,\"weight\":600},\"cssID\":\"cosa\"} --><\/p>\n<p>\u00a0<\/p>\n<p><!-- \/wp:paragraph --><\/p>\t\t\t\t\t\t\t\t<\/div>\n\t\t\t\t<\/div>\n\t\t\t\t\t<\/div>\n\t\t<\/div>\n\t\t\t\t\t<\/div>\n\t\t<\/section>\n\t\t\t\t<\/div>\n\t\t","protected":false},"excerpt":{"rendered":"<p>Guida al deposito dei prodotti della ricerca in INFN Open Access Repository, doi:10.15161\/oar.it\/2xme5-q9n53 \u00a0 \u00a0 In conformit\u00e0 al Disciplinare per l\u2019accesso aperto ai prodotti della ricerca dell\u2019Istituto Nazionale di Fisica Nucleare i ricercatori sono tenuti a depositare nell\u2019INFN Open Access<\/p>\n","protected":false},"author":2,"featured_media":0,"parent":0,"menu_order":0,"comment_status":"closed","ping_status":"closed","template":"","meta":{"_eb_attr":"","footnotes":""},"class_list":["post-877","page","type-page","status-publish","hentry"],"_links":{"self":[{"href":"https:\/\/web.infn.it\/openscience\/wp-json\/wp\/v2\/pages\/877","targetHints":{"allow":["GET"]}}],"collection":[{"href":"https:\/\/web.infn.it\/openscience\/wp-json\/wp\/v2\/pages"}],"about":[{"href":"https:\/\/web.infn.it\/openscience\/wp-json\/wp\/v2\/types\/page"}],"author":[{"embeddable":true,"href":"https:\/\/web.infn.it\/openscience\/wp-json\/wp\/v2\/users\/2"}],"replies":[{"embeddable":true,"href":"https:\/\/web.infn.it\/openscience\/wp-json\/wp\/v2\/comments?post=877"}],"version-history":[{"count":211,"href":"https:\/\/web.infn.it\/openscience\/wp-json\/wp\/v2\/pages\/877\/revisions"}],"predecessor-version":[{"id":3216,"href":"https:\/\/web.infn.it\/openscience\/wp-json\/wp\/v2\/pages\/877\/revisions\/3216"}],"wp:attachment":[{"href":"https:\/\/web.infn.it\/openscience\/wp-json\/wp\/v2\/media?parent=877"}],"curies":[{"name":"wp","href":"https:\/\/api.w.org\/{rel}","templated":true}]}}