{"id":37,"date":"2020-08-24T22:27:16","date_gmt":"2020-08-24T20:27:16","guid":{"rendered":"https:\/\/web.infn.it\/path\/?page_id=37"},"modified":"2023-05-28T23:35:38","modified_gmt":"2023-05-28T21:35:38","slug":"the-p-a-t-h-project","status":"publish","type":"page","link":"https:\/\/web.infn.it\/path\/","title":{"rendered":"the P.A.T.H. project"},"content":{"rendered":"\n<h4 class=\"wp-block-heading\"><strong>Particles Accelerator Technologies for Health<\/strong><\/h4>\n\n\n\n\n\n<p>PATH e&#8217; un progetto finanziato dall&#8217;INFN per la divulgazione dell&#8217;Adroterapia e del suo rapporto con la fisica delle particelle, rivolto alla popolazione e all&#8217;ambiente medico. <\/p>\n\n\n\n<p>Con PATH vogliamo parlare di fisica e adroterapia attraverso diverse attivit\u00e0:<\/p>\n\n\n\n<ul class=\"wp-block-list\">\n<li><strong>Adro-Beer:<\/strong> incontri al pub per informali chiacchierate sull&#8217;argomento<\/li>\n\n\n\n<li><strong>Adro-Med:<\/strong> seminari di esperti rivolti ai medici per stimolare la collaborazione<\/li>\n\n\n\n<li><strong>Adro-Tour:<\/strong> una visita al centro di ricerca e trattamento del CNAO con visita all&#8217;acceleratore di particelle e incontro con gli esperti<\/li>\n\n\n\n<li><strong>Adro-Bologna:<\/strong> evento pubblico rivolto a tutta la popolazione della citt\u00e0  per discutere con esperti ed ospiti illustri<\/li>\n\n\n\n<li><strong>Adro-Contest:<\/strong> concorso a premi per il miglior video breve divulgativo sul rapporto tra fisica e adroterapia. Aperto a tutti!!!<\/li>\n<\/ul>\n\n\n\n<p>PATH e&#8217; nato pensato come esperienza inquadrata nella realt\u00e0 di Bologna, citt\u00e0 con un forte tessuto universitario e importanti strutture sanitarie. In futuro questo format potr\u00e0 essere esportato in altre citt\u00e0 italiane. <\/p>\n\n\n\n<p> <\/p>\n\n\n\n<p>  <\/p>\n\n\n\n<p>L\u2019adroterapia \u00e8 una forma avanzata ed evoluta di radioterapia, sviluppata per trattare i tumori non operabili e resistenti ai tradizionali trattamenti radioterapici.<br>L\u2019adroterapia non \u00e8 pertanto sostitutiva della radioterapia, con cui oggi \u00e8 trattato circa il 50% dei malati oncologici, ma \u00e8 necessaria nei casi in cui la radioterapia stessa si rivela inefficace.<br>Ci\u00f2 accade ad esempio con i tumori \u201cradio resistenti\u201d e nei casi in cui i tessuti tumorali sono vicini a organi vitali e delicati come ad esempio, occhi, nervi, cervello o intestino, che devono essere preservati dagli effetti collaterali della radioterapia. A differenza della radioterapia infatti, \u00e8 in grado di colpire solo le cellule tumorali preservando i tessuti sani.<\/p>\n\n\n\n<p>Fondamentale per lo sviluppo dell&#8217;adroterapia sono stati gli studi sulla fisica delle particelle fatti in tutto il mondo a partire dagli anni &#8217;50. Solo la comprensione dei fondamenti delle interazioni atomiche e sub-atomiche raggiunte negli ultimi decenni ha reso possibile l&#8217;applicazione sicura ed efficace di questa tecnica. Inoltre l&#8217;applicazione medica ha beneficiato dello sviluppo tecnologico apportato nei centri di ricerca (primo tra tutti il CERN di Ginevra).<\/p>\n\n\n\n<p> <\/p>\n\n\n\n<p>Un progetto INFN in collaborazione con CNAO, UNIBO, Fondazione Occhialini.<\/p>\n\n\n\n<div class=\"wp-block-columns is-layout-flex wp-container-core-columns-is-layout-28f84493 wp-block-columns-is-layout-flex\">\n<div class=\"wp-block-column is-layout-flow wp-block-column-is-layout-flow\" style=\"flex-basis:100%\">\n<div class=\"wp-block-group\"><div class=\"wp-block-group__inner-container is-layout-constrained wp-block-group-is-layout-constrained\">\n<div class=\"wp-block-media-text alignwide is-stacked-on-mobile\" style=\"grid-template-columns:18% auto\"><figure class=\"wp-block-media-text__media\"><img decoding=\"async\" width=\"257\" height=\"163\" src=\"https:\/\/web.infn.it\/path\/wp-content\/uploads\/2023\/05\/image-2.png\" alt=\"\" class=\"wp-image-250 size-full\"\/><\/figure><div class=\"wp-block-media-text__content\">\n<div class=\"wp-block-columns is-layout-flex wp-container-core-columns-is-layout-28f84493 wp-block-columns-is-layout-flex\">\n<div class=\"wp-block-column is-layout-flow wp-block-column-is-layout-flow\">\n<figure class=\"wp-block-image size-full\"><img decoding=\"async\" width=\"256\" height=\"124\" src=\"https:\/\/web.infn.it\/path\/wp-content\/uploads\/2023\/05\/image-3.png\" alt=\"\" class=\"wp-image-251\"\/><\/figure>\n<\/div>\n\n\n\n<div class=\"wp-block-column is-layout-flow wp-block-column-is-layout-flow\">\n<figure class=\"wp-block-image size-full\"><img fetchpriority=\"high\" decoding=\"async\" width=\"282\" height=\"179\" src=\"https:\/\/web.infn.it\/path\/wp-content\/uploads\/2023\/05\/image-4.png\" alt=\"\" class=\"wp-image-252\"\/><\/figure>\n<\/div>\n\n\n\n<div class=\"wp-block-column is-layout-flow wp-block-column-is-layout-flow\">\n<figure class=\"wp-block-image size-full is-resized\"><img loading=\"lazy\" decoding=\"async\" src=\"https:\/\/web.infn.it\/path\/wp-content\/uploads\/2023\/05\/image-5.png\" alt=\"\" class=\"wp-image-253\" width=\"230\" height=\"68\"\/><\/figure>\n<\/div>\n<\/div>\n<\/div><\/div>\n<\/div><\/div>\n<\/div>\n<\/div>\n\n\n<p><a href=\"https:\/\/www.facebook.com\/PATHadroterapiadivulgata\/\" target=\"_blank\" rel=\"noopener\"><br>\n\t\t\t\t\t\tFacebook<br>\n\t\t\t\t\t\t\t\t\t\t\t<\/a><br>\n\t\t\t\t\t<a href=\"https:\/\/twitter.com\/PDivulgata\" target=\"_blank\" rel=\"noopener\"><br>\n\t\t\t\t\t\tTwitter<br>\n\t\t\t\t\t\t\t\t\t\t\t<\/a><br>\n\t\t\t\t\t<a href=\"https:\/\/www.youtube.com\/channel\/UCiglM-IpzLt_fR5ya1zhigw\/about\" target=\"_blank\" rel=\"noopener\"><br>\n\t\t\t\t\t\tYoutube<br>\n\t\t\t\t\t\t\t\t\t\t\t<\/a><br>\n\t\t\t\t\t<a href=\"https:\/\/www.instagram.com\/path_adroterapiadivulgata\/\" target=\"_blank\" rel=\"noopener\"><br>\n\t\t\t\t\t\tInstagram<br>\n\t\t\t\t\t\t\t\t\t\t\t<\/a><\/p>","protected":false},"excerpt":{"rendered":"<p>Particles Accelerator Technologies for Health PATH e&#8217; un progetto finanziato dall&#8217;INFN per la divulgazione dell&#8217;Adroterapia e del suo rapporto con la fisica delle particelle, rivolto alla popolazione e all&#8217;ambiente medico. Con PATH vogliamo parlare di fisica e adroterapia attraverso diverse attivit\u00e0: PATH e&#8217; nato pensato come esperienza inquadrata nella realt\u00e0 di Bologna, citt\u00e0 con un forte tessuto universitario e importanti strutture sanitarie. In futuro questo format potr\u00e0 essere esportato in altre citt\u00e0 italiane. L\u2019adroterapia \u00e8 una forma avanzata ed evoluta di radioterapia, sviluppata per trattare i tumori non operabili e resistenti ai tradizionali trattamenti radioterapici.L\u2019adroterapia non \u00e8 pertanto sostitutiva della radioterapia, con cui oggi \u00e8 trattato circa il 50% dei malati oncologici, ma \u00e8 necessaria nei casi in cui la radioterapia stessa si rivela inefficace.Ci\u00f2 accade ad esempio con i tumori \u201cradio resistenti\u201d e nei casi in cui i tessuti tumorali sono vicini a organi vitali e delicati come ad esempio, occhi, nervi, cervello o intestino, che devono essere preservati dagli effetti collaterali della radioterapia. A differenza della radioterapia infatti, \u00e8 in grado di colpire solo le cellule tumorali preservando i tessuti sani. Fondamentale per lo sviluppo dell&#8217;adroterapia sono stati gli studi sulla fisica delle particelle fatti in tutto il mondo a partire dagli anni &#8217;50. Solo la comprensione dei fondamenti delle interazioni atomiche e sub-atomiche raggiunte negli ultimi decenni ha reso possibile l&#8217;applicazione sicura ed efficace di questa tecnica. Inoltre l&#8217;applicazione medica ha beneficiato dello sviluppo tecnologico apportato nei centri di ricerca (primo tra tutti il CERN di Ginevra). Un progetto INFN in collaborazione con CNAO, UNIBO, Fondazione Occhialini. Facebook Twitter Youtube Instagram<\/p>\n","protected":false},"author":2,"featured_media":0,"parent":0,"menu_order":0,"comment_status":"closed","ping_status":"closed","template":"","meta":{"footnotes":""},"class_list":["post-37","page","type-page","status-publish","hentry"],"_links":{"self":[{"href":"https:\/\/web.infn.it\/path\/wp-json\/wp\/v2\/pages\/37","targetHints":{"allow":["GET"]}}],"collection":[{"href":"https:\/\/web.infn.it\/path\/wp-json\/wp\/v2\/pages"}],"about":[{"href":"https:\/\/web.infn.it\/path\/wp-json\/wp\/v2\/types\/page"}],"author":[{"embeddable":true,"href":"https:\/\/web.infn.it\/path\/wp-json\/wp\/v2\/users\/2"}],"replies":[{"embeddable":true,"href":"https:\/\/web.infn.it\/path\/wp-json\/wp\/v2\/comments?post=37"}],"version-history":[{"count":19,"href":"https:\/\/web.infn.it\/path\/wp-json\/wp\/v2\/pages\/37\/revisions"}],"predecessor-version":[{"id":256,"href":"https:\/\/web.infn.it\/path\/wp-json\/wp\/v2\/pages\/37\/revisions\/256"}],"wp:attachment":[{"href":"https:\/\/web.infn.it\/path\/wp-json\/wp\/v2\/media?parent=37"}],"curies":[{"name":"wp","href":"https:\/\/api.w.org\/{rel}","templated":true}]}}