{"id":46,"date":"2020-08-30T11:36:01","date_gmt":"2020-08-30T09:36:01","guid":{"rendered":"https:\/\/web.infn.it\/path\/?page_id=46"},"modified":"2021-04-13T10:15:16","modified_gmt":"2021-04-13T08:15:16","slug":"adro-tour","status":"publish","type":"page","link":"https:\/\/web.infn.it\/path\/adro-tour\/","title":{"rendered":"Adro-Tour"},"content":{"rendered":"\t\t<div data-elementor-type=\"wp-page\" data-elementor-id=\"46\" class=\"elementor elementor-46\">\n\t\t\t\t\t\t<section class=\"elementor-section elementor-top-section elementor-element elementor-element-534f61f2 elementor-section-boxed elementor-section-height-default elementor-section-height-default\" data-id=\"534f61f2\" data-element_type=\"section\" data-e-type=\"section\">\n\t\t\t\t\t\t<div class=\"elementor-container elementor-column-gap-default\">\n\t\t\t\t\t<div class=\"elementor-column elementor-col-100 elementor-top-column elementor-element elementor-element-446eb13a\" data-id=\"446eb13a\" data-element_type=\"column\" data-e-type=\"column\">\n\t\t\t<div class=\"elementor-widget-wrap elementor-element-populated\">\n\t\t\t\t\t\t<div class=\"elementor-element elementor-element-71b49348 elementor-widget elementor-widget-text-editor\" data-id=\"71b49348\" data-element_type=\"widget\" data-e-type=\"widget\" data-widget_type=\"text-editor.default\">\n\t\t\t\t<div class=\"elementor-widget-container\">\n\t\t\t\t\t\t\t\t\t<p><\/p>\n<p>Una visita guidata di un giorno al CNAO (Centro Nazionale Adroterapia Oncologica) di Pavia per studenti e specializzandi di medicina di Bologna, per vedere l&#8217;acceleratore di particelle e per incontrare e confrontarsi con gli esperti  che lavorano tutti i giorni nell&#8217;Adroterapia.<\/p>\n<p><\/p>\n<p><\/p>\n<h3 class=\"wp-block-heading\">Il CNAO<\/h3>\n<p><\/p>\n<p><\/p>\n<figure class=\"wp-block-embed\">\n<div class=\"wp-block-embed__wrapper\">\nhttps:\/\/fondazionecnao.it\/\n<\/div>\n<\/figure>\n<p><\/p>\n<p><\/p>\n<p>Il Centro Nazionale di Adroterapia Oncologica \u00e8 l&#8217;<strong>unico in Italia in grado di erogare trattamenti di adroterapia mediante l\u2019impiego di protoni e ioni carbonio<\/strong>. In tutto il mondo le strutture in grado di farlo sono solo 6, una di queste \u00e8 il CNAO di Pavia, a solo mezz&#8217;ora da Milano.<br>Oltre ad occuparsi di trattamenti di Adroterapia, CNAO \u00e8 anche un&nbsp;<strong>Centro di Ricerca e Sviluppo&nbsp;<\/strong>le cui attivit\u00e0 spaziano dalla ricerca clinica alla ricerca radiobiologica, a quella traslazionale con l\u2019obiettivo di fornire un continuo miglioramento nella lotta contro il cancro.<\/p>\n<p><\/p>\n<p><\/p>\n<h3 class=\"wp-block-heading\">Dove e quando?<\/h3>\n<p><\/p>\n<p><\/p>\n<p>A causa dell&#8217;emergenza Covid19 si tratter\u00e0 di un video-tour online presso i  laboratori del CNAO guidata da uno specialista. Saranno organizzati dei &#8220;tavoli di discussione tematici&#8221; attraverso appositi video meeting con esperti medici, tecnici e fisici del CNAO. <\/p>\n<p><\/p>\n<p><\/p>\n<p>L&#8217;attivit\u00e0 il 21 Maggio 2021 indicativamente dalle 14 alle 17.&nbsp; Le iscrizioni sono ancora aperte, vi aspettiamo!<\/p>\n<p><\/p>\n<p><\/p>\n<h3 class=\"wp-block-heading\">Partecipa<\/h3>\n<p><\/p>\n<p><\/p>\n<p>Compila il <a rel=\"noreferrer noopener\" href=\"https:\/\/forms.gle\/ZAjLppSAkxFye3jT7\" target=\"_blank\">form di partecipazione<\/a>!<\/p>\n<p><\/p>\t\t\t\t\t\t\t\t<\/div>\n\t\t\t\t<\/div>\n\t\t\t\t\t<\/div>\n\t\t<\/div>\n\t\t\t\t\t<\/div>\n\t\t<\/section>\n\t\t\t\t<section class=\"elementor-section elementor-top-section elementor-element elementor-element-9684217 elementor-section-boxed elementor-section-height-default elementor-section-height-default\" data-id=\"9684217\" data-element_type=\"section\" data-e-type=\"section\">\n\t\t\t\t\t\t<div class=\"elementor-container elementor-column-gap-default\">\n\t\t\t\t\t<div class=\"elementor-column elementor-col-100 elementor-top-column elementor-element elementor-element-87d10a4\" data-id=\"87d10a4\" data-element_type=\"column\" data-e-type=\"column\">\n\t\t\t<div class=\"elementor-widget-wrap elementor-element-populated\">\n\t\t\t\t\t\t<div class=\"elementor-element elementor-element-30968e4 elementor-shape-rounded elementor-grid-0 e-grid-align-center elementor-widget elementor-widget-social-icons\" data-id=\"30968e4\" data-element_type=\"widget\" data-e-type=\"widget\" data-widget_type=\"social-icons.default\">\n\t\t\t\t<div class=\"elementor-widget-container\">\n\t\t\t\t\t\t\t<div class=\"elementor-social-icons-wrapper elementor-grid\" role=\"list\">\n\t\t\t\t\t\t\t<span class=\"elementor-grid-item\" role=\"listitem\">\n\t\t\t\t\t<a class=\"elementor-icon elementor-social-icon elementor-social-icon-facebook elementor-repeater-item-75ddcd8\" href=\"https:\/\/www.facebook.com\/PATHadroterapiadivulgata\/\" target=\"_blank\">\n\t\t\t\t\t\t<span class=\"elementor-screen-only\">Facebook<\/span>\n\t\t\t\t\t\t<i aria-hidden=\"true\" class=\"fab fa-facebook\"><\/i>\t\t\t\t\t<\/a>\n\t\t\t\t<\/span>\n\t\t\t\t\t\t\t<span class=\"elementor-grid-item\" role=\"listitem\">\n\t\t\t\t\t<a class=\"elementor-icon elementor-social-icon elementor-social-icon-twitter elementor-repeater-item-0155b88\" href=\"https:\/\/twitter.com\/PDivulgata\" target=\"_blank\">\n\t\t\t\t\t\t<span class=\"elementor-screen-only\">Twitter<\/span>\n\t\t\t\t\t\t<i aria-hidden=\"true\" class=\"fab fa-twitter\"><\/i>\t\t\t\t\t<\/a>\n\t\t\t\t<\/span>\n\t\t\t\t\t\t\t<span class=\"elementor-grid-item\" role=\"listitem\">\n\t\t\t\t\t<a class=\"elementor-icon elementor-social-icon elementor-social-icon-youtube elementor-repeater-item-9edee1d\" href=\"https:\/\/www.youtube.com\/channel\/UCiglM-IpzLt_fR5ya1zhigw\/about\" target=\"_blank\">\n\t\t\t\t\t\t<span class=\"elementor-screen-only\">Youtube<\/span>\n\t\t\t\t\t\t<i aria-hidden=\"true\" class=\"fab fa-youtube\"><\/i>\t\t\t\t\t<\/a>\n\t\t\t\t<\/span>\n\t\t\t\t\t\t\t<span class=\"elementor-grid-item\" role=\"listitem\">\n\t\t\t\t\t<a class=\"elementor-icon elementor-social-icon elementor-social-icon-instagram elementor-repeater-item-2fa15bc\" href=\"https:\/\/www.instagram.com\/path_adroterapiadivulgata\/\" target=\"_blank\">\n\t\t\t\t\t\t<span class=\"elementor-screen-only\">Instagram<\/span>\n\t\t\t\t\t\t<i aria-hidden=\"true\" class=\"fab fa-instagram\"><\/i>\t\t\t\t\t<\/a>\n\t\t\t\t<\/span>\n\t\t\t\t\t<\/div>\n\t\t\t\t\t\t<\/div>\n\t\t\t\t<\/div>\n\t\t\t\t\t<\/div>\n\t\t<\/div>\n\t\t\t\t\t<\/div>\n\t\t<\/section>\n\t\t\t\t<\/div>\n\t\t","protected":false},"excerpt":{"rendered":"<p>Una visita guidata di un giorno al CNAO (Centro Nazionale Adroterapia Oncologica) di Pavia per studenti e specializzandi di medicina di Bologna, per vedere l&#8217;acceleratore di particelle e per incontrare e confrontarsi con gli esperti che lavorano tutti i giorni nell&#8217;Adroterapia. Il CNAO Il Centro Nazionale di Adroterapia Oncologica \u00e8 l&#8217;unico in Italia in grado di erogare trattamenti di adroterapia mediante l\u2019impiego di protoni e ioni carbonio. In tutto il mondo le strutture in grado di farlo sono solo 6, una di queste \u00e8 il CNAO di Pavia, a solo mezz&#8217;ora da Milano.Oltre ad occuparsi di trattamenti di Adroterapia, CNAO \u00e8 anche un&nbsp;Centro di Ricerca e Sviluppo&nbsp;le cui attivit\u00e0 spaziano dalla ricerca clinica alla ricerca radiobiologica, a quella traslazionale con l\u2019obiettivo di fornire un continuo miglioramento nella lotta contro il cancro. Dove e quando? A causa dell&#8217;emergenza Covid19 si tratter\u00e0 di un video-tour online presso i laboratori del CNAO guidata da uno specialista. Saranno organizzati dei &#8220;tavoli di discussione tematici&#8221; attraverso appositi video meeting con esperti medici, tecnici e fisici del CNAO. L&#8217;attivit\u00e0 il 21 Maggio 2021 indicativamente dalle 14 alle 17.&nbsp; Le iscrizioni sono ancora aperte, vi aspettiamo! Partecipa Compila il form di partecipazione! Facebook Twitter Youtube Instagram<\/p>\n","protected":false},"author":2,"featured_media":0,"parent":0,"menu_order":0,"comment_status":"closed","ping_status":"closed","template":"","meta":{"footnotes":""},"class_list":["post-46","page","type-page","status-publish","hentry"],"_links":{"self":[{"href":"https:\/\/web.infn.it\/path\/wp-json\/wp\/v2\/pages\/46","targetHints":{"allow":["GET"]}}],"collection":[{"href":"https:\/\/web.infn.it\/path\/wp-json\/wp\/v2\/pages"}],"about":[{"href":"https:\/\/web.infn.it\/path\/wp-json\/wp\/v2\/types\/page"}],"author":[{"embeddable":true,"href":"https:\/\/web.infn.it\/path\/wp-json\/wp\/v2\/users\/2"}],"replies":[{"embeddable":true,"href":"https:\/\/web.infn.it\/path\/wp-json\/wp\/v2\/comments?post=46"}],"version-history":[{"count":16,"href":"https:\/\/web.infn.it\/path\/wp-json\/wp\/v2\/pages\/46\/revisions"}],"predecessor-version":[{"id":227,"href":"https:\/\/web.infn.it\/path\/wp-json\/wp\/v2\/pages\/46\/revisions\/227"}],"wp:attachment":[{"href":"https:\/\/web.infn.it\/path\/wp-json\/wp\/v2\/media?parent=46"}],"curies":[{"name":"wp","href":"https:\/\/api.w.org\/{rel}","templated":true}]}}